{"id":1158,"date":"2024-07-02T18:22:06","date_gmt":"2024-07-02T18:22:06","guid":{"rendered":"https:\/\/festivalsouslestoiles.fr\/?page_id=1158"},"modified":"2024-07-10T15:55:30","modified_gmt":"2024-07-10T15:55:30","slug":"le-programme","status":"publish","type":"page","link":"https:\/\/festivalsouslestoiles.fr\/2024\/le-programme\/","title":{"rendered":"Le Programme"},"content":{"rendered":"<p>[et_pb_section fb_built=\u00a0\u00bb1&Prime; _builder_version=\u00a0\u00bb4.25.2&Prime; _module_preset=\u00a0\u00bbdefault\u00a0\u00bb background_image=\u00a0\u00bbhttps:\/\/festivalsouslestoiles.fr\/2024\/wp-content\/uploads\/2024\/06\/fond-2.jpg\u00a0\u00bb global_module=\u00a0\u00bb1156&Prime; global_colors_info=\u00a0\u00bb{}\u00a0\u00bb][et_pb_row _builder_version=\u00a0\u00bb4.25.2&Prime; _module_preset=\u00a0\u00bbdefault\u00a0\u00bb global_colors_info=\u00a0\u00bb{}\u00a0\u00bb][et_pb_column type=\u00a0\u00bb4_4&Prime; _builder_version=\u00a0\u00bb4.25.2&Prime; _module_preset=\u00a0\u00bbdefault\u00a0\u00bb global_colors_info=\u00a0\u00bb{}\u00a0\u00bb][et_pb_text _builder_version=\u00a0\u00bb4.25.2&Prime; _module_preset=\u00a0\u00bbdefault\u00a0\u00bb header_font=\u00a0\u00bb|||on|||||\u00a0\u00bb header_text_color=\u00a0\u00bb#E02B20&Prime; global_colors_info=\u00a0\u00bb{}\u00a0\u00bb]<\/p>\n<h1>Le programme par jour<\/h1>\n<p>[\/et_pb_text][\/et_pb_column][\/et_pb_row][et_pb_row column_structure=\u00a0\u00bb1_2,1_2&Prime; _builder_version=\u00a0\u00bb4.25.2&Prime; _module_preset=\u00a0\u00bbdefault\u00a0\u00bb global_colors_info=\u00a0\u00bb{}\u00a0\u00bb][et_pb_column type=\u00a0\u00bb1_2&Prime; _builder_version=\u00a0\u00bb4.25.2&Prime; _module_preset=\u00a0\u00bbdefault\u00a0\u00bb global_colors_info=\u00a0\u00bb{}\u00a0\u00bb][et_pb_image src=\u00a0\u00bbhttps:\/\/festivalsouslestoiles.fr\/2024\/wp-content\/uploads\/2024\/07\/lundi.png\u00a0\u00bb title_text=\u00a0\u00bblundi\u00a0\u00bb show_in_lightbox=\u00a0\u00bbon\u00a0\u00bb _builder_version=\u00a0\u00bb4.25.2&Prime; _module_preset=\u00a0\u00bbdefault\u00a0\u00bb box_shadow_style=\u00a0\u00bbpreset1&Prime; global_colors_info=\u00a0\u00bb{}\u00a0\u00bb][\/et_pb_image][et_pb_image src=\u00a0\u00bbhttps:\/\/festivalsouslestoiles.fr\/2024\/wp-content\/uploads\/2024\/07\/mercredi.png\u00a0\u00bb title_text=\u00a0\u00bbmercredi\u00a0\u00bb show_in_lightbox=\u00a0\u00bbon\u00a0\u00bb _builder_version=\u00a0\u00bb4.25.2&Prime; _module_preset=\u00a0\u00bbdefault\u00a0\u00bb box_shadow_style=\u00a0\u00bbpreset1&Prime; global_colors_info=\u00a0\u00bb{}\u00a0\u00bb][\/et_pb_image][et_pb_image src=\u00a0\u00bbhttps:\/\/festivalsouslestoiles.fr\/2024\/wp-content\/uploads\/2024\/07\/vendredi.png\u00a0\u00bb title_text=\u00a0\u00bbvendredi\u00a0\u00bb show_in_lightbox=\u00a0\u00bbon\u00a0\u00bb _builder_version=\u00a0\u00bb4.25.2&Prime; _module_preset=\u00a0\u00bbdefault\u00a0\u00bb box_shadow_style=\u00a0\u00bbpreset1&Prime; global_colors_info=\u00a0\u00bb{}\u00a0\u00bb][\/et_pb_image][\/et_pb_column][et_pb_column type=\u00a0\u00bb1_2&Prime; _builder_version=\u00a0\u00bb4.25.2&Prime; _module_preset=\u00a0\u00bbdefault\u00a0\u00bb global_colors_info=\u00a0\u00bb{}\u00a0\u00bb][et_pb_image src=\u00a0\u00bbhttps:\/\/festivalsouslestoiles.fr\/2024\/wp-content\/uploads\/2024\/07\/mardi.jpg\u00a0\u00bb title_text=\u00a0\u00bbmardi\u00a0\u00bb show_in_lightbox=\u00a0\u00bbon\u00a0\u00bb _builder_version=\u00a0\u00bb4.25.2&Prime; _module_preset=\u00a0\u00bbdefault\u00a0\u00bb hover_enabled=\u00a0\u00bb0&Prime; box_shadow_style=\u00a0\u00bbpreset1&Prime; global_colors_info=\u00a0\u00bb{}\u00a0\u00bb sticky_enabled=\u00a0\u00bb0&Prime;][\/et_pb_image][et_pb_image src=\u00a0\u00bbhttps:\/\/festivalsouslestoiles.fr\/2024\/wp-content\/uploads\/2024\/07\/jeudi.png\u00a0\u00bb title_text=\u00a0\u00bbjeudi\u00a0\u00bb show_in_lightbox=\u00a0\u00bbon\u00a0\u00bb _builder_version=\u00a0\u00bb4.25.2&Prime; _module_preset=\u00a0\u00bbdefault\u00a0\u00bb box_shadow_style=\u00a0\u00bbpreset1&Prime; global_colors_info=\u00a0\u00bb{}\u00a0\u00bb][\/et_pb_image][\/et_pb_column][\/et_pb_row][\/et_pb_section][et_pb_section fb_built=\u00a0\u00bb1&Prime; _builder_version=\u00a0\u00bb4.25.2&Prime; _module_preset=\u00a0\u00bbdefault\u00a0\u00bb custom_padding=\u00a0\u00bb1px|||||\u00a0\u00bb global_colors_info=\u00a0\u00bb{}\u00a0\u00bb][et_pb_row _builder_version=\u00a0\u00bb4.25.2&Prime; _module_preset=\u00a0\u00bbdefault\u00a0\u00bb global_module=\u00a0\u00bb1130&Prime; global_colors_info=\u00a0\u00bb{}\u00a0\u00bb][et_pb_column type=\u00a0\u00bb4_4&Prime; _builder_version=\u00a0\u00bb4.25.2&Prime; _module_preset=\u00a0\u00bbdefault\u00a0\u00bb global_colors_info=\u00a0\u00bb{}\u00a0\u00bb][et_pb_text _builder_version=\u00a0\u00bb4.25.2&Prime; _module_preset=\u00a0\u00bbdefault\u00a0\u00bb global_colors_info=\u00a0\u00bb{}\u00a0\u00bb]<\/p>\n<h2>ENTR\u00c9E LIBRE ET GRATUITE<\/h2>\n<p>Le festival sous les Toiles de Najac est un espace d&rsquo;imagination, de rencontres, pour les tout petits, les ados et tous les grands. Il a lieu chaque ann\u00e9e en juillet durant cinq ou six jours.\u2028 C&rsquo;est l&rsquo;occasion de partager sous les \u00e9toiles de l&rsquo;Aveyron, des images et des sons venus des quatre coins du monde. Vous y trouverez dans le d\u00e9sordre :\u2028 des longs et courts m\u00e9trages projet\u00e9s en plein air dans une prairie le soir, et dans un petit coin de for\u00eat la journ\u00e9e,\u2028 des documentaires sonores dans la prairie&#8230;\u2028Des Cin\u00e9-concerts, mais aussi du th\u00e9\u00e2tre, des Djs, un bal de cl\u00f4ture, parfois un cin\u00e9-karaok\u00e9, et de nombreuses surprises chaque ann\u00e9e.<\/p>\n<p>[\/et_pb_text][et_pb_image src=\u00a0\u00bbhttps:\/\/festivalsouslestoiles.fr\/2024\/wp-content\/uploads\/2024\/06\/partenaires-scaled.jpg\u00a0\u00bb title_text=\u00a0\u00bbpartenaires\u00a0\u00bb _builder_version=\u00a0\u00bb4.25.2&Prime; _module_preset=\u00a0\u00bbdefault\u00a0\u00bb global_colors_info=\u00a0\u00bb{}\u00a0\u00bb][\/et_pb_image][\/et_pb_column][\/et_pb_row][\/et_pb_section]<\/p>\n","protected":false},"excerpt":{"rendered":"<p>Le programme par jourENTR\u00c9E LIBRE ET GRATUITE Le festival sous les Toiles de Najac est un espace d&rsquo;imagination, de rencontres, pour les tout petits, les ados et tous les grands. Il a lieu chaque ann\u00e9e en juillet durant cinq ou six jours.\u2028 C&rsquo;est l&rsquo;occasion de partager sous les \u00e9toiles de l&rsquo;Aveyron, des images et des [&hellip;]<\/p>\n","protected":false},"author":1,"featured_media":0,"parent":0,"menu_order":0,"comment_status":"closed","ping_status":"closed","template":"","meta":{"_et_pb_use_builder":"on","_et_pb_old_content":"","_et_gb_content_width":"","footnotes":""},"class_list":["post-1158","page","type-page","status-publish","hentry"],"yoast_head":"<!-- This site is optimized with the Yoast SEO plugin v23.4 - https:\/\/yoast.com\/wordpress\/plugins\/seo\/ -->\n<title>Le Programme - FESTIVAL SOUS LES TOILES DE NAJAC<\/title>\n<meta name=\"robots\" content=\"noindex, follow, max-snippet:-1, max-image-preview:large, max-video-preview:-1\" \/>\n<meta property=\"og:locale\" content=\"fr_FR\" \/>\n<meta property=\"og:type\" content=\"article\" \/>\n<meta property=\"og:title\" content=\"Le Programme - FESTIVAL SOUS LES TOILES DE NAJAC\" \/>\n<meta property=\"og:description\" content=\"Le programme par jourENTR\u00c9E LIBRE ET GRATUITE Le festival sous les Toiles de Najac est un espace d&#039;imagination, de rencontres, pour les tout petits, les ados et tous les grands. Il a lieu chaque ann\u00e9e en juillet durant cinq ou six jours.\u2028 C&#039;est l&#039;occasion de partager sous les \u00e9toiles de l&#039;Aveyron, des images et des [&hellip;]\" \/>\n<meta property=\"og:url\" content=\"https:\/\/festivalsouslestoiles.fr\/2024\/le-programme\/\" \/>\n<meta property=\"og:site_name\" content=\"FESTIVAL SOUS LES TOILES DE NAJAC\" \/>\n<meta property=\"article:modified_time\" content=\"2024-07-10T15:55:30+00:00\" \/>\n<meta name=\"twitter:card\" content=\"summary_large_image\" \/>\n<script type=\"application\/ld+json\" class=\"yoast-schema-graph\">{\"@context\":\"https:\/\/schema.org\",\"@graph\":[{\"@type\":\"WebPage\",\"@id\":\"https:\/\/festivalsouslestoiles.fr\/2024\/le-programme\/\",\"url\":\"https:\/\/festivalsouslestoiles.fr\/2024\/le-programme\/\",\"name\":\"Le Programme - FESTIVAL SOUS LES TOILES DE NAJAC\",\"isPartOf\":{\"@id\":\"https:\/\/festivalsouslestoiles.fr\/2024\/#website\"},\"datePublished\":\"2024-07-02T18:22:06+00:00\",\"dateModified\":\"2024-07-10T15:55:30+00:00\",\"breadcrumb\":{\"@id\":\"https:\/\/festivalsouslestoiles.fr\/2024\/le-programme\/#breadcrumb\"},\"inLanguage\":\"fr-FR\",\"potentialAction\":[{\"@type\":\"ReadAction\",\"target\":[\"https:\/\/festivalsouslestoiles.fr\/2024\/le-programme\/\"]}]},{\"@type\":\"BreadcrumbList\",\"@id\":\"https:\/\/festivalsouslestoiles.fr\/2024\/le-programme\/#breadcrumb\",\"itemListElement\":[{\"@type\":\"ListItem\",\"position\":1,\"name\":\"Accueil\",\"item\":\"https:\/\/festivalsouslestoiles.fr\/2024\/\"},{\"@type\":\"ListItem\",\"position\":2,\"name\":\"Le Programme\"}]},{\"@type\":\"WebSite\",\"@id\":\"https:\/\/festivalsouslestoiles.fr\/2024\/#website\",\"url\":\"https:\/\/festivalsouslestoiles.fr\/2024\/\",\"name\":\"FESTIVAL SOUS LES TOILES DE NAJAC\",\"description\":\"Cin\u00e9ma de plein air \/ Documentaire sonore \/ concert \/ th\u00e9\u00e2tre\u2026\",\"potentialAction\":[{\"@type\":\"SearchAction\",\"target\":{\"@type\":\"EntryPoint\",\"urlTemplate\":\"https:\/\/festivalsouslestoiles.fr\/2024\/?s={search_term_string}\"},\"query-input\":{\"@type\":\"PropertyValueSpecification\",\"valueRequired\":true,\"valueName\":\"search_term_string\"}}],\"inLanguage\":\"fr-FR\"}]}<\/script>\n<!-- \/ Yoast SEO plugin. -->","yoast_head_json":{"title":"Le Programme - FESTIVAL SOUS LES TOILES DE NAJAC","robots":{"index":"noindex","follow":"follow","max-snippet":"max-snippet:-1","max-image-preview":"max-image-preview:large","max-video-preview":"max-video-preview:-1"},"og_locale":"fr_FR","og_type":"article","og_title":"Le Programme - FESTIVAL SOUS LES TOILES DE NAJAC","og_description":"Le programme par jourENTR\u00c9E LIBRE ET GRATUITE Le festival sous les Toiles de Najac est un espace d'imagination, de rencontres, pour les tout petits, les ados et tous les grands. Il a lieu chaque ann\u00e9e en juillet durant cinq ou six jours.\u2028 C'est l'occasion de partager sous les \u00e9toiles de l'Aveyron, des images et des [&hellip;]","og_url":"https:\/\/festivalsouslestoiles.fr\/2024\/le-programme\/","og_site_name":"FESTIVAL SOUS LES TOILES DE NAJAC","article_modified_time":"2024-07-10T15:55:30+00:00","twitter_card":"summary_large_image","schema":{"@context":"https:\/\/schema.org","@graph":[{"@type":"WebPage","@id":"https:\/\/festivalsouslestoiles.fr\/2024\/le-programme\/","url":"https:\/\/festivalsouslestoiles.fr\/2024\/le-programme\/","name":"Le Programme - FESTIVAL SOUS LES TOILES DE NAJAC","isPartOf":{"@id":"https:\/\/festivalsouslestoiles.fr\/2024\/#website"},"datePublished":"2024-07-02T18:22:06+00:00","dateModified":"2024-07-10T15:55:30+00:00","breadcrumb":{"@id":"https:\/\/festivalsouslestoiles.fr\/2024\/le-programme\/#breadcrumb"},"inLanguage":"fr-FR","potentialAction":[{"@type":"ReadAction","target":["https:\/\/festivalsouslestoiles.fr\/2024\/le-programme\/"]}]},{"@type":"BreadcrumbList","@id":"https:\/\/festivalsouslestoiles.fr\/2024\/le-programme\/#breadcrumb","itemListElement":[{"@type":"ListItem","position":1,"name":"Accueil","item":"https:\/\/festivalsouslestoiles.fr\/2024\/"},{"@type":"ListItem","position":2,"name":"Le Programme"}]},{"@type":"WebSite","@id":"https:\/\/festivalsouslestoiles.fr\/2024\/#website","url":"https:\/\/festivalsouslestoiles.fr\/2024\/","name":"FESTIVAL SOUS LES TOILES DE NAJAC","description":"Cin\u00e9ma de plein air \/ Documentaire sonore \/ concert \/ th\u00e9\u00e2tre\u2026","potentialAction":[{"@type":"SearchAction","target":{"@type":"EntryPoint","urlTemplate":"https:\/\/festivalsouslestoiles.fr\/2024\/?s={search_term_string}"},"query-input":{"@type":"PropertyValueSpecification","valueRequired":true,"valueName":"search_term_string"}}],"inLanguage":"fr-FR"}]}},"_links":{"self":[{"href":"https:\/\/festivalsouslestoiles.fr\/2024\/wp-json\/wp\/v2\/pages\/1158","targetHints":{"allow":["GET"]}}],"collection":[{"href":"https:\/\/festivalsouslestoiles.fr\/2024\/wp-json\/wp\/v2\/pages"}],"about":[{"href":"https:\/\/festivalsouslestoiles.fr\/2024\/wp-json\/wp\/v2\/types\/page"}],"author":[{"embeddable":true,"href":"https:\/\/festivalsouslestoiles.fr\/2024\/wp-json\/wp\/v2\/users\/1"}],"replies":[{"embeddable":true,"href":"https:\/\/festivalsouslestoiles.fr\/2024\/wp-json\/wp\/v2\/comments?post=1158"}],"version-history":[{"count":4,"href":"https:\/\/festivalsouslestoiles.fr\/2024\/wp-json\/wp\/v2\/pages\/1158\/revisions"}],"predecessor-version":[{"id":1294,"href":"https:\/\/festivalsouslestoiles.fr\/2024\/wp-json\/wp\/v2\/pages\/1158\/revisions\/1294"}],"wp:attachment":[{"href":"https:\/\/festivalsouslestoiles.fr\/2024\/wp-json\/wp\/v2\/media?parent=1158"}],"curies":[{"name":"wp","href":"https:\/\/api.w.org\/{rel}","templated":true}]}}