{"id":1203,"date":"2024-07-08T15:39:01","date_gmt":"2024-07-08T15:39:01","guid":{"rendered":"https:\/\/festivalsouslestoiles.fr\/?page_id=1203"},"modified":"2024-07-10T15:58:41","modified_gmt":"2024-07-10T15:58:41","slug":"mardi-2","status":"publish","type":"page","link":"https:\/\/festivalsouslestoiles.fr\/2024\/mardi-2\/","title":{"rendered":"Mardi"},"content":{"rendered":"<p>[et_pb_section fb_built=\u00a0\u00bb1&Prime; _builder_version=\u00a0\u00bb4.25.2&Prime; _module_preset=\u00a0\u00bbdefault\u00a0\u00bb global_colors_info=\u00a0\u00bb{}\u00a0\u00bb][et_pb_row _builder_version=\u00a0\u00bb4.25.2&Prime; _module_preset=\u00a0\u00bbdefault\u00a0\u00bb global_colors_info=\u00a0\u00bb{}\u00a0\u00bb][et_pb_column type=\u00a0\u00bb4_4&Prime; _builder_version=\u00a0\u00bb4.25.2&Prime; _module_preset=\u00a0\u00bbdefault\u00a0\u00bb global_colors_info=\u00a0\u00bb{}\u00a0\u00bb][et_pb_text _builder_version=\u00a0\u00bb4.25.2&Prime; _module_preset=\u00a0\u00bbdefault\u00a0\u00bb global_colors_info=\u00a0\u00bb{}\u00a0\u00bb]<\/p>\n<h1>Mardi<\/h1>\n<p>[\/et_pb_text][\/et_pb_column][\/et_pb_row][et_pb_row column_structure=\u00a0\u00bb1_2,1_2&Prime; _builder_version=\u00a0\u00bb4.25.2&Prime; _module_preset=\u00a0\u00bbdefault\u00a0\u00bb global_colors_info=\u00a0\u00bb{}\u00a0\u00bb][et_pb_column type=\u00a0\u00bb1_2&Prime; _builder_version=\u00a0\u00bb4.25.2&Prime; _module_preset=\u00a0\u00bbdefault\u00a0\u00bb global_colors_info=\u00a0\u00bb{}\u00a0\u00bb][et_pb_image src=\u00a0\u00bbhttps:\/\/festivalsouslestoiles.fr\/2024\/wp-content\/uploads\/2024\/07\/screenshot-n4t-3.jpg\u00a0\u00bb title_text=\u00a0\u00bbScreenshot\u00a0\u00bb url=\u00a0\u00bb#1&Prime; _builder_version=\u00a0\u00bb4.25.2&Prime; _module_preset=\u00a0\u00bbdefault\u00a0\u00bb box_shadow_style=\u00a0\u00bbpreset1&Prime; global_colors_info=\u00a0\u00bb{}\u00a0\u00bb][\/et_pb_image][\/et_pb_column][et_pb_column type=\u00a0\u00bb1_2&Prime; _builder_version=\u00a0\u00bb4.25.2&Prime; _module_preset=\u00a0\u00bbdefault\u00a0\u00bb global_colors_info=\u00a0\u00bb{}\u00a0\u00bb][et_pb_image src=\u00a0\u00bbhttps:\/\/festivalsouslestoiles.fr\/2024\/wp-content\/uploads\/2024\/07\/screenshot-n4t-4.jpg\u00a0\u00bb title_text=\u00a0\u00bbScreenshot\u00a0\u00bb url=\u00a0\u00bb#2&Prime; _builder_version=\u00a0\u00bb4.25.2&Prime; _module_preset=\u00a0\u00bbdefault\u00a0\u00bb box_shadow_style=\u00a0\u00bbpreset1&Prime; global_colors_info=\u00a0\u00bb{}\u00a0\u00bb][\/et_pb_image][\/et_pb_column][\/et_pb_row][et_pb_row _builder_version=\u00a0\u00bb4.25.2&Prime; _module_preset=\u00a0\u00bbdefault\u00a0\u00bb global_colors_info=\u00a0\u00bb{}\u00a0\u00bb][et_pb_column type=\u00a0\u00bb4_4&Prime; _builder_version=\u00a0\u00bb4.25.2&Prime; _module_preset=\u00a0\u00bbdefault\u00a0\u00bb global_colors_info=\u00a0\u00bb{}\u00a0\u00bb][et_pb_image src=\u00a0\u00bbhttps:\/\/festivalsouslestoiles.fr\/2024\/wp-content\/uploads\/2024\/07\/screenshot-n4t-5.jpg\u00a0\u00bb title_text=\u00a0\u00bbScreenshot\u00a0\u00bb url=\u00a0\u00bb#3&Prime; align=\u00a0\u00bbcenter\u00a0\u00bb _builder_version=\u00a0\u00bb4.25.2&Prime; _module_preset=\u00a0\u00bbdefault\u00a0\u00bb width=\u00a0\u00bb47%\u00a0\u00bb box_shadow_style=\u00a0\u00bbpreset1&Prime; global_colors_info=\u00a0\u00bb{}\u00a0\u00bb][\/et_pb_image][\/et_pb_column][\/et_pb_row][et_pb_row module_id=\u00a0\u00bb1&Prime; _builder_version=\u00a0\u00bb4.25.2&Prime; _module_preset=\u00a0\u00bbdefault\u00a0\u00bb global_colors_info=\u00a0\u00bb{}\u00a0\u00bb][et_pb_column type=\u00a0\u00bb4_4&Prime; _builder_version=\u00a0\u00bb4.25.2&Prime; _module_preset=\u00a0\u00bbdefault\u00a0\u00bb global_colors_info=\u00a0\u00bb{}\u00a0\u00bb][et_pb_text _builder_version=\u00a0\u00bb4.25.2&Prime; _module_preset=\u00a0\u00bbdefault\u00a0\u00bb global_colors_info=\u00a0\u00bb{}\u00a0\u00bb]<strong>De r\u00eaves et de parpaings d\u2019Anne-Sophie Birot et La\u00ebtitia Douanne<br \/>\n<\/strong><br \/>\n<strong>Bio :<\/strong> Ce documentaire est co-r\u00e9alis\u00e9 par deux r\u00e9alisatrices, La\u00ebtitia Douanne et Anne-Sophie Birot, cette derni\u00e8re \u00e9tant dipl\u00f4m\u00e9e du d\u00e9partement sc\u00e9nario de la F\u00e9mis. Elles filment les EnChanti\u00e8res, une association de femmes qui partagent les savoirs du b\u00e2timent. Elles d\u00e9cident de se lancer dans la construction de leur propre atelier \u00e0 Montreuil, en Seine Saint-Denis.<\/p>\n<div id=\"blogvision\"><iframe src=\"https:\/\/player.allocine.fr\/20600616.html\" style=\"width: 100%; height: 540px;\">    <\/iframe><\/div>\n<p>Ce chantier participatif est ouvert \u00e0 toutes, d\u00e9butantes ou non, de toutes \u00e2ges. Pendant deux ann\u00e9es, c\u2019est plus de 200 femmes qui vont se succ\u00e9der sur le chantier. Les r\u00e9alisatrices proposent un film en immersion, elles m\u00eames ayant d\u00e9j\u00e0 exp\u00e9riment\u00e9 le bricolage et la menuiserie, elles participent au processus de construction. Elles souhaitent mettre en images le combat de femmes qui se mettent en mouvement et cr\u00e9ent les conditions de leur propre transformation. Le projet est colossal, mais \u00e0 force de d\u00e9termination et de travail, elles rel\u00e8vent tous les d\u00e9fis.<\/p><\/div>\n<p>[\/et_pb_text][\/et_pb_column][\/et_pb_row][et_pb_row _builder_version=\u00a0\u00bb4.25.2&Prime; _module_preset=\u00a0\u00bbdefault\u00a0\u00bb][et_pb_column _builder_version=\u00a0\u00bb4.25.2&Prime; _module_preset=\u00a0\u00bbdefault\u00a0\u00bb type=\u00a0\u00bb4_4&Prime;][et_pb_text _builder_version=\u00a0\u00bb4.25.2&Prime; _module_preset=\u00a0\u00bbdefault\u00a0\u00bb text_font=\u00a0\u00bb|800||on|||||\u00a0\u00bb text_text_color=\u00a0\u00bb#E02B20&Prime; text_orientation=\u00a0\u00bbcenter\u00a0\u00bb text_font_size=\u00a0\u00bb33px\u00a0\u00bb hover_enabled=\u00a0\u00bb0&Prime; sticky_enabled=\u00a0\u00bb0&Prime;]<\/p>\n<p>ANNULATION DES PROJECTIONS DU SOIR &#8211; INTEMP\u00e9ries<\/p>\n<p>[\/et_pb_text][\/et_pb_column][\/et_pb_row][et_pb_row module_id=\u00a0\u00bb2&Prime; _builder_version=\u00a0\u00bb4.25.2&Prime; _module_preset=\u00a0\u00bbdefault\u00a0\u00bb global_colors_info=\u00a0\u00bb{}\u00a0\u00bb][et_pb_column type=\u00a0\u00bb4_4&Prime; _builder_version=\u00a0\u00bb4.25.2&Prime; _module_preset=\u00a0\u00bbdefault\u00a0\u00bb global_colors_info=\u00a0\u00bb{}\u00a0\u00bb][et_pb_text _builder_version=\u00a0\u00bb4.25.2&Prime; _module_preset=\u00a0\u00bbdefault\u00a0\u00bb global_colors_info=\u00a0\u00bb{}\u00a0\u00bb]<\/p>\n<p><strong>Atlantique de Mati Diop<\/strong><br \/><strong>Bio<\/strong> : Mati Diop est une actrice et r\u00e9alisatrice franco-s\u00e9n\u00e9galaise, elle a grandit \u00e0 Paris et commence jeune \u00e0 participer au monde artistique. D\u2019abord au th\u00e9\u00e2tre en tant qu\u2019assistante metteuse en sc\u00e8ne et cr\u00e9atrice de supports sonores et visuels, elle \u00e9tudie ensuite \u00e0 l\u2019\u00e9cole du Fresnoy. Elle commence aussi en 2008 \u00e0 jouer au cin\u00e9ma, et gr\u00e2ce au film \u00ab 35 Rhums \u00bb de Claire Denis, elle re\u00e7oit en 2009 le prix Mk2 Jeune Talent de la meilleure actrice. Avec Atlantique, Mati Diop r\u00e9alise son premier long-m\u00e9trage autour de th\u00e9matiques telles que les migrations subsahariennes, le d\u00e9s\u0153uvrement de la jeunesse africaine et plus particuli\u00e8rement l\u2019histoire des femmes qui restent seules au S\u00e9n\u00e9gal lorsque les hommes \u00e9migrent, avec un regard politique \u00e9galement fantastique et po\u00e9tique.<\/p>\n<p><iframe loading=\"lazy\" title=\"ATLANTIQUE de Mati Diop, au cin\u00e9ma le 2 octobre\" width=\"1080\" height=\"608\" src=\"https:\/\/www.youtube.com\/embed\/uy1wHjieq3w?feature=oembed\"  allow=\"accelerometer; autoplay; clipboard-write; encrypted-media; gyroscope; picture-in-picture; web-share\" referrerpolicy=\"strict-origin-when-cross-origin\" allowfullscreen><\/iframe><\/p>\n<p>Ce film re\u00e7oit le Grand Prix du Jury au Festival de Cannes 2019. L\u2019histoire se d\u00e9roule dans une banlieue populaire, Thiaroye, pr\u00e8s de Dakar au S\u00e9n\u00e9gal. De jeunes ouvriers fatigu\u00e9s de construire sans que leur riche patron ne leur verse de salaire d\u00e9cident de partir de leur pays en embarquant sur l\u2019oc\u00e9an Atlantique. Souleiman, l\u2019un d\u2019entre eux, est amoureux d\u2019Ada, qui l\u2019aime aussi mais doit se marier avec Omar. Souleiman n\u2019arrive pas \u00e0 lui annoncer son d\u00e9part et dispara\u00eet sans rien dire. Lors du mariage d\u2019Ada, il se passe des \u00e9v\u00e8nements myst\u00e9rieux, certains disent avoir aper\u00e7u au mariage les jeunes hommes ayant pris la mer\u2026 Mais une forte temp\u00eate a balay\u00e9 la mer lors de leur d\u00e9part. Entre revenants r\u00e9clamant justice et venus faire leurs adieux, les policiers qui m\u00e8nent l\u2019enqu\u00eate et les habitants font face \u00e0 d\u2019\u00e9tranges rencontres.<\/p>\n<p>[\/et_pb_text][\/et_pb_column][\/et_pb_row][et_pb_row module_id=\u00a0\u00bb3&Prime; _builder_version=\u00a0\u00bb4.25.2&Prime; _module_preset=\u00a0\u00bbdefault\u00a0\u00bb global_colors_info=\u00a0\u00bb{}\u00a0\u00bb][et_pb_column type=\u00a0\u00bb4_4&Prime; _builder_version=\u00a0\u00bb4.25.2&Prime; _module_preset=\u00a0\u00bbdefault\u00a0\u00bb global_colors_info=\u00a0\u00bb{}\u00a0\u00bb][et_pb_text _builder_version=\u00a0\u00bb4.25.2&Prime; _module_preset=\u00a0\u00bbdefault\u00a0\u00bb global_colors_info=\u00a0\u00bb{}\u00a0\u00bb]<\/p>\n<p><strong>Goutte d\u2019Or de Cl\u00e9ment Cogitore<\/strong><br \/><strong>Bio :<\/strong> Apr\u00e8s l\u2019Ecole Sup\u00e9rieur des Arts D\u00e9coratifs de Strasbourg et l\u2019\u00e9cole du Fresnoy, Cl\u00e9ment Cogitore travaille \u00e0 la crois\u00e9e de l\u2019art contemporain et du cin\u00e9ma. Il re\u00e7oit quatre prix pour son premier long-m\u00e9trage \u00ab Ni le ciel, ni la terre \u00bb. Il se fait conna\u00eetre plus largement lorsque l\u2019Op\u00e9ra National de Paris lui confie la mise en sc\u00e8ne des Indes Galantes de Jean-Philippe Rameau qui re\u00e7oit de nombreux prix et suscite le dialogue et la r\u00e9flexion puisqu\u2019il met en sc\u00e8ne cette \u0153uvre classique avec de la danse de rue, le krump, qui n\u2019est en g\u00e9n\u00e9ral pas repr\u00e9sent\u00e9e dans ces espaces. En 2022, il pr\u00e9sente son deuxi\u00e8me long-m\u00e9trage, \u00ab Goutte d\u2019Or \u00bb, dont le titre est le nom d\u2019un quartier populaire de Paris, proche du quartier de Barb\u00e8s. Le r\u00e9alisateur est familier de ces quartiers car il y a longtemps v\u00e9cu.<\/p>\n<p><iframe loading=\"lazy\" title=\"\u201cGoutte d\u2019or\u201d, bande annonce en exclu du film de Cl\u00e9ment Cogitore avec Karim Leklou\" width=\"1080\" height=\"608\" src=\"https:\/\/www.youtube.com\/embed\/MYhr4XMnJ7c?feature=oembed\"  allow=\"accelerometer; autoplay; clipboard-write; encrypted-media; gyroscope; picture-in-picture; web-share\" referrerpolicy=\"strict-origin-when-cross-origin\" allowfullscreen><\/iframe><\/p>\n<p>Il d\u00e9cide dans ce film de se confronter \u00e0 l\u2019espace urbain auquel il est attach\u00e9 et o\u00f9 les classes populaires et moyennes sont chass\u00e9es de la ville. Il s\u2019int\u00e9resse aux marabouts tr\u00e8s pr\u00e9sents dans ces quartiers, pour la plupart des escrocs, mais en essayant de ne pas poser de jugement sur ces gens qui prennent en charge une douleur r\u00e9elle et font partie d\u2019une communaut\u00e9 pr\u00e9caris\u00e9e. Dans le film, le personnage principal, Rams\u00e8s, est un marabout manipulateur de 35 ans exer\u00e7ant dans le 18\u00e8me arrondissement de Paris. Son activit\u00e9, pour laquelle il utilise notamment beaucoup les r\u00e9seaux sociaux et internet, est perturb\u00e9e par l\u2019arriv\u00e9e dans les rues du quartier d\u2019enfants venus de Tanger, qui paraissent dangereux et insaisissables. Tout le quartier est perturb\u00e9, jusqu\u2019au jour o\u00f9 Rams\u00e8s va avoir une r\u00e9elle vision.<\/p>\n<p>[\/et_pb_text][\/et_pb_column][\/et_pb_row][\/et_pb_section]<\/p>\n","protected":false},"excerpt":{"rendered":"<p>MardiDe r\u00eaves et de parpaings d\u2019Anne-Sophie Birot et La\u00ebtitia Douanne Bio : Ce documentaire est co-r\u00e9alis\u00e9 par deux r\u00e9alisatrices, La\u00ebtitia Douanne et Anne-Sophie Birot, cette derni\u00e8re \u00e9tant dipl\u00f4m\u00e9e du d\u00e9partement sc\u00e9nario de la F\u00e9mis. Elles filment les EnChanti\u00e8res, une association de femmes qui partagent les savoirs du b\u00e2timent. Elles d\u00e9cident de se lancer dans la [&hellip;]<\/p>\n","protected":false},"author":1,"featured_media":0,"parent":0,"menu_order":0,"comment_status":"closed","ping_status":"closed","template":"","meta":{"_et_pb_use_builder":"on","_et_pb_old_content":"","_et_gb_content_width":"","footnotes":""},"class_list":["post-1203","page","type-page","status-publish","hentry"],"yoast_head":"<!-- This site is optimized with the Yoast SEO plugin v23.4 - https:\/\/yoast.com\/wordpress\/plugins\/seo\/ -->\n<title>Mardi - FESTIVAL SOUS LES TOILES DE NAJAC<\/title>\n<meta name=\"robots\" content=\"noindex, follow, max-snippet:-1, max-image-preview:large, max-video-preview:-1\" \/>\n<meta property=\"og:locale\" content=\"fr_FR\" \/>\n<meta property=\"og:type\" content=\"article\" \/>\n<meta property=\"og:title\" content=\"Mardi - FESTIVAL SOUS LES TOILES DE NAJAC\" \/>\n<meta property=\"og:description\" content=\"MardiDe r\u00eaves et de parpaings d\u2019Anne-Sophie Birot et La\u00ebtitia Douanne Bio : Ce documentaire est co-r\u00e9alis\u00e9 par deux r\u00e9alisatrices, La\u00ebtitia Douanne et Anne-Sophie Birot, cette derni\u00e8re \u00e9tant dipl\u00f4m\u00e9e du d\u00e9partement sc\u00e9nario de la F\u00e9mis. Elles filment les EnChanti\u00e8res, une association de femmes qui partagent les savoirs du b\u00e2timent. Elles d\u00e9cident de se lancer dans la [&hellip;]\" \/>\n<meta property=\"og:url\" content=\"https:\/\/festivalsouslestoiles.fr\/2024\/mardi-2\/\" \/>\n<meta property=\"og:site_name\" content=\"FESTIVAL SOUS LES TOILES DE NAJAC\" \/>\n<meta property=\"article:modified_time\" content=\"2024-07-10T15:58:41+00:00\" \/>\n<meta name=\"twitter:card\" content=\"summary_large_image\" \/>\n<script type=\"application\/ld+json\" class=\"yoast-schema-graph\">{\"@context\":\"https:\/\/schema.org\",\"@graph\":[{\"@type\":\"WebPage\",\"@id\":\"https:\/\/festivalsouslestoiles.fr\/2024\/mardi-2\/\",\"url\":\"https:\/\/festivalsouslestoiles.fr\/2024\/mardi-2\/\",\"name\":\"Mardi - FESTIVAL SOUS LES TOILES DE NAJAC\",\"isPartOf\":{\"@id\":\"https:\/\/festivalsouslestoiles.fr\/2024\/#website\"},\"datePublished\":\"2024-07-08T15:39:01+00:00\",\"dateModified\":\"2024-07-10T15:58:41+00:00\",\"breadcrumb\":{\"@id\":\"https:\/\/festivalsouslestoiles.fr\/2024\/mardi-2\/#breadcrumb\"},\"inLanguage\":\"fr-FR\",\"potentialAction\":[{\"@type\":\"ReadAction\",\"target\":[\"https:\/\/festivalsouslestoiles.fr\/2024\/mardi-2\/\"]}]},{\"@type\":\"BreadcrumbList\",\"@id\":\"https:\/\/festivalsouslestoiles.fr\/2024\/mardi-2\/#breadcrumb\",\"itemListElement\":[{\"@type\":\"ListItem\",\"position\":1,\"name\":\"Accueil\",\"item\":\"https:\/\/festivalsouslestoiles.fr\/2024\/\"},{\"@type\":\"ListItem\",\"position\":2,\"name\":\"Mardi\"}]},{\"@type\":\"WebSite\",\"@id\":\"https:\/\/festivalsouslestoiles.fr\/2024\/#website\",\"url\":\"https:\/\/festivalsouslestoiles.fr\/2024\/\",\"name\":\"FESTIVAL SOUS LES TOILES DE NAJAC\",\"description\":\"Cin\u00e9ma de plein air \/ Documentaire sonore \/ concert \/ th\u00e9\u00e2tre\u2026\",\"potentialAction\":[{\"@type\":\"SearchAction\",\"target\":{\"@type\":\"EntryPoint\",\"urlTemplate\":\"https:\/\/festivalsouslestoiles.fr\/2024\/?s={search_term_string}\"},\"query-input\":{\"@type\":\"PropertyValueSpecification\",\"valueRequired\":true,\"valueName\":\"search_term_string\"}}],\"inLanguage\":\"fr-FR\"}]}<\/script>\n<!-- \/ Yoast SEO plugin. -->","yoast_head_json":{"title":"Mardi - FESTIVAL SOUS LES TOILES DE NAJAC","robots":{"index":"noindex","follow":"follow","max-snippet":"max-snippet:-1","max-image-preview":"max-image-preview:large","max-video-preview":"max-video-preview:-1"},"og_locale":"fr_FR","og_type":"article","og_title":"Mardi - FESTIVAL SOUS LES TOILES DE NAJAC","og_description":"MardiDe r\u00eaves et de parpaings d\u2019Anne-Sophie Birot et La\u00ebtitia Douanne Bio : Ce documentaire est co-r\u00e9alis\u00e9 par deux r\u00e9alisatrices, La\u00ebtitia Douanne et Anne-Sophie Birot, cette derni\u00e8re \u00e9tant dipl\u00f4m\u00e9e du d\u00e9partement sc\u00e9nario de la F\u00e9mis. Elles filment les EnChanti\u00e8res, une association de femmes qui partagent les savoirs du b\u00e2timent. Elles d\u00e9cident de se lancer dans la [&hellip;]","og_url":"https:\/\/festivalsouslestoiles.fr\/2024\/mardi-2\/","og_site_name":"FESTIVAL SOUS LES TOILES DE NAJAC","article_modified_time":"2024-07-10T15:58:41+00:00","twitter_card":"summary_large_image","schema":{"@context":"https:\/\/schema.org","@graph":[{"@type":"WebPage","@id":"https:\/\/festivalsouslestoiles.fr\/2024\/mardi-2\/","url":"https:\/\/festivalsouslestoiles.fr\/2024\/mardi-2\/","name":"Mardi - FESTIVAL SOUS LES TOILES DE NAJAC","isPartOf":{"@id":"https:\/\/festivalsouslestoiles.fr\/2024\/#website"},"datePublished":"2024-07-08T15:39:01+00:00","dateModified":"2024-07-10T15:58:41+00:00","breadcrumb":{"@id":"https:\/\/festivalsouslestoiles.fr\/2024\/mardi-2\/#breadcrumb"},"inLanguage":"fr-FR","potentialAction":[{"@type":"ReadAction","target":["https:\/\/festivalsouslestoiles.fr\/2024\/mardi-2\/"]}]},{"@type":"BreadcrumbList","@id":"https:\/\/festivalsouslestoiles.fr\/2024\/mardi-2\/#breadcrumb","itemListElement":[{"@type":"ListItem","position":1,"name":"Accueil","item":"https:\/\/festivalsouslestoiles.fr\/2024\/"},{"@type":"ListItem","position":2,"name":"Mardi"}]},{"@type":"WebSite","@id":"https:\/\/festivalsouslestoiles.fr\/2024\/#website","url":"https:\/\/festivalsouslestoiles.fr\/2024\/","name":"FESTIVAL SOUS LES TOILES DE NAJAC","description":"Cin\u00e9ma de plein air \/ Documentaire sonore \/ concert \/ th\u00e9\u00e2tre\u2026","potentialAction":[{"@type":"SearchAction","target":{"@type":"EntryPoint","urlTemplate":"https:\/\/festivalsouslestoiles.fr\/2024\/?s={search_term_string}"},"query-input":{"@type":"PropertyValueSpecification","valueRequired":true,"valueName":"search_term_string"}}],"inLanguage":"fr-FR"}]}},"_links":{"self":[{"href":"https:\/\/festivalsouslestoiles.fr\/2024\/wp-json\/wp\/v2\/pages\/1203","targetHints":{"allow":["GET"]}}],"collection":[{"href":"https:\/\/festivalsouslestoiles.fr\/2024\/wp-json\/wp\/v2\/pages"}],"about":[{"href":"https:\/\/festivalsouslestoiles.fr\/2024\/wp-json\/wp\/v2\/types\/page"}],"author":[{"embeddable":true,"href":"https:\/\/festivalsouslestoiles.fr\/2024\/wp-json\/wp\/v2\/users\/1"}],"replies":[{"embeddable":true,"href":"https:\/\/festivalsouslestoiles.fr\/2024\/wp-json\/wp\/v2\/comments?post=1203"}],"version-history":[{"count":7,"href":"https:\/\/festivalsouslestoiles.fr\/2024\/wp-json\/wp\/v2\/pages\/1203\/revisions"}],"predecessor-version":[{"id":1296,"href":"https:\/\/festivalsouslestoiles.fr\/2024\/wp-json\/wp\/v2\/pages\/1203\/revisions\/1296"}],"wp:attachment":[{"href":"https:\/\/festivalsouslestoiles.fr\/2024\/wp-json\/wp\/v2\/media?parent=1203"}],"curies":[{"name":"wp","href":"https:\/\/api.w.org\/{rel}","templated":true}]}}