{"id":1221,"date":"2024-07-08T15:55:24","date_gmt":"2024-07-08T15:55:24","guid":{"rendered":"https:\/\/festivalsouslestoiles.fr\/?page_id=1221"},"modified":"2024-07-08T16:07:29","modified_gmt":"2024-07-08T16:07:29","slug":"mercredi-2","status":"publish","type":"page","link":"https:\/\/festivalsouslestoiles.fr\/2024\/mercredi-2\/","title":{"rendered":"Mercredi"},"content":{"rendered":"<p>[et_pb_section fb_built=\u00a0\u00bb1&Prime; _builder_version=\u00a0\u00bb4.25.2&Prime; _module_preset=\u00a0\u00bbdefault\u00a0\u00bb global_colors_info=\u00a0\u00bb{}\u00a0\u00bb][et_pb_row _builder_version=\u00a0\u00bb4.25.2&Prime; _module_preset=\u00a0\u00bbdefault\u00a0\u00bb global_colors_info=\u00a0\u00bb{}\u00a0\u00bb][et_pb_column type=\u00a0\u00bb4_4&Prime; _builder_version=\u00a0\u00bb4.25.2&Prime; _module_preset=\u00a0\u00bbdefault\u00a0\u00bb global_colors_info=\u00a0\u00bb{}\u00a0\u00bb][et_pb_text _builder_version=\u00a0\u00bb4.25.2&Prime; _module_preset=\u00a0\u00bbdefault\u00a0\u00bb global_colors_info=\u00a0\u00bb{}\u00a0\u00bb]<\/p>\n<h1>Mercredi<\/h1>\n<p>[\/et_pb_text][\/et_pb_column][\/et_pb_row][et_pb_row column_structure=\u00a0\u00bb1_2,1_2&Prime; _builder_version=\u00a0\u00bb4.25.2&Prime; _module_preset=\u00a0\u00bbdefault\u00a0\u00bb global_colors_info=\u00a0\u00bb{}\u00a0\u00bb][et_pb_column type=\u00a0\u00bb1_2&Prime; _builder_version=\u00a0\u00bb4.25.2&Prime; _module_preset=\u00a0\u00bbdefault\u00a0\u00bb global_colors_info=\u00a0\u00bb{}\u00a0\u00bb][et_pb_image src=\u00a0\u00bbhttps:\/\/festivalsouslestoiles.fr\/2024\/wp-content\/uploads\/2024\/07\/screenshot-n4t-6.jpg\u00a0\u00bb title_text=\u00a0\u00bbScreenshot\u00a0\u00bb url=\u00a0\u00bb#1&Prime; _builder_version=\u00a0\u00bb4.25.2&Prime; _module_preset=\u00a0\u00bbdefault\u00a0\u00bb hover_enabled=\u00a0\u00bb0&Prime; box_shadow_style=\u00a0\u00bbpreset1&Prime; global_colors_info=\u00a0\u00bb{}\u00a0\u00bb sticky_enabled=\u00a0\u00bb0&Prime;][\/et_pb_image][\/et_pb_column][et_pb_column type=\u00a0\u00bb1_2&Prime; _builder_version=\u00a0\u00bb4.25.2&Prime; _module_preset=\u00a0\u00bbdefault\u00a0\u00bb global_colors_info=\u00a0\u00bb{}\u00a0\u00bb][et_pb_image src=\u00a0\u00bbhttps:\/\/festivalsouslestoiles.fr\/2024\/wp-content\/uploads\/2024\/07\/screenshot-n4t-7.jpg\u00a0\u00bb title_text=\u00a0\u00bbScreenshot\u00a0\u00bb url=\u00a0\u00bb#2&Prime; _builder_version=\u00a0\u00bb4.25.2&Prime; _module_preset=\u00a0\u00bbdefault\u00a0\u00bb hover_enabled=\u00a0\u00bb0&Prime; box_shadow_style=\u00a0\u00bbpreset1&Prime; global_colors_info=\u00a0\u00bb{}\u00a0\u00bb sticky_enabled=\u00a0\u00bb0&Prime;][\/et_pb_image][\/et_pb_column][\/et_pb_row][et_pb_row module_id=\u00a0\u00bb1&Prime; _builder_version=\u00a0\u00bb4.25.2&Prime; _module_preset=\u00a0\u00bbdefault\u00a0\u00bb global_colors_info=\u00a0\u00bb{}\u00a0\u00bb][et_pb_column type=\u00a0\u00bb4_4&Prime; _builder_version=\u00a0\u00bb4.25.2&Prime; _module_preset=\u00a0\u00bbdefault\u00a0\u00bb global_colors_info=\u00a0\u00bb{}\u00a0\u00bb][et_pb_text _builder_version=\u00a0\u00bb4.25.2&Prime; _module_preset=\u00a0\u00bbdefault\u00a0\u00bb hover_enabled=\u00a0\u00bb0&Prime; global_colors_info=\u00a0\u00bb{}\u00a0\u00bb link_option_url=\u00a0\u00bb1&Prime; sticky_enabled=\u00a0\u00bb0&Prime;]<\/p>\n<p><strong>La Jet\u00e9e de Chris Marker<\/strong><\/p>\n<p><strong>Bio :<\/strong> Chris Marker est un artiste pluridisciplinaire parisien n\u00e9 en 1921 et mort en 2012. Il r\u00e9alise de nombreux films marquants, parmi lesquels \u00ab La jet\u00e9e \u00bb, qui est certainement son plus connu du grand public, quasi syst\u00e9matiquement \u00e9tudi\u00e9 dans les cours de cin\u00e9ma. Mais il collabore \u00e9galement avec de nombreux artistes c\u00e9l\u00e8bres tels qu\u2019Alain Resnais, Yves Montand et Akira Kurosawa\u2026 Les th\u00e8mes centraux de ses \u0153uvres sont la m\u00e9moire et la nostalgie du temps pass\u00e9, se sont d\u2019ailleurs les th\u00e8mes principaux de \u00ab La jet\u00e9e \u00bb.<\/p>\n<p><iframe loading=\"lazy\" title=\"La jet\u00e9e\" width=\"1080\" height=\"810\" src=\"https:\/\/www.youtube.com\/embed\/lfmeCrzuyxU?feature=oembed\"  allow=\"accelerometer; autoplay; clipboard-write; encrypted-media; gyroscope; picture-in-picture; web-share\" referrerpolicy=\"strict-origin-when-cross-origin\" allowfullscreen><\/iframe><\/p>\n<p>Ce film sort en 1962 et dure 28 minutes, il bouleverse les genres puisqu\u2019il s\u2019agit d\u2019un drame romantique exp\u00e9rimental de science-fiction sous la forme d\u2019un roman photo. En 1963, il remporte 2 prix : celui du Meilleur film au Trieste Science+Fiction Festival et le Prix Jean Vigo. Dans ce film, un homme est le cobaye d\u2019un groupe de scientifiques, il est forc\u00e9 d\u2019explorer ses souvenirs. Au lendemain de la d\u00e9vastation de la Troisi\u00e8me Guerre Mondiale, les humains cherchent \u00e0 voyager dans le temps pour r\u00e9cup\u00e9rer des \u00e9l\u00e9ments du pass\u00e9 qui pourraient \u00eatre utiles \u00e0 la reconstruction d\u2019apr\u00e8s guerre. Cet homme est choisi pour sa capacit\u00e9 \u00e0 avoir des souvenirs tr\u00e8s pr\u00e9cis, notamment celui d\u2019une femme sur une jet\u00e9e qui semble l\u2019obs\u00e9der<\/p>\n<p>[\/et_pb_text][\/et_pb_column][\/et_pb_row][et_pb_row module_id=\u00a0\u00bb2&Prime; _builder_version=\u00a0\u00bb4.25.2&Prime; _module_preset=\u00a0\u00bbdefault\u00a0\u00bb global_colors_info=\u00a0\u00bb{}\u00a0\u00bb][et_pb_column type=\u00a0\u00bb4_4&Prime; _builder_version=\u00a0\u00bb4.25.2&Prime; _module_preset=\u00a0\u00bbdefault\u00a0\u00bb global_colors_info=\u00a0\u00bb{}\u00a0\u00bb][et_pb_text _builder_version=\u00a0\u00bb4.25.2&Prime; _module_preset=\u00a0\u00bbdefault\u00a0\u00bb hover_enabled=\u00a0\u00bb0&Prime; global_colors_info=\u00a0\u00bb{}\u00a0\u00bb link_option_url=\u00a0\u00bb2&Prime; sticky_enabled=\u00a0\u00bb0&Prime;]<\/p>\n<p><strong>Elephant Man de David Lynch<\/strong><\/p>\n<p><strong>Bio\u00a0:<\/strong><span style=\"font-weight: 400;\"> David Lynch est un cin\u00e9aste am\u00e9ricain, actuellement \u00e2g\u00e9 de 78 ans, principalement connu pour ses films myst\u00e9rieux mettant le quotidien et l\u2019imaginaire sur le m\u00eame plan, regorgeant de surprises, d\u2019inventions et d\u2019acteurs marquants, cr\u00e9ant des climats uniques en faisant cohabiter un monde lumineux avec un univers nocturne, on peut dire qu\u2019il ma\u00eetrise le sens des contrastes superpos\u00e9s. Mais il touche \u00e9galement \u00e0 l\u2019\u00e9criture, la photo, la musique et la peinture, ce qui peut se remarquer dans ses films par leur c\u00f4t\u00e9 tr\u00e8s plastique. Il commence sa carri\u00e8re cin\u00e9matographie avec des exp\u00e9rimentations lors de ses \u00e9tudes d\u2019art-plastique, menant \u00e0 la cr\u00e9ation de son premier film \u00ab Eraserhead \u00bb en 1977. \u00ab Elephant Man \u00bb est son deuxi\u00e8me film. Mel Brooks, le producteur ex\u00e9cutif, lui propose le sc\u00e9nario, inspir\u00e9 d\u2019une histoire vraie.<\/span><\/p>\n<p><iframe loading=\"lazy\" title=\"ELEPHANT MAN - Version restaur\u00e9e 4K - Bande-Annonce officielle\" width=\"1080\" height=\"608\" src=\"https:\/\/www.youtube.com\/embed\/xgL998GyCik?feature=oembed\"  allow=\"accelerometer; autoplay; clipboard-write; encrypted-media; gyroscope; picture-in-picture; web-share\" referrerpolicy=\"strict-origin-when-cross-origin\" allowfullscreen><\/iframe><\/p>\n<p><span style=\"font-weight: 400;\">Le personnage principal, dans le film appel\u00e9 John Merrick, mais en r\u00e9alit\u00e9 se nommant Joseph Merrick, a v\u00e9cu au 19\u00e8me si\u00e8cle et \u00e9tait sujet d\u2019\u00e9tudes scientifiques \u00e0 cause de ses caract\u00e9ristiques physiques marquantes. Le film raconte son histoire. A Londres, en 1988, le chirurgien Frederick Treves d\u00e9couvre un homme d\u00e9figur\u00e9 et difforme, devenu une attraction de foire. Impression\u00e9 par son physique, le Dr Treves ach\u00e8te\u00a0 John Merrick, en pensant qu\u2019il est un idiot cong\u00e9nital. Mais il d\u00e9couvre rapidement la grande sensibilit\u00e9 de Merrick, son intelligence et ses blessures profondes.<\/span><\/p>\n<p>[\/et_pb_text][\/et_pb_column][\/et_pb_row][\/et_pb_section]<\/p>\n","protected":false},"excerpt":{"rendered":"<p>MercrediLa Jet\u00e9e de Chris Marker Bio : Chris Marker est un artiste pluridisciplinaire parisien n\u00e9 en 1921 et mort en 2012. Il r\u00e9alise de nombreux films marquants, parmi lesquels \u00ab La jet\u00e9e \u00bb, qui est certainement son plus connu du grand public, quasi syst\u00e9matiquement \u00e9tudi\u00e9 dans les cours de cin\u00e9ma. Mais il collabore \u00e9galement avec [&hellip;]<\/p>\n","protected":false},"author":1,"featured_media":0,"parent":0,"menu_order":0,"comment_status":"closed","ping_status":"closed","template":"","meta":{"_et_pb_use_builder":"on","_et_pb_old_content":"","_et_gb_content_width":"","footnotes":""},"class_list":["post-1221","page","type-page","status-publish","hentry"],"yoast_head":"<!-- This site is optimized with the Yoast SEO plugin v23.4 - https:\/\/yoast.com\/wordpress\/plugins\/seo\/ -->\n<title>Mercredi - FESTIVAL SOUS LES TOILES DE NAJAC<\/title>\n<meta name=\"robots\" content=\"noindex, follow, max-snippet:-1, max-image-preview:large, max-video-preview:-1\" \/>\n<meta property=\"og:locale\" content=\"fr_FR\" \/>\n<meta property=\"og:type\" content=\"article\" \/>\n<meta property=\"og:title\" content=\"Mercredi - FESTIVAL SOUS LES TOILES DE NAJAC\" \/>\n<meta property=\"og:description\" content=\"MercrediLa Jet\u00e9e de Chris Marker Bio : Chris Marker est un artiste pluridisciplinaire parisien n\u00e9 en 1921 et mort en 2012. Il r\u00e9alise de nombreux films marquants, parmi lesquels \u00ab La jet\u00e9e \u00bb, qui est certainement son plus connu du grand public, quasi syst\u00e9matiquement \u00e9tudi\u00e9 dans les cours de cin\u00e9ma. Mais il collabore \u00e9galement avec [&hellip;]\" \/>\n<meta property=\"og:url\" content=\"https:\/\/festivalsouslestoiles.fr\/2024\/mercredi-2\/\" \/>\n<meta property=\"og:site_name\" content=\"FESTIVAL SOUS LES TOILES DE NAJAC\" \/>\n<meta property=\"article:modified_time\" content=\"2024-07-08T16:07:29+00:00\" \/>\n<meta name=\"twitter:card\" content=\"summary_large_image\" \/>\n<script type=\"application\/ld+json\" class=\"yoast-schema-graph\">{\"@context\":\"https:\/\/schema.org\",\"@graph\":[{\"@type\":\"WebPage\",\"@id\":\"https:\/\/festivalsouslestoiles.fr\/2024\/mercredi-2\/\",\"url\":\"https:\/\/festivalsouslestoiles.fr\/2024\/mercredi-2\/\",\"name\":\"Mercredi - FESTIVAL SOUS LES TOILES DE NAJAC\",\"isPartOf\":{\"@id\":\"https:\/\/festivalsouslestoiles.fr\/2024\/#website\"},\"datePublished\":\"2024-07-08T15:55:24+00:00\",\"dateModified\":\"2024-07-08T16:07:29+00:00\",\"breadcrumb\":{\"@id\":\"https:\/\/festivalsouslestoiles.fr\/2024\/mercredi-2\/#breadcrumb\"},\"inLanguage\":\"fr-FR\",\"potentialAction\":[{\"@type\":\"ReadAction\",\"target\":[\"https:\/\/festivalsouslestoiles.fr\/2024\/mercredi-2\/\"]}]},{\"@type\":\"BreadcrumbList\",\"@id\":\"https:\/\/festivalsouslestoiles.fr\/2024\/mercredi-2\/#breadcrumb\",\"itemListElement\":[{\"@type\":\"ListItem\",\"position\":1,\"name\":\"Accueil\",\"item\":\"https:\/\/festivalsouslestoiles.fr\/2024\/\"},{\"@type\":\"ListItem\",\"position\":2,\"name\":\"Mercredi\"}]},{\"@type\":\"WebSite\",\"@id\":\"https:\/\/festivalsouslestoiles.fr\/2024\/#website\",\"url\":\"https:\/\/festivalsouslestoiles.fr\/2024\/\",\"name\":\"FESTIVAL SOUS LES TOILES DE NAJAC\",\"description\":\"Cin\u00e9ma de plein air \/ Documentaire sonore \/ concert \/ th\u00e9\u00e2tre\u2026\",\"potentialAction\":[{\"@type\":\"SearchAction\",\"target\":{\"@type\":\"EntryPoint\",\"urlTemplate\":\"https:\/\/festivalsouslestoiles.fr\/2024\/?s={search_term_string}\"},\"query-input\":{\"@type\":\"PropertyValueSpecification\",\"valueRequired\":true,\"valueName\":\"search_term_string\"}}],\"inLanguage\":\"fr-FR\"}]}<\/script>\n<!-- \/ Yoast SEO plugin. -->","yoast_head_json":{"title":"Mercredi - FESTIVAL SOUS LES TOILES DE NAJAC","robots":{"index":"noindex","follow":"follow","max-snippet":"max-snippet:-1","max-image-preview":"max-image-preview:large","max-video-preview":"max-video-preview:-1"},"og_locale":"fr_FR","og_type":"article","og_title":"Mercredi - FESTIVAL SOUS LES TOILES DE NAJAC","og_description":"MercrediLa Jet\u00e9e de Chris Marker Bio : Chris Marker est un artiste pluridisciplinaire parisien n\u00e9 en 1921 et mort en 2012. Il r\u00e9alise de nombreux films marquants, parmi lesquels \u00ab La jet\u00e9e \u00bb, qui est certainement son plus connu du grand public, quasi syst\u00e9matiquement \u00e9tudi\u00e9 dans les cours de cin\u00e9ma. Mais il collabore \u00e9galement avec [&hellip;]","og_url":"https:\/\/festivalsouslestoiles.fr\/2024\/mercredi-2\/","og_site_name":"FESTIVAL SOUS LES TOILES DE NAJAC","article_modified_time":"2024-07-08T16:07:29+00:00","twitter_card":"summary_large_image","schema":{"@context":"https:\/\/schema.org","@graph":[{"@type":"WebPage","@id":"https:\/\/festivalsouslestoiles.fr\/2024\/mercredi-2\/","url":"https:\/\/festivalsouslestoiles.fr\/2024\/mercredi-2\/","name":"Mercredi - FESTIVAL SOUS LES TOILES DE NAJAC","isPartOf":{"@id":"https:\/\/festivalsouslestoiles.fr\/2024\/#website"},"datePublished":"2024-07-08T15:55:24+00:00","dateModified":"2024-07-08T16:07:29+00:00","breadcrumb":{"@id":"https:\/\/festivalsouslestoiles.fr\/2024\/mercredi-2\/#breadcrumb"},"inLanguage":"fr-FR","potentialAction":[{"@type":"ReadAction","target":["https:\/\/festivalsouslestoiles.fr\/2024\/mercredi-2\/"]}]},{"@type":"BreadcrumbList","@id":"https:\/\/festivalsouslestoiles.fr\/2024\/mercredi-2\/#breadcrumb","itemListElement":[{"@type":"ListItem","position":1,"name":"Accueil","item":"https:\/\/festivalsouslestoiles.fr\/2024\/"},{"@type":"ListItem","position":2,"name":"Mercredi"}]},{"@type":"WebSite","@id":"https:\/\/festivalsouslestoiles.fr\/2024\/#website","url":"https:\/\/festivalsouslestoiles.fr\/2024\/","name":"FESTIVAL SOUS LES TOILES DE NAJAC","description":"Cin\u00e9ma de plein air \/ Documentaire sonore \/ concert \/ th\u00e9\u00e2tre\u2026","potentialAction":[{"@type":"SearchAction","target":{"@type":"EntryPoint","urlTemplate":"https:\/\/festivalsouslestoiles.fr\/2024\/?s={search_term_string}"},"query-input":{"@type":"PropertyValueSpecification","valueRequired":true,"valueName":"search_term_string"}}],"inLanguage":"fr-FR"}]}},"_links":{"self":[{"href":"https:\/\/festivalsouslestoiles.fr\/2024\/wp-json\/wp\/v2\/pages\/1221","targetHints":{"allow":["GET"]}}],"collection":[{"href":"https:\/\/festivalsouslestoiles.fr\/2024\/wp-json\/wp\/v2\/pages"}],"about":[{"href":"https:\/\/festivalsouslestoiles.fr\/2024\/wp-json\/wp\/v2\/types\/page"}],"author":[{"embeddable":true,"href":"https:\/\/festivalsouslestoiles.fr\/2024\/wp-json\/wp\/v2\/users\/1"}],"replies":[{"embeddable":true,"href":"https:\/\/festivalsouslestoiles.fr\/2024\/wp-json\/wp\/v2\/comments?post=1221"}],"version-history":[{"count":4,"href":"https:\/\/festivalsouslestoiles.fr\/2024\/wp-json\/wp\/v2\/pages\/1221\/revisions"}],"predecessor-version":[{"id":1234,"href":"https:\/\/festivalsouslestoiles.fr\/2024\/wp-json\/wp\/v2\/pages\/1221\/revisions\/1234"}],"wp:attachment":[{"href":"https:\/\/festivalsouslestoiles.fr\/2024\/wp-json\/wp\/v2\/media?parent=1221"}],"curies":[{"name":"wp","href":"https:\/\/api.w.org\/{rel}","templated":true}]}}