{"id":1239,"date":"2024-07-08T16:26:30","date_gmt":"2024-07-08T16:26:30","guid":{"rendered":"https:\/\/festivalsouslestoiles.fr\/?page_id=1239"},"modified":"2024-07-08T16:26:30","modified_gmt":"2024-07-08T16:26:30","slug":"jeudi-2","status":"publish","type":"page","link":"https:\/\/festivalsouslestoiles.fr\/2024\/jeudi-2\/","title":{"rendered":"Jeudi"},"content":{"rendered":"<p>[et_pb_section fb_built=\u00a0\u00bb1&Prime; _builder_version=\u00a0\u00bb4.25.2&Prime; _module_preset=\u00a0\u00bbdefault\u00a0\u00bb global_colors_info=\u00a0\u00bb{}\u00a0\u00bb][et_pb_row _builder_version=\u00a0\u00bb4.25.2&Prime; _module_preset=\u00a0\u00bbdefault\u00a0\u00bb global_colors_info=\u00a0\u00bb{}\u00a0\u00bb][et_pb_column type=\u00a0\u00bb4_4&Prime; _builder_version=\u00a0\u00bb4.25.2&Prime; _module_preset=\u00a0\u00bbdefault\u00a0\u00bb global_colors_info=\u00a0\u00bb{}\u00a0\u00bb][et_pb_text _builder_version=\u00a0\u00bb4.25.2&Prime; _module_preset=\u00a0\u00bbdefault\u00a0\u00bb global_colors_info=\u00a0\u00bb{}\u00a0\u00bb]<\/p>\n<h1>Jeudi<\/h1>\n<p>[\/et_pb_text][\/et_pb_column][\/et_pb_row][et_pb_row _builder_version=\u00a0\u00bb4.25.2&Prime; _module_preset=\u00a0\u00bbdefault\u00a0\u00bb global_colors_info=\u00a0\u00bb{}\u00a0\u00bb][et_pb_column type=\u00a0\u00bb4_4&Prime; _builder_version=\u00a0\u00bb4.25.2&Prime; _module_preset=\u00a0\u00bbdefault\u00a0\u00bb global_colors_info=\u00a0\u00bb{}\u00a0\u00bb][et_pb_image src=\u00a0\u00bbhttps:\/\/festivalsouslestoiles.fr\/2024\/wp-content\/uploads\/2024\/07\/screenshot-n4t-8.jpg\u00a0\u00bb title_text=\u00a0\u00bbScreenshot\u00a0\u00bb url=\u00a0\u00bb#3&Prime; align=\u00a0\u00bbcenter\u00a0\u00bb _builder_version=\u00a0\u00bb4.25.2&Prime; _module_preset=\u00a0\u00bbdefault\u00a0\u00bb width=\u00a0\u00bb47%\u00a0\u00bb box_shadow_style=\u00a0\u00bbpreset1&Prime; global_colors_info=\u00a0\u00bb{}\u00a0\u00bb][\/et_pb_image][\/et_pb_column][\/et_pb_row][et_pb_row module_id=\u00a0\u00bb1&Prime; _builder_version=\u00a0\u00bb4.25.2&Prime; _module_preset=\u00a0\u00bbdefault\u00a0\u00bb global_colors_info=\u00a0\u00bb{}\u00a0\u00bb][et_pb_column type=\u00a0\u00bb4_4&Prime; _builder_version=\u00a0\u00bb4.25.2&Prime; _module_preset=\u00a0\u00bbdefault\u00a0\u00bb global_colors_info=\u00a0\u00bb{}\u00a0\u00bb][et_pb_text _builder_version=\u00a0\u00bb4.25.2&Prime; _module_preset=\u00a0\u00bbdefault\u00a0\u00bb global_colors_info=\u00a0\u00bb{}\u00a0\u00bb]<\/p>\n<p><strong>Les dol\u00e9ances d\u2019H\u00e9l\u00e8ne Desplanques<\/strong><\/p>\n<p><strong>Bio\u00a0:<\/strong><span style=\"font-weight: 400;\"> Apr\u00e8s des \u00e9tudes de lettres, de cin\u00e9ma et de journalisme, H\u00e9l\u00e8ne Desplanques int\u00e8gre le Master 2 Documentaire de cr\u00e9ation de Lussas en Ard\u00e8che. Ses films sont des documentaires questionnant des enjeux sociaux et \u00e9conomiques et ont \u00e9t\u00e9 diffus\u00e9s sur des cha\u00eenes de t\u00e9l\u00e9vision fran\u00e7aises et francophones. Dans son film \u00ab Les dol\u00e9ances \u00bb, elle cherche \u00e0 comprendre o\u00f9 sont pass\u00e9es les Dol\u00e9ances d\u00e9pos\u00e9es par les citoyens pendant la crise des gilets jaunes en 2019.<\/span><span style=\"font-weight: 400;\"><\/span><\/p>\n<p><span style=\"font-weight: 400;\">En effet, lors de cette crise, Emmanuel Macron avait lanc\u00e9 un Grand D\u00e9bat National, incitant les maires \u00e0 ouvrir dans chaque mairie un cahier de Dol\u00e9ances. Plus de 200 000 contributions ont \u00e9t\u00e9 consign\u00e9es dans pr\u00e8s de 20 000 cahiers. L\u2019ampleur de cet exercice de d\u00e9mocratie directe a \u00e9t\u00e9 in\u00e9dit depuis la R\u00e9volution fran\u00e7aise. Mais ces textes n\u2019ont jamais \u00e9t\u00e9 diffus\u00e9s ou exploit\u00e9s. Pendant plus de deux ans, H\u00e9l\u00e8nes Desplanques est partie \u00e0 la recherche de ces textes et de leurs auteurs afin de leur redonner une existence publique. Elle esp\u00e8re pouvoir publier les dol\u00e9ances pour rendre la parole \u00e0 celles et ceux qui l\u2019avaient prise en 2019.<\/span><\/p>\n<p>[\/et_pb_text][\/et_pb_column][\/et_pb_row][et_pb_row module_id=\u00a0\u00bb2&Prime; _builder_version=\u00a0\u00bb4.25.2&Prime; _module_preset=\u00a0\u00bbdefault\u00a0\u00bb global_colors_info=\u00a0\u00bb{}\u00a0\u00bb][et_pb_column type=\u00a0\u00bb4_4&Prime; _builder_version=\u00a0\u00bb4.25.2&Prime; _module_preset=\u00a0\u00bbdefault\u00a0\u00bb global_colors_info=\u00a0\u00bb{}\u00a0\u00bb][et_pb_text _builder_version=\u00a0\u00bb4.25.2&Prime; _module_preset=\u00a0\u00bbdefault\u00a0\u00bb global_colors_info=\u00a0\u00bb{}\u00a0\u00bb]<\/p>\n<p><strong>A Savana y a Montana de Paulo Carmeiro<\/strong><\/p>\n<p><span style=\"font-weight: 400;\"><strong>Bio\u00a0<\/strong>:<\/span><span style=\"font-weight: 400;\"> Paulo Carneiro est n\u00e9 \u00e0 Lisbonne en 1990, il grandit \u00e0 Pontinha, une banlieue proche de Lisbonne. Dipl\u00f4m\u00e9 en son et image \u00e0 l\u2019ESAD.CR (une \u00e9cole sup\u00e9rieure d\u2019art portugaise), il obtient un Master \u00e0 l\u2019\u00e9cole nationale du cin\u00e9ma de Lisbonne et \u00e0 la HEAD, Haute \u00e9cole d\u2019art et de design de Gen\u00e8ve.\u00a0 En 2018, il r\u00e9alise son premier long-m\u00e9trage, \u00ab Bostofrio, o\u00f9 le ciel rejoint la terre \u00bb, qui sera plusieurs fois prim\u00e9 et pr\u00e9sent\u00e9 dans plus de 40 festivals internationaux. Il fonde en 2018 la soci\u00e9t\u00e9 de production Bam Bam Cin\u00e9ma.<\/span><\/p>\n<p><span style=\"font-weight: 400;\">\u00ab A Savana e a montanha \u00bb ou en fran\u00e7ais \u00ab La savane et la montagne \u00bb sortira bient\u00f4t en salles, dans le courant de l\u2019ann\u00e9e 2024. Il a \u00e9t\u00e9 pr\u00e9sent\u00e9 \u00e0 la Quinzaine des cin\u00e9astes 2024 lors de sa premi\u00e8re mondiale. Ce film a \u00e9t\u00e9 tourn\u00e9 dans un village au nord du Portugal, Covas do Barroso, avec ses habitants qui m\u00e8nent une r\u00e9volution contre la firme britannique Savannah resources. Celle-ci esp\u00e8re am\u00e9nager et exploiter ce qui deviendrait la plus grande mine \u00e0 ciel ouvert de lithium en Europe, juste \u00e0 cot\u00e9 des maisons des habitants du village. Ce documentaire est hybride, il part d\u2019un fait r\u00e9el mais les habitants et le r\u00e9alisateur mettent en sc\u00e8ne leur propre lutte, toujours actuelle, contre le projet industriel qui menace leurs terres, entre chansons et imagerie du western.<\/span><\/p>\n<p>[\/et_pb_text][\/et_pb_column][\/et_pb_row][et_pb_row module_id=\u00a0\u00bb3&Prime; _builder_version=\u00a0\u00bb4.25.2&Prime; _module_preset=\u00a0\u00bbdefault\u00a0\u00bb global_colors_info=\u00a0\u00bb{}\u00a0\u00bb][et_pb_column type=\u00a0\u00bb4_4&Prime; _builder_version=\u00a0\u00bb4.25.2&Prime; _module_preset=\u00a0\u00bbdefault\u00a0\u00bb global_colors_info=\u00a0\u00bb{}\u00a0\u00bb][et_pb_text _builder_version=\u00a0\u00bb4.25.2&Prime; _module_preset=\u00a0\u00bbdefault\u00a0\u00bb link_option_url=\u00a0\u00bb3&Prime; global_colors_info=\u00a0\u00bb{}\u00a0\u00bb]<\/p>\n<p><strong>L\u2019invasion des profanateurs de Philip Kaufman<\/strong><\/p>\n<p><span style=\"font-weight: 400;\"><strong>Bio\u00a0<\/strong>:<\/span><span style=\"font-weight: 400;\"> Philip Kaufman est un r\u00e9alisateur, sc\u00e9nariste, et producteur am\u00e9ricain. Il \u00e9tudie \u00e0 l\u2019Universit\u00e9 de Chicago puis \u00e0 Harvard. En 1964, il collabore avec Benjamin Master pour r\u00e9aliser son premier film, \u00ab Goldstein \u00bb, qui obtient \u00e0 Cannes le Prix de la Nouvelle Critique. En 1979, il obtient aux Saturn Awards le prix du Meilleur r\u00e9alisateur pour \u00ab L\u2019invasion des profanateurs \u00bb. Ce film est son premier r\u00e9el succ\u00e8s, c\u2019est une reprise du classique de science-fiction \u00ab L\u2019invasion des profanateurs de s\u00e9pultures \u00bb de Don Siegel, sorti en 1956, lui-m\u00eame adapter du roman de Jack Finney paru en 1955. Ce film conna\u00eet aussi une nouvelle adaptation par Abel Ferrara en 1993.<\/span><\/p>\n<p><iframe loading=\"lazy\" title=\"L&#039;invasion des profanateurs (Invasion of the Body Snatchers) Vostfr\" width=\"1080\" height=\"810\" src=\"https:\/\/www.youtube.com\/embed\/0BLt7yDaHdQ?feature=oembed\"  allow=\"accelerometer; autoplay; clipboard-write; encrypted-media; gyroscope; picture-in-picture; web-share\" referrerpolicy=\"strict-origin-when-cross-origin\" allowfullscreen><\/iframe><\/p>\n<p><span style=\"font-weight: 400;\">Dans \u00ab L\u2019invasion des profanateurs \u00bb, des personnes se transforment bizarrement. Pendant leur sommeil, une plante fabrique leur double parfait, tandis que l\u2019original dispara\u00eet. On suit Elizabeth Driscoll, une scientifique dans un laboratoire de sant\u00e9 \u00e0 San Francisco, qui s\u2019inqui\u00e8te du comportement \u00e9trange de son ami Geoffrey. Elizabeth se confie \u00e0 son coll\u00e8gue Matthew Bennell. Si la version de 1956 sign\u00e9 Don Siegel peut \u00eatre vue comme une m\u00e9taphore de la menace communiste, Kaufman d\u00e9nonce ici une soci\u00e9t\u00e9 consum\u00e9riste et d\u00e9shumanis\u00e9 qui refuse l\u2019alt\u00e9rit\u00e9 et vise \u00e0 \u00e9liminer toute forme de r\u00e9sistance individuelle.<\/span><\/p>\n<p>[\/et_pb_text][\/et_pb_column][\/et_pb_row][\/et_pb_section]<\/p>\n","protected":false},"excerpt":{"rendered":"<p>JeudiLes dol\u00e9ances d\u2019H\u00e9l\u00e8ne Desplanques Bio\u00a0: Apr\u00e8s des \u00e9tudes de lettres, de cin\u00e9ma et de journalisme, H\u00e9l\u00e8ne Desplanques int\u00e8gre le Master 2 Documentaire de cr\u00e9ation de Lussas en Ard\u00e8che. Ses films sont des documentaires questionnant des enjeux sociaux et \u00e9conomiques et ont \u00e9t\u00e9 diffus\u00e9s sur des cha\u00eenes de t\u00e9l\u00e9vision fran\u00e7aises et francophones. Dans son film \u00ab [&hellip;]<\/p>\n","protected":false},"author":1,"featured_media":0,"parent":0,"menu_order":0,"comment_status":"closed","ping_status":"closed","template":"","meta":{"_et_pb_use_builder":"on","_et_pb_old_content":"","_et_gb_content_width":"","footnotes":""},"class_list":["post-1239","page","type-page","status-publish","hentry"],"yoast_head":"<!-- This site is optimized with the Yoast SEO plugin v23.4 - https:\/\/yoast.com\/wordpress\/plugins\/seo\/ -->\n<title>Jeudi - FESTIVAL SOUS LES TOILES DE NAJAC<\/title>\n<meta name=\"robots\" content=\"noindex, follow, max-snippet:-1, max-image-preview:large, max-video-preview:-1\" \/>\n<meta property=\"og:locale\" content=\"fr_FR\" \/>\n<meta property=\"og:type\" content=\"article\" \/>\n<meta property=\"og:title\" content=\"Jeudi - FESTIVAL SOUS LES TOILES DE NAJAC\" \/>\n<meta property=\"og:description\" content=\"JeudiLes dol\u00e9ances d\u2019H\u00e9l\u00e8ne Desplanques Bio\u00a0: Apr\u00e8s des \u00e9tudes de lettres, de cin\u00e9ma et de journalisme, H\u00e9l\u00e8ne Desplanques int\u00e8gre le Master 2 Documentaire de cr\u00e9ation de Lussas en Ard\u00e8che. Ses films sont des documentaires questionnant des enjeux sociaux et \u00e9conomiques et ont \u00e9t\u00e9 diffus\u00e9s sur des cha\u00eenes de t\u00e9l\u00e9vision fran\u00e7aises et francophones. Dans son film \u00ab [&hellip;]\" \/>\n<meta property=\"og:url\" content=\"https:\/\/festivalsouslestoiles.fr\/2024\/jeudi-2\/\" \/>\n<meta property=\"og:site_name\" content=\"FESTIVAL SOUS LES TOILES DE NAJAC\" \/>\n<meta name=\"twitter:card\" content=\"summary_large_image\" \/>\n<script type=\"application\/ld+json\" class=\"yoast-schema-graph\">{\"@context\":\"https:\/\/schema.org\",\"@graph\":[{\"@type\":\"WebPage\",\"@id\":\"https:\/\/festivalsouslestoiles.fr\/2024\/jeudi-2\/\",\"url\":\"https:\/\/festivalsouslestoiles.fr\/2024\/jeudi-2\/\",\"name\":\"Jeudi - FESTIVAL SOUS LES TOILES DE NAJAC\",\"isPartOf\":{\"@id\":\"https:\/\/festivalsouslestoiles.fr\/2024\/#website\"},\"datePublished\":\"2024-07-08T16:26:30+00:00\",\"dateModified\":\"2024-07-08T16:26:30+00:00\",\"breadcrumb\":{\"@id\":\"https:\/\/festivalsouslestoiles.fr\/2024\/jeudi-2\/#breadcrumb\"},\"inLanguage\":\"fr-FR\",\"potentialAction\":[{\"@type\":\"ReadAction\",\"target\":[\"https:\/\/festivalsouslestoiles.fr\/2024\/jeudi-2\/\"]}]},{\"@type\":\"BreadcrumbList\",\"@id\":\"https:\/\/festivalsouslestoiles.fr\/2024\/jeudi-2\/#breadcrumb\",\"itemListElement\":[{\"@type\":\"ListItem\",\"position\":1,\"name\":\"Accueil\",\"item\":\"https:\/\/festivalsouslestoiles.fr\/2024\/\"},{\"@type\":\"ListItem\",\"position\":2,\"name\":\"Jeudi\"}]},{\"@type\":\"WebSite\",\"@id\":\"https:\/\/festivalsouslestoiles.fr\/2024\/#website\",\"url\":\"https:\/\/festivalsouslestoiles.fr\/2024\/\",\"name\":\"FESTIVAL SOUS LES TOILES DE NAJAC\",\"description\":\"Cin\u00e9ma de plein air \/ Documentaire sonore \/ concert \/ th\u00e9\u00e2tre\u2026\",\"potentialAction\":[{\"@type\":\"SearchAction\",\"target\":{\"@type\":\"EntryPoint\",\"urlTemplate\":\"https:\/\/festivalsouslestoiles.fr\/2024\/?s={search_term_string}\"},\"query-input\":{\"@type\":\"PropertyValueSpecification\",\"valueRequired\":true,\"valueName\":\"search_term_string\"}}],\"inLanguage\":\"fr-FR\"}]}<\/script>\n<!-- \/ Yoast SEO plugin. -->","yoast_head_json":{"title":"Jeudi - FESTIVAL SOUS LES TOILES DE NAJAC","robots":{"index":"noindex","follow":"follow","max-snippet":"max-snippet:-1","max-image-preview":"max-image-preview:large","max-video-preview":"max-video-preview:-1"},"og_locale":"fr_FR","og_type":"article","og_title":"Jeudi - FESTIVAL SOUS LES TOILES DE NAJAC","og_description":"JeudiLes dol\u00e9ances d\u2019H\u00e9l\u00e8ne Desplanques Bio\u00a0: Apr\u00e8s des \u00e9tudes de lettres, de cin\u00e9ma et de journalisme, H\u00e9l\u00e8ne Desplanques int\u00e8gre le Master 2 Documentaire de cr\u00e9ation de Lussas en Ard\u00e8che. Ses films sont des documentaires questionnant des enjeux sociaux et \u00e9conomiques et ont \u00e9t\u00e9 diffus\u00e9s sur des cha\u00eenes de t\u00e9l\u00e9vision fran\u00e7aises et francophones. Dans son film \u00ab [&hellip;]","og_url":"https:\/\/festivalsouslestoiles.fr\/2024\/jeudi-2\/","og_site_name":"FESTIVAL SOUS LES TOILES DE NAJAC","twitter_card":"summary_large_image","schema":{"@context":"https:\/\/schema.org","@graph":[{"@type":"WebPage","@id":"https:\/\/festivalsouslestoiles.fr\/2024\/jeudi-2\/","url":"https:\/\/festivalsouslestoiles.fr\/2024\/jeudi-2\/","name":"Jeudi - FESTIVAL SOUS LES TOILES DE NAJAC","isPartOf":{"@id":"https:\/\/festivalsouslestoiles.fr\/2024\/#website"},"datePublished":"2024-07-08T16:26:30+00:00","dateModified":"2024-07-08T16:26:30+00:00","breadcrumb":{"@id":"https:\/\/festivalsouslestoiles.fr\/2024\/jeudi-2\/#breadcrumb"},"inLanguage":"fr-FR","potentialAction":[{"@type":"ReadAction","target":["https:\/\/festivalsouslestoiles.fr\/2024\/jeudi-2\/"]}]},{"@type":"BreadcrumbList","@id":"https:\/\/festivalsouslestoiles.fr\/2024\/jeudi-2\/#breadcrumb","itemListElement":[{"@type":"ListItem","position":1,"name":"Accueil","item":"https:\/\/festivalsouslestoiles.fr\/2024\/"},{"@type":"ListItem","position":2,"name":"Jeudi"}]},{"@type":"WebSite","@id":"https:\/\/festivalsouslestoiles.fr\/2024\/#website","url":"https:\/\/festivalsouslestoiles.fr\/2024\/","name":"FESTIVAL SOUS LES TOILES DE NAJAC","description":"Cin\u00e9ma de plein air \/ Documentaire sonore \/ concert \/ th\u00e9\u00e2tre\u2026","potentialAction":[{"@type":"SearchAction","target":{"@type":"EntryPoint","urlTemplate":"https:\/\/festivalsouslestoiles.fr\/2024\/?s={search_term_string}"},"query-input":{"@type":"PropertyValueSpecification","valueRequired":true,"valueName":"search_term_string"}}],"inLanguage":"fr-FR"}]}},"_links":{"self":[{"href":"https:\/\/festivalsouslestoiles.fr\/2024\/wp-json\/wp\/v2\/pages\/1239","targetHints":{"allow":["GET"]}}],"collection":[{"href":"https:\/\/festivalsouslestoiles.fr\/2024\/wp-json\/wp\/v2\/pages"}],"about":[{"href":"https:\/\/festivalsouslestoiles.fr\/2024\/wp-json\/wp\/v2\/types\/page"}],"author":[{"embeddable":true,"href":"https:\/\/festivalsouslestoiles.fr\/2024\/wp-json\/wp\/v2\/users\/1"}],"replies":[{"embeddable":true,"href":"https:\/\/festivalsouslestoiles.fr\/2024\/wp-json\/wp\/v2\/comments?post=1239"}],"version-history":[{"count":4,"href":"https:\/\/festivalsouslestoiles.fr\/2024\/wp-json\/wp\/v2\/pages\/1239\/revisions"}],"predecessor-version":[{"id":1249,"href":"https:\/\/festivalsouslestoiles.fr\/2024\/wp-json\/wp\/v2\/pages\/1239\/revisions\/1249"}],"wp:attachment":[{"href":"https:\/\/festivalsouslestoiles.fr\/2024\/wp-json\/wp\/v2\/media?parent=1239"}],"curies":[{"name":"wp","href":"https:\/\/api.w.org\/{rel}","templated":true}]}}