{"id":1253,"date":"2024-07-08T16:35:34","date_gmt":"2024-07-08T16:35:34","guid":{"rendered":"https:\/\/festivalsouslestoiles.fr\/?page_id=1253"},"modified":"2024-07-08T16:35:34","modified_gmt":"2024-07-08T16:35:34","slug":"vendredi-2","status":"publish","type":"page","link":"https:\/\/festivalsouslestoiles.fr\/2024\/vendredi-2\/","title":{"rendered":"Vendredi"},"content":{"rendered":"<p>[et_pb_section fb_built=\u00a0\u00bb1&Prime; _builder_version=\u00a0\u00bb4.25.2&Prime; _module_preset=\u00a0\u00bbdefault\u00a0\u00bb global_colors_info=\u00a0\u00bb{}\u00a0\u00bb][et_pb_row _builder_version=\u00a0\u00bb4.25.2&Prime; _module_preset=\u00a0\u00bbdefault\u00a0\u00bb global_colors_info=\u00a0\u00bb{}\u00a0\u00bb][et_pb_column type=\u00a0\u00bb4_4&Prime; _builder_version=\u00a0\u00bb4.25.2&Prime; _module_preset=\u00a0\u00bbdefault\u00a0\u00bb global_colors_info=\u00a0\u00bb{}\u00a0\u00bb][et_pb_text _builder_version=\u00a0\u00bb4.25.2&Prime; _module_preset=\u00a0\u00bbdefault\u00a0\u00bb global_colors_info=\u00a0\u00bb{}\u00a0\u00bb]<\/p>\n<h1>Vendredi<\/h1>\n<p>[\/et_pb_text][\/et_pb_column][\/et_pb_row][et_pb_row module_id=\u00a0\u00bb1&Prime; _builder_version=\u00a0\u00bb4.25.2&Prime; _module_preset=\u00a0\u00bbdefault\u00a0\u00bb global_colors_info=\u00a0\u00bb{}\u00a0\u00bb][et_pb_column type=\u00a0\u00bb4_4&Prime; _builder_version=\u00a0\u00bb4.25.2&Prime; _module_preset=\u00a0\u00bbdefault\u00a0\u00bb global_colors_info=\u00a0\u00bb{}\u00a0\u00bb][et_pb_text _builder_version=\u00a0\u00bb4.25.2&Prime; _module_preset=\u00a0\u00bbdefault\u00a0\u00bb link_option_url=\u00a0\u00bb3&Prime; global_colors_info=\u00a0\u00bb{}\u00a0\u00bb]<\/p>\n<p><strong>Bougnats de Nils Martin<\/strong><\/p>\n<p><span style=\"font-weight: 400;\"><strong>Bio\u00a0<\/strong>:<\/span><span style=\"font-weight: 400;\"> Nils Martin est un r\u00e9alisateur et chef op\u00e9rateur image n\u00e9 en 1991. Apr\u00e8s une licence puis un master d\u2019arch\u00e9ologie, il d\u00e9croche un master de cin\u00e9ma documentaire \u00e0 l\u2019Universit\u00e9 de Bordeaux. Il r\u00e9alise en 2022 son premier film professionnel \u00ab Edlinger, la libert\u00e9 au bout des doigts \u00bb, qui tourne dans des dizaines de festivals, re\u00e7oit trois prix et de nombreuses critiques favorables. \u00ab Bougnats \u00bb, son dernier film, est actuellement pr\u00e9sent\u00e9 dans diff\u00e9rents festivals et ne sera donc en ligne qu\u2019\u00e0 la fin de l\u2019ann\u00e9e 2024. Mais qui sont les bougnats ?<\/span><\/p>\n<p><iframe loading=\"lazy\" title=\"BOUGNATS - trailer 2024\" width=\"1080\" height=\"608\" src=\"https:\/\/www.youtube.com\/embed\/RAx-UT6XgYs?feature=oembed\"  allow=\"accelerometer; autoplay; clipboard-write; encrypted-media; gyroscope; picture-in-picture; web-share\" referrerpolicy=\"strict-origin-when-cross-origin\" allowfullscreen><\/iframe><\/p>\n<p><span style=\"font-weight: 400;\">A la fin du 19\u00e8me si\u00e8cle, des milliers de fils et filles de la campagne fran\u00e7aise abandonnent leur village pour fuir la mis\u00e8re et tenter leur chance \u00e0 la capitale, Paris. Parmi ces jeunes gens, ceux du Massif central furent surnomm\u00e9s Bougnats. Une fois \u00e0 Paris, ces derniers vendaient et livraient du charbon de chauffage et tenaient de minuscules caf\u00e9s. Certains de ces modestes \u00e9tablissements devinrent de grandes brasseries, incarnation d\u2019une r\u00e9ussite qui rayonna jusque sur leurs villages natals. Ce flux migratoire de l\u2019int\u00e9rieur ne s\u2019essouffla qu\u2019\u00e0 la fin des ann\u00e9es 1960. La derni\u00e8re g\u00e9n\u00e9ration de Bougnats venue du nord de l\u2019Aveyron raconte ici son histoire en occitan, sa langue natale, son \u00ab patois \u00bb, le seul bagage o\u00f9 faire entrer tout un pays.<\/span><\/p>\n<p>[\/et_pb_text][\/et_pb_column][\/et_pb_row][\/et_pb_section]<\/p>\n","protected":false},"excerpt":{"rendered":"<p>VendrediBougnats de Nils Martin Bio\u00a0: Nils Martin est un r\u00e9alisateur et chef op\u00e9rateur image n\u00e9 en 1991. Apr\u00e8s une licence puis un master d\u2019arch\u00e9ologie, il d\u00e9croche un master de cin\u00e9ma documentaire \u00e0 l\u2019Universit\u00e9 de Bordeaux. Il r\u00e9alise en 2022 son premier film professionnel \u00ab Edlinger, la libert\u00e9 au bout des doigts \u00bb, qui tourne dans [&hellip;]<\/p>\n","protected":false},"author":1,"featured_media":0,"parent":0,"menu_order":0,"comment_status":"closed","ping_status":"closed","template":"","meta":{"_et_pb_use_builder":"on","_et_pb_old_content":"","_et_gb_content_width":"","footnotes":""},"class_list":["post-1253","page","type-page","status-publish","hentry"],"yoast_head":"<!-- This site is optimized with the Yoast SEO plugin v23.4 - https:\/\/yoast.com\/wordpress\/plugins\/seo\/ -->\n<title>Vendredi - FESTIVAL SOUS LES TOILES DE NAJAC<\/title>\n<meta name=\"robots\" content=\"noindex, follow, max-snippet:-1, max-image-preview:large, max-video-preview:-1\" \/>\n<meta property=\"og:locale\" content=\"fr_FR\" \/>\n<meta property=\"og:type\" content=\"article\" \/>\n<meta property=\"og:title\" content=\"Vendredi - FESTIVAL SOUS LES TOILES DE NAJAC\" \/>\n<meta property=\"og:description\" content=\"VendrediBougnats de Nils Martin Bio\u00a0: Nils Martin est un r\u00e9alisateur et chef op\u00e9rateur image n\u00e9 en 1991. Apr\u00e8s une licence puis un master d\u2019arch\u00e9ologie, il d\u00e9croche un master de cin\u00e9ma documentaire \u00e0 l\u2019Universit\u00e9 de Bordeaux. Il r\u00e9alise en 2022 son premier film professionnel \u00ab Edlinger, la libert\u00e9 au bout des doigts \u00bb, qui tourne dans [&hellip;]\" \/>\n<meta property=\"og:url\" content=\"https:\/\/festivalsouslestoiles.fr\/2024\/vendredi-2\/\" \/>\n<meta property=\"og:site_name\" content=\"FESTIVAL SOUS LES TOILES DE NAJAC\" \/>\n<meta name=\"twitter:card\" content=\"summary_large_image\" \/>\n<script type=\"application\/ld+json\" class=\"yoast-schema-graph\">{\"@context\":\"https:\/\/schema.org\",\"@graph\":[{\"@type\":\"WebPage\",\"@id\":\"https:\/\/festivalsouslestoiles.fr\/2024\/vendredi-2\/\",\"url\":\"https:\/\/festivalsouslestoiles.fr\/2024\/vendredi-2\/\",\"name\":\"Vendredi - FESTIVAL SOUS LES TOILES DE NAJAC\",\"isPartOf\":{\"@id\":\"https:\/\/festivalsouslestoiles.fr\/2024\/#website\"},\"datePublished\":\"2024-07-08T16:35:34+00:00\",\"dateModified\":\"2024-07-08T16:35:34+00:00\",\"breadcrumb\":{\"@id\":\"https:\/\/festivalsouslestoiles.fr\/2024\/vendredi-2\/#breadcrumb\"},\"inLanguage\":\"fr-FR\",\"potentialAction\":[{\"@type\":\"ReadAction\",\"target\":[\"https:\/\/festivalsouslestoiles.fr\/2024\/vendredi-2\/\"]}]},{\"@type\":\"BreadcrumbList\",\"@id\":\"https:\/\/festivalsouslestoiles.fr\/2024\/vendredi-2\/#breadcrumb\",\"itemListElement\":[{\"@type\":\"ListItem\",\"position\":1,\"name\":\"Accueil\",\"item\":\"https:\/\/festivalsouslestoiles.fr\/2024\/\"},{\"@type\":\"ListItem\",\"position\":2,\"name\":\"Vendredi\"}]},{\"@type\":\"WebSite\",\"@id\":\"https:\/\/festivalsouslestoiles.fr\/2024\/#website\",\"url\":\"https:\/\/festivalsouslestoiles.fr\/2024\/\",\"name\":\"FESTIVAL SOUS LES TOILES DE NAJAC\",\"description\":\"Cin\u00e9ma de plein air \/ Documentaire sonore \/ concert \/ th\u00e9\u00e2tre\u2026\",\"potentialAction\":[{\"@type\":\"SearchAction\",\"target\":{\"@type\":\"EntryPoint\",\"urlTemplate\":\"https:\/\/festivalsouslestoiles.fr\/2024\/?s={search_term_string}\"},\"query-input\":{\"@type\":\"PropertyValueSpecification\",\"valueRequired\":true,\"valueName\":\"search_term_string\"}}],\"inLanguage\":\"fr-FR\"}]}<\/script>\n<!-- \/ Yoast SEO plugin. -->","yoast_head_json":{"title":"Vendredi - FESTIVAL SOUS LES TOILES DE NAJAC","robots":{"index":"noindex","follow":"follow","max-snippet":"max-snippet:-1","max-image-preview":"max-image-preview:large","max-video-preview":"max-video-preview:-1"},"og_locale":"fr_FR","og_type":"article","og_title":"Vendredi - FESTIVAL SOUS LES TOILES DE NAJAC","og_description":"VendrediBougnats de Nils Martin Bio\u00a0: Nils Martin est un r\u00e9alisateur et chef op\u00e9rateur image n\u00e9 en 1991. Apr\u00e8s une licence puis un master d\u2019arch\u00e9ologie, il d\u00e9croche un master de cin\u00e9ma documentaire \u00e0 l\u2019Universit\u00e9 de Bordeaux. Il r\u00e9alise en 2022 son premier film professionnel \u00ab Edlinger, la libert\u00e9 au bout des doigts \u00bb, qui tourne dans [&hellip;]","og_url":"https:\/\/festivalsouslestoiles.fr\/2024\/vendredi-2\/","og_site_name":"FESTIVAL SOUS LES TOILES DE NAJAC","twitter_card":"summary_large_image","schema":{"@context":"https:\/\/schema.org","@graph":[{"@type":"WebPage","@id":"https:\/\/festivalsouslestoiles.fr\/2024\/vendredi-2\/","url":"https:\/\/festivalsouslestoiles.fr\/2024\/vendredi-2\/","name":"Vendredi - FESTIVAL SOUS LES TOILES DE NAJAC","isPartOf":{"@id":"https:\/\/festivalsouslestoiles.fr\/2024\/#website"},"datePublished":"2024-07-08T16:35:34+00:00","dateModified":"2024-07-08T16:35:34+00:00","breadcrumb":{"@id":"https:\/\/festivalsouslestoiles.fr\/2024\/vendredi-2\/#breadcrumb"},"inLanguage":"fr-FR","potentialAction":[{"@type":"ReadAction","target":["https:\/\/festivalsouslestoiles.fr\/2024\/vendredi-2\/"]}]},{"@type":"BreadcrumbList","@id":"https:\/\/festivalsouslestoiles.fr\/2024\/vendredi-2\/#breadcrumb","itemListElement":[{"@type":"ListItem","position":1,"name":"Accueil","item":"https:\/\/festivalsouslestoiles.fr\/2024\/"},{"@type":"ListItem","position":2,"name":"Vendredi"}]},{"@type":"WebSite","@id":"https:\/\/festivalsouslestoiles.fr\/2024\/#website","url":"https:\/\/festivalsouslestoiles.fr\/2024\/","name":"FESTIVAL SOUS LES TOILES DE NAJAC","description":"Cin\u00e9ma de plein air \/ Documentaire sonore \/ concert \/ th\u00e9\u00e2tre\u2026","potentialAction":[{"@type":"SearchAction","target":{"@type":"EntryPoint","urlTemplate":"https:\/\/festivalsouslestoiles.fr\/2024\/?s={search_term_string}"},"query-input":{"@type":"PropertyValueSpecification","valueRequired":true,"valueName":"search_term_string"}}],"inLanguage":"fr-FR"}]}},"_links":{"self":[{"href":"https:\/\/festivalsouslestoiles.fr\/2024\/wp-json\/wp\/v2\/pages\/1253","targetHints":{"allow":["GET"]}}],"collection":[{"href":"https:\/\/festivalsouslestoiles.fr\/2024\/wp-json\/wp\/v2\/pages"}],"about":[{"href":"https:\/\/festivalsouslestoiles.fr\/2024\/wp-json\/wp\/v2\/types\/page"}],"author":[{"embeddable":true,"href":"https:\/\/festivalsouslestoiles.fr\/2024\/wp-json\/wp\/v2\/users\/1"}],"replies":[{"embeddable":true,"href":"https:\/\/festivalsouslestoiles.fr\/2024\/wp-json\/wp\/v2\/comments?post=1253"}],"version-history":[{"count":4,"href":"https:\/\/festivalsouslestoiles.fr\/2024\/wp-json\/wp\/v2\/pages\/1253\/revisions"}],"predecessor-version":[{"id":1262,"href":"https:\/\/festivalsouslestoiles.fr\/2024\/wp-json\/wp\/v2\/pages\/1253\/revisions\/1262"}],"wp:attachment":[{"href":"https:\/\/festivalsouslestoiles.fr\/2024\/wp-json\/wp\/v2\/media?parent=1253"}],"curies":[{"name":"wp","href":"https:\/\/api.w.org\/{rel}","templated":true}]}}