{"id":63,"date":"2024-06-18T17:33:49","date_gmt":"2024-06-18T17:33:49","guid":{"rendered":"https:\/\/festivalsouslestoiles.fr\/?page_id=63"},"modified":"2024-07-12T15:49:08","modified_gmt":"2024-07-12T15:49:08","slug":"accueil","status":"publish","type":"page","link":"https:\/\/festivalsouslestoiles.fr\/2024\/","title":{"rendered":"Festival Sous les Toiles de Najac"},"content":{"rendered":"<p>[et_pb_section fb_built=\u00a0\u00bb1&Prime; _builder_version=\u00a0\u00bb4.25.2&Prime; _module_preset=\u00a0\u00bbdefault\u00a0\u00bb background_image=\u00a0\u00bbhttps:\/\/festivalsouslestoiles.fr\/2024\/wp-content\/uploads\/2024\/06\/cine_toile_web-3.jpg\u00a0\u00bb background_position=\u00a0\u00bbtop_center\u00a0\u00bb background_vertical_offset=\u00a0\u00bb-1%\u00a0\u00bb min_height=\u00a0\u00bb1000px\u00a0\u00bb height=\u00a0\u00bb950px\u00a0\u00bb global_colors_info=\u00a0\u00bb{}\u00a0\u00bb][\/et_pb_section][et_pb_section fb_built=\u00a0\u00bb1&Prime; _builder_version=\u00a0\u00bb4.25.2&Prime; _module_preset=\u00a0\u00bbdefault\u00a0\u00bb background_image=\u00a0\u00bbhttps:\/\/festivalsouslestoiles.fr\/2024\/wp-content\/uploads\/2024\/06\/fond-2.jpg\u00a0\u00bb global_colors_info=\u00a0\u00bb{}\u00a0\u00bb][et_pb_row _builder_version=\u00a0\u00bb4.25.2&Prime; _module_preset=\u00a0\u00bbdefault\u00a0\u00bb custom_padding=\u00a0\u00bb0px|||||\u00a0\u00bb global_colors_info=\u00a0\u00bb{}\u00a0\u00bb][et_pb_column type=\u00a0\u00bb4_4&Prime; _builder_version=\u00a0\u00bb4.25.2&Prime; _module_preset=\u00a0\u00bbdefault\u00a0\u00bb global_colors_info=\u00a0\u00bb{}\u00a0\u00bb][et_pb_text _builder_version=\u00a0\u00bb4.25.2&Prime; _module_preset=\u00a0\u00bbdefault\u00a0\u00bb text_font_size=\u00a0\u00bb16px\u00a0\u00bb header_text_align=\u00a0\u00bbcenter\u00a0\u00bb header_text_color=\u00a0\u00bb#e02b20&Prime; header_font_size=\u00a0\u00bb56px\u00a0\u00bb header_3_font=\u00a0\u00bb|||on|||||\u00a0\u00bb header_4_font=\u00a0\u00bb|600||on|||||\u00a0\u00bb header_4_text_color=\u00a0\u00bb#ff0800&Prime; global_colors_info=\u00a0\u00bb{}\u00a0\u00bb]<\/p>\n<h1>FESTIVAL SOUS LES TOILES<\/h1>\n<p style=\"text-align: center;\"><strong>CIN\u00c9MA EN PLEIN AIR \/ DOCUMENTAIRE SONORE \/ SPECTACLE DE RUE\/ CONCERTS\/ TH\u00c9\u00c2TRE\/ PERFORMANCE\/ ESPACES ET ATELIERS POUR ENFANTS EN PARTENARIAT AVEC LE CAFEZO\u00cfDE\/\u00a0 ET DE NOMBREUSES SURPRISES<\/strong><\/p>\n<p><strong><\/strong><\/p>\n<h1 style=\"text-align: center;\">DU 8 AU 12 JUILLET 2024<\/h1>\n<h3 style=\"text-align: center;\">au Hameau de SOURBINS 12270 NAJAC<\/h3>\n<p>&nbsp;<\/p>\n<p>[\/et_pb_text][\/et_pb_column][\/et_pb_row][et_pb_row column_structure=\u00a0\u00bb3_5,2_5&Prime; _builder_version=\u00a0\u00bb4.25.2&Prime; _module_preset=\u00a0\u00bbdefault\u00a0\u00bb global_colors_info=\u00a0\u00bb{}\u00a0\u00bb][et_pb_column type=\u00a0\u00bb3_5&Prime; _builder_version=\u00a0\u00bb4.25.2&Prime; _module_preset=\u00a0\u00bbdefault\u00a0\u00bb global_colors_info=\u00a0\u00bb{}\u00a0\u00bb][et_pb_text _builder_version=\u00a0\u00bb4.25.2&Prime; _module_preset=\u00a0\u00bbdefault\u00a0\u00bb global_colors_info=\u00a0\u00bb{}\u00a0\u00bb]<\/p>\n<h1><span style=\"color: #ff6600;\">EDITO<\/span><\/h1>\n<p>En choisissant LA MUTATION comme th\u00e8me de la 16e \u00e9dition, nous ne nous attendions pas \u00e0 ce qu\u2019elle r\u00e9sonne ainsi avec l\u2019actualit\u00e9 politique de notre pays.<br \/>En \u00e9crivant cet \u00e9dito, juste avant le vote pour les l\u00e9gislatives, nous aimerions souligner pourquoi nous animons ce festival :<br \/>Ce festival entend et donne la parole au plus grand nombre, sanctuarise la libert\u00e9 de penser, d\u2019agir, de cr\u00e9er, d\u2019aimer, et d\u00e9fend l\u2019id\u00e9e qu\u2019il n\u2019y a pas qu\u2019une identit\u00e9, mais mille possibles.<br \/>Ce festival lutte contre toutes les injustices et les violences, y compris dans ses propres rangs.<br \/>Ce festival d\u00e9fend la n\u00e9cessit\u00e9 d\u2019un service public fort et ind\u00e9pendant, gage d\u2019une plus grande justice sociale.<br \/>Ce festival affirme avec force et d\u00e9termination, qu\u2019il se dressera toujours contre les tentations et les \u00e9panchements de haine, de division et de restriction des libert\u00e9s. Il fera tout pour emp\u00eacher que les pleins pouvoirs soient laiss\u00e9s \u00e0 celles et ceux qui ont une vision restreinte, mesquine et univoque de l\u2019identit\u00e9 de la nation.<\/p>\n<p>La R\u00e9publique, c\u2019est le souci de l\u2019autre, de tout ce qui enrichit l\u2019humanit\u00e9 et ses r\u00e9cits dans leur pluralit\u00e9.<br \/>Pour conclure, nous aimerions donner la parole \u00e0 une cin\u00e9aste, Alice Diop qui s\u2019exprime quelques jours apr\u00e8s la dissolution :<br \/>\u00ab Je suis rentr\u00e9e dans le cin\u00e9ma comme on pourrait rentrer dans un parti politique, avec le m\u00eame id\u00e9al, parce que \u00e7a peut \u00eatre un outil de transformation du r\u00e9el. Le cin\u00e9ma permet de r\u00e9\u00e9crire le r\u00e9cit et d\u2019indexer l\u2019histoire officielle. Et puis le cin\u00e9ma, c\u2019est plus doux, il te permet aussi de dire quelque chose de toi sans le cracher \u00e0 la figure, le crier ou le vomir. \u00c7a peut \u00eatre une pens\u00e9e que tu adresses \u00e0 un autre, qui ne penserait pas forc\u00e9ment comme toi, mais qui peut d\u2019autant plus l\u2019entendre, et se sentir grandi, car ce que tu as \u00e0 lui dire, tu le formules dans un langage artistique. Moi, il y a des livres et des films qui m\u2019ont chang\u00e9e. \u00bb<br \/>Comme vous pouvez le d\u00e9couvrir dans ce programme, et quoi qu\u2019il arrive, ce festival sera joyeux, festif, pluriel, r\u00e9sistant et r\u00e9volt\u00e9, notre meilleure arme pour lutter contre les intol\u00e9rants et les sectaires&#8230;<\/p>\n<h3><strong>Longue vie \u00e0 la culture libre et ind\u00e9pendante.<\/strong><\/h3>\n<p><strong>Le bureau de l\u2019association Sous les Toiles<\/strong><br \/><em>Indira Segonds, Virginie Le Floch, Lou Verdet, Francis Enjalbert, Pierre-Jean Bartheye, Pierre Segonds et Florent Verdet<\/em><\/p>\n<p>[\/et_pb_text][\/et_pb_column][et_pb_column type=\u00a0\u00bb2_5&Prime; _builder_version=\u00a0\u00bb4.25.2&Prime; _module_preset=\u00a0\u00bbdefault\u00a0\u00bb global_colors_info=\u00a0\u00bb{}\u00a0\u00bb][et_pb_image src=\u00a0\u00bbhttps:\/\/festivalsouslestoiles.fr\/2024\/wp-content\/uploads\/2024\/07\/YDU-NH.jpg\u00a0\u00bb title_text=\u00a0\u00bbScreenshot\u00a0\u00bb url=\u00a0\u00bbhttps:\/\/festivalsouslestoiles.fr\/2024\/wp-content\/uploads\/2024\/07\/programme-festival-sous-les-toiles.pdf\u00a0\u00bb url_new_window=\u00a0\u00bbon\u00a0\u00bb align=\u00a0\u00bbcenter\u00a0\u00bb _builder_version=\u00a0\u00bb4.25.2&Prime; _module_preset=\u00a0\u00bbdefault\u00a0\u00bb box_shadow_style=\u00a0\u00bbpreset1&Prime; global_colors_info=\u00a0\u00bb{}\u00a0\u00bb][\/et_pb_image][et_pb_button button_url=\u00a0\u00bbhttps:\/\/festivalsouslestoiles.fr\/2024\/wp-content\/uploads\/2024\/07\/programme-festival-sous-les-toiles.pdf\u00a0\u00bb url_new_window=\u00a0\u00bbon\u00a0\u00bb button_text=\u00a0\u00bbT\u00e9l\u00e9charger le programme\u00a0\u00bb button_alignment=\u00a0\u00bbcenter\u00a0\u00bb _builder_version=\u00a0\u00bb4.25.2&Prime; _module_preset=\u00a0\u00bbdefault\u00a0\u00bb global_colors_info=\u00a0\u00bb{}\u00a0\u00bb][\/et_pb_button][et_pb_image src=\u00a0\u00bbhttps:\/\/festivalsouslestoiles.fr\/2024\/wp-content\/uploads\/2024\/06\/YDU-NH-3-1.jpg\u00a0\u00bb title_text=\u00a0\u00bbScreenshot\u00a0\u00bb align=\u00a0\u00bbcenter\u00a0\u00bb _builder_version=\u00a0\u00bb4.25.2&Prime; _module_preset=\u00a0\u00bbdefault\u00a0\u00bb box_shadow_style=\u00a0\u00bbpreset1&Prime; global_colors_info=\u00a0\u00bb{}\u00a0\u00bb][\/et_pb_image][et_pb_button button_url=\u00a0\u00bbhttps:\/\/festivalsouslestoiles.fr\/2024\/wp-content\/uploads\/2024\/06\/aff_a3.pdf\u00a0\u00bb url_new_window=\u00a0\u00bbon\u00a0\u00bb button_text=\u00a0\u00bbT\u00e9l\u00e9charger l&rsquo;affiche\u00a0\u00bb button_alignment=\u00a0\u00bbcenter\u00a0\u00bb _builder_version=\u00a0\u00bb4.25.2&Prime; _module_preset=\u00a0\u00bbdefault\u00a0\u00bb global_colors_info=\u00a0\u00bb{}\u00a0\u00bb][\/et_pb_button][\/et_pb_column][\/et_pb_row][et_pb_row _builder_version=\u00a0\u00bb4.25.2&Prime; _module_preset=\u00a0\u00bbdefault\u00a0\u00bb global_module=\u00a0\u00bb1130&Prime; global_colors_info=\u00a0\u00bb{}\u00a0\u00bb][et_pb_column type=\u00a0\u00bb4_4&Prime; _builder_version=\u00a0\u00bb4.25.2&Prime; _module_preset=\u00a0\u00bbdefault\u00a0\u00bb global_colors_info=\u00a0\u00bb{}\u00a0\u00bb][et_pb_text _builder_version=\u00a0\u00bb4.25.2&Prime; _module_preset=\u00a0\u00bbdefault\u00a0\u00bb global_colors_info=\u00a0\u00bb{}\u00a0\u00bb]<\/p>\n<h2>ENTR\u00c9E LIBRE ET GRATUITE<\/h2>\n<p>Le festival sous les Toiles de Najac est un espace d&rsquo;imagination, de rencontres, pour les tout petits, les ados et tous les grands. Il a lieu chaque ann\u00e9e en juillet durant cinq ou six jours.\u2028 C&rsquo;est l&rsquo;occasion de partager sous les \u00e9toiles de l&rsquo;Aveyron, des images et des sons venus des quatre coins du monde. Vous y trouverez dans le d\u00e9sordre :\u2028 des longs et courts m\u00e9trages projet\u00e9s en plein air dans une prairie le soir, et dans un petit coin de for\u00eat la journ\u00e9e,\u2028 des documentaires sonores dans la prairie&#8230;\u2028Des Cin\u00e9-concerts, mais aussi du th\u00e9\u00e2tre, des Djs, un bal de cl\u00f4ture, parfois un cin\u00e9-karaok\u00e9, et de nombreuses surprises chaque ann\u00e9e.<\/p>\n<p>[\/et_pb_text][et_pb_image src=\u00a0\u00bbhttps:\/\/festivalsouslestoiles.fr\/2024\/wp-content\/uploads\/2024\/06\/partenaires-scaled.jpg\u00a0\u00bb title_text=\u00a0\u00bbpartenaires\u00a0\u00bb _builder_version=\u00a0\u00bb4.25.2&Prime; _module_preset=\u00a0\u00bbdefault\u00a0\u00bb global_colors_info=\u00a0\u00bb{}\u00a0\u00bb][\/et_pb_image][\/et_pb_column][\/et_pb_row][\/et_pb_section][et_pb_section fb_built=\u00a0\u00bb1&Prime; _builder_version=\u00a0\u00bb4.25.2&Prime; _module_preset=\u00a0\u00bbdefault\u00a0\u00bb background_image=\u00a0\u00bbhttps:\/\/festivalsouslestoiles.fr\/2024\/wp-content\/uploads\/2024\/06\/fond-2.jpg\u00a0\u00bb global_module=\u00a0\u00bb1156&Prime; saved_tabs=\u00a0\u00bball\u00a0\u00bb global_colors_info=\u00a0\u00bb{}\u00a0\u00bb][et_pb_row _builder_version=\u00a0\u00bb4.25.2&Prime; _module_preset=\u00a0\u00bbdefault\u00a0\u00bb global_colors_info=\u00a0\u00bb{}\u00a0\u00bb][et_pb_column type=\u00a0\u00bb4_4&Prime; _builder_version=\u00a0\u00bb4.25.2&Prime; _module_preset=\u00a0\u00bbdefault\u00a0\u00bb global_colors_info=\u00a0\u00bb{}\u00a0\u00bb][et_pb_text _builder_version=\u00a0\u00bb4.25.2&Prime; _module_preset=\u00a0\u00bbdefault\u00a0\u00bb header_font=\u00a0\u00bb|||on|||||\u00a0\u00bb header_text_color=\u00a0\u00bb#E02B20&Prime; global_colors_info=\u00a0\u00bb{}\u00a0\u00bb]<\/p>\n<h1>Le programme par jour<\/h1>\n<p>[\/et_pb_text][\/et_pb_column][\/et_pb_row][et_pb_row column_structure=\u00a0\u00bb1_2,1_2&Prime; _builder_version=\u00a0\u00bb4.25.2&Prime; _module_preset=\u00a0\u00bbdefault\u00a0\u00bb global_colors_info=\u00a0\u00bb{}\u00a0\u00bb][et_pb_column type=\u00a0\u00bb1_2&Prime; _builder_version=\u00a0\u00bb4.25.2&Prime; _module_preset=\u00a0\u00bbdefault\u00a0\u00bb global_colors_info=\u00a0\u00bb{}\u00a0\u00bb][et_pb_image src=\u00a0\u00bbhttps:\/\/festivalsouslestoiles.fr\/2024\/wp-content\/uploads\/2024\/07\/lundi.png\u00a0\u00bb title_text=\u00a0\u00bblundi\u00a0\u00bb show_in_lightbox=\u00a0\u00bbon\u00a0\u00bb _builder_version=\u00a0\u00bb4.25.2&Prime; _module_preset=\u00a0\u00bbdefault\u00a0\u00bb box_shadow_style=\u00a0\u00bbpreset1&Prime; global_colors_info=\u00a0\u00bb{}\u00a0\u00bb][\/et_pb_image][et_pb_image src=\u00a0\u00bbhttps:\/\/festivalsouslestoiles.fr\/2024\/wp-content\/uploads\/2024\/07\/mercredi.png\u00a0\u00bb title_text=\u00a0\u00bbmercredi\u00a0\u00bb show_in_lightbox=\u00a0\u00bbon\u00a0\u00bb _builder_version=\u00a0\u00bb4.25.2&Prime; _module_preset=\u00a0\u00bbdefault\u00a0\u00bb box_shadow_style=\u00a0\u00bbpreset1&Prime; global_colors_info=\u00a0\u00bb{}\u00a0\u00bb][\/et_pb_image][et_pb_image src=\u00a0\u00bbhttps:\/\/festivalsouslestoiles.fr\/2024\/wp-content\/uploads\/2024\/07\/vendredi.png\u00a0\u00bb title_text=\u00a0\u00bbvendredi\u00a0\u00bb show_in_lightbox=\u00a0\u00bbon\u00a0\u00bb _builder_version=\u00a0\u00bb4.25.2&Prime; _module_preset=\u00a0\u00bbdefault\u00a0\u00bb box_shadow_style=\u00a0\u00bbpreset1&Prime; global_colors_info=\u00a0\u00bb{}\u00a0\u00bb][\/et_pb_image][\/et_pb_column][et_pb_column type=\u00a0\u00bb1_2&Prime; _builder_version=\u00a0\u00bb4.25.2&Prime; _module_preset=\u00a0\u00bbdefault\u00a0\u00bb global_colors_info=\u00a0\u00bb{}\u00a0\u00bb][et_pb_image src=\u00a0\u00bbhttps:\/\/festivalsouslestoiles.fr\/2024\/wp-content\/uploads\/2024\/07\/mardi.jpg\u00a0\u00bb title_text=\u00a0\u00bbmardi\u00a0\u00bb show_in_lightbox=\u00a0\u00bbon\u00a0\u00bb _builder_version=\u00a0\u00bb4.25.2&Prime; _module_preset=\u00a0\u00bbdefault\u00a0\u00bb box_shadow_style=\u00a0\u00bbpreset1&Prime; global_colors_info=\u00a0\u00bb{}\u00a0\u00bb][\/et_pb_image][et_pb_image src=\u00a0\u00bbhttps:\/\/festivalsouslestoiles.fr\/2024\/wp-content\/uploads\/2024\/07\/jeudi.jpg\u00a0\u00bb title_text=\u00a0\u00bbjeudi\u00a0\u00bb show_in_lightbox=\u00a0\u00bbon\u00a0\u00bb _builder_version=\u00a0\u00bb4.25.2&Prime; _module_preset=\u00a0\u00bbdefault\u00a0\u00bb hover_enabled=\u00a0\u00bb0&Prime; box_shadow_style=\u00a0\u00bbpreset1&Prime; global_colors_info=\u00a0\u00bb{}\u00a0\u00bb sticky_enabled=\u00a0\u00bb0&Prime;][\/et_pb_image][\/et_pb_column][\/et_pb_row][\/et_pb_section]<\/p>\n","protected":false},"excerpt":{"rendered":"<p>FESTIVAL SOUS LES TOILES CIN\u00c9MA EN PLEIN AIR \/ DOCUMENTAIRE SONORE \/ SPECTACLE DE RUE\/ CONCERTS\/ TH\u00c9\u00c2TRE\/ PERFORMANCE\/ ESPACES ET ATELIERS POUR ENFANTS EN PARTENARIAT AVEC LE CAFEZO\u00cfDE\/\u00a0 ET DE NOMBREUSES SURPRISES DU 8 AU 12 JUILLET 2024 au Hameau de SOURBINS 12270 NAJAC &nbsp;EDITO En choisissant LA MUTATION comme th\u00e8me de la 16e \u00e9dition, [&hellip;]<\/p>\n","protected":false},"author":1,"featured_media":1002,"parent":0,"menu_order":0,"comment_status":"closed","ping_status":"closed","template":"","meta":{"_et_pb_use_builder":"on","_et_pb_old_content":"","_et_gb_content_width":"","footnotes":""},"class_list":["post-63","page","type-page","status-publish","has-post-thumbnail","hentry"],"yoast_head":"<!-- This site is optimized with the Yoast SEO plugin v23.4 - https:\/\/yoast.com\/wordpress\/plugins\/seo\/ -->\n<title>Festival Sous les Toiles de Najac - Cin\u00e9ma de plein air \/ Documentaire sonore \/ concert \/ th\u00e9\u00e2tre\u2026<\/title>\n<meta name=\"description\" content=\"Le festival sous les Toiles de Najac est un espace d\u2019imagination, de rencontres, pour les tout petits, les ados et tous les grands. Il a lieu chaque ann\u00e9e en juillet durant cinq ou six jours.\u2028 C\u2019est l\u2019occasion de partager sous les \u00e9toiles de l\u2019Aveyron, des images et des sons venus des quatre coins du monde. Vous y trouverez dans le d\u00e9sordre :\u2028 des longs et courts m\u00e9trages projet\u00e9s en plein air dans une prairie le soir, et dans un petit coin de for\u00eat la journ\u00e9e,\u2028 des documentaires sonores dans la prairie\u2026\u2028Des Cin\u00e9-concerts, mais aussi du th\u00e9\u00e2tre, des Djs, un bal de cl\u00f4ture, parfois un cin\u00e9-karaok\u00e9, et de nombreuses surprises chaque ann\u00e9e.\" \/>\n<meta name=\"robots\" content=\"noindex, follow, max-snippet:-1, max-image-preview:large, max-video-preview:-1\" \/>\n<meta property=\"og:locale\" content=\"fr_FR\" \/>\n<meta property=\"og:type\" content=\"article\" \/>\n<meta property=\"og:title\" content=\"Festival Sous les Toiles de Najac - Cin\u00e9ma de plein air \/ Documentaire sonore \/ concert \/ th\u00e9\u00e2tre\u2026\" \/>\n<meta property=\"og:description\" content=\"Le festival sous les Toiles de Najac est un espace d\u2019imagination, de rencontres, pour les tout petits, les ados et tous les grands. Il a lieu chaque ann\u00e9e en juillet durant cinq ou six jours.\u2028 C\u2019est l\u2019occasion de partager sous les \u00e9toiles de l\u2019Aveyron, des images et des sons venus des quatre coins du monde. Vous y trouverez dans le d\u00e9sordre :\u2028 des longs et courts m\u00e9trages projet\u00e9s en plein air dans une prairie le soir, et dans un petit coin de for\u00eat la journ\u00e9e,\u2028 des documentaires sonores dans la prairie\u2026\u2028Des Cin\u00e9-concerts, mais aussi du th\u00e9\u00e2tre, des Djs, un bal de cl\u00f4ture, parfois un cin\u00e9-karaok\u00e9, et de nombreuses surprises chaque ann\u00e9e.\" \/>\n<meta property=\"og:url\" content=\"https:\/\/festivalsouslestoiles.fr\/2024\/\" \/>\n<meta property=\"og:site_name\" content=\"FESTIVAL SOUS LES TOILES DE NAJAC\" \/>\n<meta property=\"article:modified_time\" content=\"2024-07-12T15:49:08+00:00\" \/>\n<meta property=\"og:image\" content=\"https:\/\/festivalsouslestoiles.fr\/2024\/wp-content\/uploads\/2024\/06\/YDU-NH-4.jpg\" \/>\n\t<meta property=\"og:image:width\" content=\"1031\" \/>\n\t<meta property=\"og:image:height\" content=\"948\" \/>\n\t<meta property=\"og:image:type\" content=\"image\/jpeg\" \/>\n<meta name=\"twitter:card\" content=\"summary_large_image\" \/>\n<meta name=\"twitter:label1\" content=\"Dur\u00e9e de lecture estim\u00e9e\" \/>\n\t<meta name=\"twitter:data1\" content=\"4 minutes\" \/>\n<script type=\"application\/ld+json\" class=\"yoast-schema-graph\">{\"@context\":\"https:\/\/schema.org\",\"@graph\":[{\"@type\":\"WebPage\",\"@id\":\"https:\/\/festivalsouslestoiles.fr\/2024\/\",\"url\":\"https:\/\/festivalsouslestoiles.fr\/2024\/\",\"name\":\"Festival Sous les Toiles de Najac - Cin\u00e9ma de plein air \/ Documentaire sonore \/ concert \/ th\u00e9\u00e2tre\u2026\",\"isPartOf\":{\"@id\":\"https:\/\/festivalsouslestoiles.fr\/2024\/#website\"},\"primaryImageOfPage\":{\"@id\":\"https:\/\/festivalsouslestoiles.fr\/2024\/#primaryimage\"},\"image\":{\"@id\":\"https:\/\/festivalsouslestoiles.fr\/2024\/#primaryimage\"},\"thumbnailUrl\":\"https:\/\/festivalsouslestoiles.fr\/2024\/wp-content\/uploads\/2024\/06\/YDU-NH-4.jpg\",\"datePublished\":\"2024-06-18T17:33:49+00:00\",\"dateModified\":\"2024-07-12T15:49:08+00:00\",\"description\":\"Le festival sous les Toiles de Najac est un espace d\u2019imagination, de rencontres, pour les tout petits, les ados et tous les grands. Il a lieu chaque ann\u00e9e en juillet durant cinq ou six jours.\\u2028 C\u2019est l\u2019occasion de partager sous les \u00e9toiles de l\u2019Aveyron, des images et des sons venus des quatre coins du monde. Vous y trouverez dans le d\u00e9sordre :\\u2028 des longs et courts m\u00e9trages projet\u00e9s en plein air dans une prairie le soir, et dans un petit coin de for\u00eat la journ\u00e9e,\\u2028 des documentaires sonores dans la prairie\u2026\\u2028Des Cin\u00e9-concerts, mais aussi du th\u00e9\u00e2tre, des Djs, un bal de cl\u00f4ture, parfois un cin\u00e9-karaok\u00e9, et de nombreuses surprises chaque ann\u00e9e.\",\"breadcrumb\":{\"@id\":\"https:\/\/festivalsouslestoiles.fr\/2024\/#breadcrumb\"},\"inLanguage\":\"fr-FR\",\"potentialAction\":[{\"@type\":\"ReadAction\",\"target\":[\"https:\/\/festivalsouslestoiles.fr\/2024\/\"]}]},{\"@type\":\"ImageObject\",\"inLanguage\":\"fr-FR\",\"@id\":\"https:\/\/festivalsouslestoiles.fr\/2024\/#primaryimage\",\"url\":\"https:\/\/festivalsouslestoiles.fr\/2024\/wp-content\/uploads\/2024\/06\/YDU-NH-4.jpg\",\"contentUrl\":\"https:\/\/festivalsouslestoiles.fr\/2024\/wp-content\/uploads\/2024\/06\/YDU-NH-4.jpg\",\"width\":1031,\"height\":948,\"caption\":\"Screenshot\"},{\"@type\":\"BreadcrumbList\",\"@id\":\"https:\/\/festivalsouslestoiles.fr\/2024\/#breadcrumb\",\"itemListElement\":[{\"@type\":\"ListItem\",\"position\":1,\"name\":\"Accueil\",\"item\":\"https:\/\/festivalsouslestoiles.fr\/2024\/\"},{\"@type\":\"ListItem\",\"position\":2,\"name\":\"Festival Sous les Toiles de Najac\"}]},{\"@type\":\"WebSite\",\"@id\":\"https:\/\/festivalsouslestoiles.fr\/2024\/#website\",\"url\":\"https:\/\/festivalsouslestoiles.fr\/2024\/\",\"name\":\"FESTIVAL SOUS LES TOILES DE NAJAC\",\"description\":\"Cin\u00e9ma de plein air \/ Documentaire sonore \/ concert \/ th\u00e9\u00e2tre\u2026\",\"potentialAction\":[{\"@type\":\"SearchAction\",\"target\":{\"@type\":\"EntryPoint\",\"urlTemplate\":\"https:\/\/festivalsouslestoiles.fr\/2024\/?s={search_term_string}\"},\"query-input\":{\"@type\":\"PropertyValueSpecification\",\"valueRequired\":true,\"valueName\":\"search_term_string\"}}],\"inLanguage\":\"fr-FR\"}]}<\/script>\n<!-- \/ Yoast SEO plugin. -->","yoast_head_json":{"title":"Festival Sous les Toiles de Najac - Cin\u00e9ma de plein air \/ Documentaire sonore \/ concert \/ th\u00e9\u00e2tre\u2026","description":"Le festival sous les Toiles de Najac est un espace d\u2019imagination, de rencontres, pour les tout petits, les ados et tous les grands. Il a lieu chaque ann\u00e9e en juillet durant cinq ou six jours.\u2028 C\u2019est l\u2019occasion de partager sous les \u00e9toiles de l\u2019Aveyron, des images et des sons venus des quatre coins du monde. Vous y trouverez dans le d\u00e9sordre :\u2028 des longs et courts m\u00e9trages projet\u00e9s en plein air dans une prairie le soir, et dans un petit coin de for\u00eat la journ\u00e9e,\u2028 des documentaires sonores dans la prairie\u2026\u2028Des Cin\u00e9-concerts, mais aussi du th\u00e9\u00e2tre, des Djs, un bal de cl\u00f4ture, parfois un cin\u00e9-karaok\u00e9, et de nombreuses surprises chaque ann\u00e9e.","robots":{"index":"noindex","follow":"follow","max-snippet":"max-snippet:-1","max-image-preview":"max-image-preview:large","max-video-preview":"max-video-preview:-1"},"og_locale":"fr_FR","og_type":"article","og_title":"Festival Sous les Toiles de Najac - Cin\u00e9ma de plein air \/ Documentaire sonore \/ concert \/ th\u00e9\u00e2tre\u2026","og_description":"Le festival sous les Toiles de Najac est un espace d\u2019imagination, de rencontres, pour les tout petits, les ados et tous les grands. Il a lieu chaque ann\u00e9e en juillet durant cinq ou six jours.\u2028 C\u2019est l\u2019occasion de partager sous les \u00e9toiles de l\u2019Aveyron, des images et des sons venus des quatre coins du monde. Vous y trouverez dans le d\u00e9sordre :\u2028 des longs et courts m\u00e9trages projet\u00e9s en plein air dans une prairie le soir, et dans un petit coin de for\u00eat la journ\u00e9e,\u2028 des documentaires sonores dans la prairie\u2026\u2028Des Cin\u00e9-concerts, mais aussi du th\u00e9\u00e2tre, des Djs, un bal de cl\u00f4ture, parfois un cin\u00e9-karaok\u00e9, et de nombreuses surprises chaque ann\u00e9e.","og_url":"https:\/\/festivalsouslestoiles.fr\/2024\/","og_site_name":"FESTIVAL SOUS LES TOILES DE NAJAC","article_modified_time":"2024-07-12T15:49:08+00:00","og_image":[{"width":1031,"height":948,"url":"https:\/\/festivalsouslestoiles.fr\/2024\/wp-content\/uploads\/2024\/06\/YDU-NH-4.jpg","type":"image\/jpeg"}],"twitter_card":"summary_large_image","twitter_misc":{"Dur\u00e9e de lecture estim\u00e9e":"4 minutes"},"schema":{"@context":"https:\/\/schema.org","@graph":[{"@type":"WebPage","@id":"https:\/\/festivalsouslestoiles.fr\/2024\/","url":"https:\/\/festivalsouslestoiles.fr\/2024\/","name":"Festival Sous les Toiles de Najac - Cin\u00e9ma de plein air \/ Documentaire sonore \/ concert \/ th\u00e9\u00e2tre\u2026","isPartOf":{"@id":"https:\/\/festivalsouslestoiles.fr\/2024\/#website"},"primaryImageOfPage":{"@id":"https:\/\/festivalsouslestoiles.fr\/2024\/#primaryimage"},"image":{"@id":"https:\/\/festivalsouslestoiles.fr\/2024\/#primaryimage"},"thumbnailUrl":"https:\/\/festivalsouslestoiles.fr\/2024\/wp-content\/uploads\/2024\/06\/YDU-NH-4.jpg","datePublished":"2024-06-18T17:33:49+00:00","dateModified":"2024-07-12T15:49:08+00:00","description":"Le festival sous les Toiles de Najac est un espace d\u2019imagination, de rencontres, pour les tout petits, les ados et tous les grands. Il a lieu chaque ann\u00e9e en juillet durant cinq ou six jours.\u2028 C\u2019est l\u2019occasion de partager sous les \u00e9toiles de l\u2019Aveyron, des images et des sons venus des quatre coins du monde. Vous y trouverez dans le d\u00e9sordre :\u2028 des longs et courts m\u00e9trages projet\u00e9s en plein air dans une prairie le soir, et dans un petit coin de for\u00eat la journ\u00e9e,\u2028 des documentaires sonores dans la prairie\u2026\u2028Des Cin\u00e9-concerts, mais aussi du th\u00e9\u00e2tre, des Djs, un bal de cl\u00f4ture, parfois un cin\u00e9-karaok\u00e9, et de nombreuses surprises chaque ann\u00e9e.","breadcrumb":{"@id":"https:\/\/festivalsouslestoiles.fr\/2024\/#breadcrumb"},"inLanguage":"fr-FR","potentialAction":[{"@type":"ReadAction","target":["https:\/\/festivalsouslestoiles.fr\/2024\/"]}]},{"@type":"ImageObject","inLanguage":"fr-FR","@id":"https:\/\/festivalsouslestoiles.fr\/2024\/#primaryimage","url":"https:\/\/festivalsouslestoiles.fr\/2024\/wp-content\/uploads\/2024\/06\/YDU-NH-4.jpg","contentUrl":"https:\/\/festivalsouslestoiles.fr\/2024\/wp-content\/uploads\/2024\/06\/YDU-NH-4.jpg","width":1031,"height":948,"caption":"Screenshot"},{"@type":"BreadcrumbList","@id":"https:\/\/festivalsouslestoiles.fr\/2024\/#breadcrumb","itemListElement":[{"@type":"ListItem","position":1,"name":"Accueil","item":"https:\/\/festivalsouslestoiles.fr\/2024\/"},{"@type":"ListItem","position":2,"name":"Festival Sous les Toiles de Najac"}]},{"@type":"WebSite","@id":"https:\/\/festivalsouslestoiles.fr\/2024\/#website","url":"https:\/\/festivalsouslestoiles.fr\/2024\/","name":"FESTIVAL SOUS LES TOILES DE NAJAC","description":"Cin\u00e9ma de plein air \/ Documentaire sonore \/ concert \/ th\u00e9\u00e2tre\u2026","potentialAction":[{"@type":"SearchAction","target":{"@type":"EntryPoint","urlTemplate":"https:\/\/festivalsouslestoiles.fr\/2024\/?s={search_term_string}"},"query-input":{"@type":"PropertyValueSpecification","valueRequired":true,"valueName":"search_term_string"}}],"inLanguage":"fr-FR"}]}},"_links":{"self":[{"href":"https:\/\/festivalsouslestoiles.fr\/2024\/wp-json\/wp\/v2\/pages\/63","targetHints":{"allow":["GET"]}}],"collection":[{"href":"https:\/\/festivalsouslestoiles.fr\/2024\/wp-json\/wp\/v2\/pages"}],"about":[{"href":"https:\/\/festivalsouslestoiles.fr\/2024\/wp-json\/wp\/v2\/types\/page"}],"author":[{"embeddable":true,"href":"https:\/\/festivalsouslestoiles.fr\/2024\/wp-json\/wp\/v2\/users\/1"}],"replies":[{"embeddable":true,"href":"https:\/\/festivalsouslestoiles.fr\/2024\/wp-json\/wp\/v2\/comments?post=63"}],"version-history":[{"count":40,"href":"https:\/\/festivalsouslestoiles.fr\/2024\/wp-json\/wp\/v2\/pages\/63\/revisions"}],"predecessor-version":[{"id":1332,"href":"https:\/\/festivalsouslestoiles.fr\/2024\/wp-json\/wp\/v2\/pages\/63\/revisions\/1332"}],"wp:featuredmedia":[{"embeddable":true,"href":"https:\/\/festivalsouslestoiles.fr\/2024\/wp-json\/wp\/v2\/media\/1002"}],"wp:attachment":[{"href":"https:\/\/festivalsouslestoiles.fr\/2024\/wp-json\/wp\/v2\/media?parent=63"}],"curies":[{"name":"wp","href":"https:\/\/api.w.org\/{rel}","templated":true}]}}