{"id":86,"date":"2014-06-15T21:22:46","date_gmt":"2014-06-15T21:22:46","guid":{"rendered":"http:\/\/festivaldenajac.wordpress.com\/?page_id=42"},"modified":"2025-04-29T09:24:23","modified_gmt":"2025-04-29T09:24:23","slug":"les-partenaires","status":"publish","type":"page","link":"https:\/\/festivalsouslestoiles.fr\/2024\/les-partenaires\/","title":{"rendered":"les partenaires"},"content":{"rendered":"<p>[et_pb_section fb_built=\u00a0\u00bb1&Prime; admin_label=\u00a0\u00bbsection\u00a0\u00bb _builder_version=\u00a0\u00bb4.25.2&Prime; background_image=\u00a0\u00bbhttps:\/\/festivalsouslestoiles.fr\/2024\/wp-content\/uploads\/2024\/06\/fond-2.jpg\u00a0\u00bb global_colors_info=\u00a0\u00bb{}\u00a0\u00bb][et_pb_row admin_label=\u00a0\u00bbrow\u00a0\u00bb _builder_version=\u00a0\u00bb4.16&Prime; background_size=\u00a0\u00bbinitial\u00a0\u00bb background_position=\u00a0\u00bbtop_left\u00a0\u00bb background_repeat=\u00a0\u00bbrepeat\u00a0\u00bb global_colors_info=\u00a0\u00bb{}\u00a0\u00bb][et_pb_column type=\u00a0\u00bb4_4&Prime; _builder_version=\u00a0\u00bb4.16&Prime; custom_padding=\u00a0\u00bb|||\u00a0\u00bb global_colors_info=\u00a0\u00bb{}\u00a0\u00bb custom_padding__hover=\u00a0\u00bb|||\u00a0\u00bb][et_pb_text admin_label=\u00a0\u00bbText\u00a0\u00bb _builder_version=\u00a0\u00bb4.25.2&Prime; background_size=\u00a0\u00bbinitial\u00a0\u00bb background_position=\u00a0\u00bbtop_left\u00a0\u00bb background_repeat=\u00a0\u00bbrepeat\u00a0\u00bb global_colors_info=\u00a0\u00bb{}\u00a0\u00bb]<\/p>\n<h1>.Les partenaires<\/h1>\n<p>Les partenaires techniques qui nous apportent leur aide depuis 17 ans d\u00e9j\u00e0:<\/p>\n<ul>\n<li><a href=\"https:\/\/www.campingdesetoiles.fr\/\" target=\"_blank\" rel=\"noopener\">Le camping des \u00e9toiles<\/a> qui nous accueille et sans qui ce festival n&rsquo;existerait pas.<\/li>\n<li><a href=\"https:\/\/www.entre2prises.fr\/\" target=\"_blank\" rel=\"noopener\">entre2prises<\/a> qui assure la logistique tout au long de l&rsquo;ann\u00e9e.<\/li>\n<li><a href=\"http:\/\/www.arteradio.com\/\" target=\"_blank\" rel=\"noopener\">Arte Radio<\/a>, qui nous donne acc\u00e8s \u00e0 leur tr\u00e9sor radiophonique et nous conseille pour la programmation.<\/li>\n<li><a href=\"https:\/\/fermemarigot.wixsite.com\/fermemarigot\" target=\"_blank\" rel=\"noopener\">La ferme du marigot<\/a> qui nous fournit logistique et lait bio pour les cr\u00eapes.<\/li>\n<li><a href=\"https:\/\/najac.fr\/\" target=\"_blank\" rel=\"noopener\">La mairie de Najac<\/a> qui nous permet de r\u00e9server des salles municipales et qui nous pr\u00eate du mat\u00e9riel.<\/li>\n<li><span style=\"color: #e02b20;\">La locale<\/span>, la web radio najacoise.<\/li>\n<\/ul>\n<p>Depuis 5 ans, nous travaillons avec le <a href=\"https:\/\/www.cafezoide.fr\/\" target=\"_blank\" rel=\"noopener\">caf\u00e9zo\u00efde<\/a> pour faire vivre le festival gr\u00e2ce \u00e0 la cr\u00e9ativit\u00e9 des enfants.<\/p>\n<p>[\/et_pb_text][\/et_pb_column][\/et_pb_row][et_pb_row _builder_version=\u00a0\u00bb4.25.2&Prime; _module_preset=\u00a0\u00bbdefault\u00a0\u00bb global_module=\u00a0\u00bb1130&Prime; saved_tabs=\u00a0\u00bball\u00a0\u00bb global_colors_info=\u00a0\u00bb{}\u00a0\u00bb][et_pb_column type=\u00a0\u00bb4_4&Prime; _builder_version=\u00a0\u00bb4.25.2&Prime; _module_preset=\u00a0\u00bbdefault\u00a0\u00bb global_colors_info=\u00a0\u00bb{}\u00a0\u00bb][et_pb_text _builder_version=\u00a0\u00bb4.25.2&Prime; _module_preset=\u00a0\u00bbdefault\u00a0\u00bb global_colors_info=\u00a0\u00bb{}\u00a0\u00bb]<\/p>\n<h2>ENTR\u00c9E LIBRE ET GRATUITE<\/h2>\n<p>Le festival sous les Toiles de Najac est un espace d&rsquo;imagination, de rencontres, pour les tout petits, les ados et tous les grands. Il a lieu chaque ann\u00e9e en juillet durant cinq ou six jours.\u2028 C&rsquo;est l&rsquo;occasion de partager sous les \u00e9toiles de l&rsquo;Aveyron, des images et des sons venus des quatre coins du monde. Vous y trouverez dans le d\u00e9sordre :\u2028 des longs et courts m\u00e9trages projet\u00e9s en plein air dans une prairie le soir, et dans un petit coin de for\u00eat la journ\u00e9e,\u2028 des documentaires sonores dans la prairie&#8230;\u2028Des Cin\u00e9-concerts, du th\u00e9\u00e2tre, des installations artistiques, de la danse, des Djs, un bal de cl\u00f4ture, parfois un cin\u00e9-karaok\u00e9, et de nombreuses surprises chaque ann\u00e9e.<\/p>\n<p>[\/et_pb_text][et_pb_image src=\u00a0\u00bbhttps:\/\/festivalsouslestoiles.fr\/2024\/wp-content\/uploads\/2024\/06\/partenaires-scaled.jpg\u00a0\u00bb title_text=\u00a0\u00bbpartenaires\u00a0\u00bb _builder_version=\u00a0\u00bb4.25.2&Prime; _module_preset=\u00a0\u00bbdefault\u00a0\u00bb global_colors_info=\u00a0\u00bb{}\u00a0\u00bb][\/et_pb_image][\/et_pb_column][\/et_pb_row][\/et_pb_section]<\/p>\n","protected":false},"excerpt":{"rendered":"<p>Les partenaires les plus fid\u00e8les que nous tenons \u00e0 remercier sont : Le Camping des \u00e9toiles qui h\u00e9berge le festival Arte Radio, qui nous donne acc\u00e8s \u00e0 leur tr\u00e9sor radiophonique et nous conseille pour la programmation entre2prises qui assure la logistique tout au long de l&rsquo;ann\u00e9e Et ponctuellement il y a : La ferme du [&hellip;]<\/p>\n","protected":false},"author":2,"featured_media":244,"parent":0,"menu_order":0,"comment_status":"open","ping_status":"closed","template":"","meta":{"_et_pb_use_builder":"on","_et_pb_old_content":"Les partenaires techniques qui nous apportent leur aide depuis 16 ans d\u00e9j\u00e0:\n<ul>\n \t<li><a href=\"https:\/\/www.campingdesetoiles.fr\/\" target=\"_blank\" rel=\"noopener\">Le camping des \u00e9toiles<\/a> qui nous accueille et sans qui ce festival n'existerait pas<\/li>\n \t<li><a href=\"https:\/\/www.entre2prises.fr\/\" target=\"_blank\" rel=\"noopener\">entre2prises<\/a> qui assure la logistique tout au long de l'ann\u00e9e<\/li>\n \t<li><a href=\"http:\/\/www.arteradio.com\/\" target=\"_blank\" rel=\"noopener\">Arte Radio<\/a>, qui nous donne acc\u00e8s \u00e0 leur tr\u00e9sor radiophonique et nous conseille pour la programmation<\/li>\n \t<li><a href=\"https:\/\/fermemarigot.wixsite.com\/fermemarigot\" target=\"_blank\" rel=\"noopener\">La ferme du marigot<\/a> qui nous fournit logistique et lait bio pour les cr\u00eapes.<\/li>\n \t<li><a href=\"https:\/\/najac.fr\/\" target=\"_blank\" rel=\"noopener\">La mairie de Najac<\/a> qui nous permet de r\u00e9server des salles municipales et qui nous pr\u00eate du mat\u00e9riel.<\/li>\n<\/ul>\nDepuis 4 ans, nous travaillons avec le <a href=\"https:\/\/www.cafezoide.fr\/\" target=\"_blank\" rel=\"noopener\">caf\u00e9zo\u00efde<\/a> pour faire vivre le festival dans le village, gr\u00e2ce \u00e0 la cr\u00e9ativit\u00e9 des enfants.","_et_gb_content_width":"1080","footnotes":""},"class_list":["post-86","page","type-page","status-publish","has-post-thumbnail","hentry"],"yoast_head":"<!-- This site is optimized with the Yoast SEO plugin v23.4 - https:\/\/yoast.com\/wordpress\/plugins\/seo\/ -->\n<title>les partenaires - FESTIVAL SOUS LES TOILES DE NAJAC<\/title>\n<meta name=\"robots\" content=\"noindex, follow, max-snippet:-1, max-image-preview:large, max-video-preview:-1\" \/>\n<meta property=\"og:locale\" content=\"fr_FR\" \/>\n<meta property=\"og:type\" content=\"article\" \/>\n<meta property=\"og:title\" content=\"les partenaires - FESTIVAL SOUS LES TOILES DE NAJAC\" \/>\n<meta property=\"og:description\" content=\"Les partenaires les plus fid\u00e8les que nous tenons \u00e0 remercier sont : Le Camping des \u00e9toiles qui h\u00e9berge le festival Arte Radio, qui nous donne acc\u00e8s \u00e0 leur tr\u00e9sor radiophonique et nous conseille pour la programmation entre2prises qui assure la logistique tout au long de l&rsquo;ann\u00e9e Et ponctuellement il y a : La ferme du [&hellip;]\" \/>\n<meta property=\"og:url\" content=\"https:\/\/festivalsouslestoiles.fr\/2024\/les-partenaires\/\" \/>\n<meta property=\"og:site_name\" content=\"FESTIVAL SOUS LES TOILES DE NAJAC\" \/>\n<meta property=\"article:modified_time\" content=\"2025-04-29T09:24:23+00:00\" \/>\n<meta name=\"twitter:card\" content=\"summary_large_image\" \/>\n<meta name=\"twitter:label1\" content=\"Dur\u00e9e de lecture estim\u00e9e\" \/>\n\t<meta name=\"twitter:data1\" content=\"1 minute\" \/>\n<script type=\"application\/ld+json\" class=\"yoast-schema-graph\">{\"@context\":\"https:\/\/schema.org\",\"@graph\":[{\"@type\":\"WebPage\",\"@id\":\"https:\/\/festivalsouslestoiles.fr\/2024\/les-partenaires\/\",\"url\":\"https:\/\/festivalsouslestoiles.fr\/2024\/les-partenaires\/\",\"name\":\"les partenaires - FESTIVAL SOUS LES TOILES DE NAJAC\",\"isPartOf\":{\"@id\":\"https:\/\/festivalsouslestoiles.fr\/2024\/#website\"},\"primaryImageOfPage\":{\"@id\":\"https:\/\/festivalsouslestoiles.fr\/2024\/les-partenaires\/#primaryimage\"},\"image\":{\"@id\":\"https:\/\/festivalsouslestoiles.fr\/2024\/les-partenaires\/#primaryimage\"},\"thumbnailUrl\":\"\",\"datePublished\":\"2014-06-15T21:22:46+00:00\",\"dateModified\":\"2025-04-29T09:24:23+00:00\",\"breadcrumb\":{\"@id\":\"https:\/\/festivalsouslestoiles.fr\/2024\/les-partenaires\/#breadcrumb\"},\"inLanguage\":\"fr-FR\",\"potentialAction\":[{\"@type\":\"ReadAction\",\"target\":[\"https:\/\/festivalsouslestoiles.fr\/2024\/les-partenaires\/\"]}]},{\"@type\":\"ImageObject\",\"inLanguage\":\"fr-FR\",\"@id\":\"https:\/\/festivalsouslestoiles.fr\/2024\/les-partenaires\/#primaryimage\",\"url\":\"\",\"contentUrl\":\"\"},{\"@type\":\"BreadcrumbList\",\"@id\":\"https:\/\/festivalsouslestoiles.fr\/2024\/les-partenaires\/#breadcrumb\",\"itemListElement\":[{\"@type\":\"ListItem\",\"position\":1,\"name\":\"Accueil\",\"item\":\"https:\/\/festivalsouslestoiles.fr\/2024\/\"},{\"@type\":\"ListItem\",\"position\":2,\"name\":\"les partenaires\"}]},{\"@type\":\"WebSite\",\"@id\":\"https:\/\/festivalsouslestoiles.fr\/2024\/#website\",\"url\":\"https:\/\/festivalsouslestoiles.fr\/2024\/\",\"name\":\"FESTIVAL SOUS LES TOILES DE NAJAC\",\"description\":\"Cin\u00e9ma de plein air \/ Documentaire sonore \/ concert \/ th\u00e9\u00e2tre\u2026\",\"potentialAction\":[{\"@type\":\"SearchAction\",\"target\":{\"@type\":\"EntryPoint\",\"urlTemplate\":\"https:\/\/festivalsouslestoiles.fr\/2024\/?s={search_term_string}\"},\"query-input\":{\"@type\":\"PropertyValueSpecification\",\"valueRequired\":true,\"valueName\":\"search_term_string\"}}],\"inLanguage\":\"fr-FR\"}]}<\/script>\n<!-- \/ Yoast SEO plugin. -->","yoast_head_json":{"title":"les partenaires - FESTIVAL SOUS LES TOILES DE NAJAC","robots":{"index":"noindex","follow":"follow","max-snippet":"max-snippet:-1","max-image-preview":"max-image-preview:large","max-video-preview":"max-video-preview:-1"},"og_locale":"fr_FR","og_type":"article","og_title":"les partenaires - FESTIVAL SOUS LES TOILES DE NAJAC","og_description":"Les partenaires les plus fid\u00e8les que nous tenons \u00e0 remercier sont : Le Camping des \u00e9toiles qui h\u00e9berge le festival Arte Radio, qui nous donne acc\u00e8s \u00e0 leur tr\u00e9sor radiophonique et nous conseille pour la programmation entre2prises qui assure la logistique tout au long de l&rsquo;ann\u00e9e Et ponctuellement il y a : La ferme du [&hellip;]","og_url":"https:\/\/festivalsouslestoiles.fr\/2024\/les-partenaires\/","og_site_name":"FESTIVAL SOUS LES TOILES DE NAJAC","article_modified_time":"2025-04-29T09:24:23+00:00","twitter_card":"summary_large_image","twitter_misc":{"Dur\u00e9e de lecture estim\u00e9e":"1 minute"},"schema":{"@context":"https:\/\/schema.org","@graph":[{"@type":"WebPage","@id":"https:\/\/festivalsouslestoiles.fr\/2024\/les-partenaires\/","url":"https:\/\/festivalsouslestoiles.fr\/2024\/les-partenaires\/","name":"les partenaires - FESTIVAL SOUS LES TOILES DE NAJAC","isPartOf":{"@id":"https:\/\/festivalsouslestoiles.fr\/2024\/#website"},"primaryImageOfPage":{"@id":"https:\/\/festivalsouslestoiles.fr\/2024\/les-partenaires\/#primaryimage"},"image":{"@id":"https:\/\/festivalsouslestoiles.fr\/2024\/les-partenaires\/#primaryimage"},"thumbnailUrl":"","datePublished":"2014-06-15T21:22:46+00:00","dateModified":"2025-04-29T09:24:23+00:00","breadcrumb":{"@id":"https:\/\/festivalsouslestoiles.fr\/2024\/les-partenaires\/#breadcrumb"},"inLanguage":"fr-FR","potentialAction":[{"@type":"ReadAction","target":["https:\/\/festivalsouslestoiles.fr\/2024\/les-partenaires\/"]}]},{"@type":"ImageObject","inLanguage":"fr-FR","@id":"https:\/\/festivalsouslestoiles.fr\/2024\/les-partenaires\/#primaryimage","url":"","contentUrl":""},{"@type":"BreadcrumbList","@id":"https:\/\/festivalsouslestoiles.fr\/2024\/les-partenaires\/#breadcrumb","itemListElement":[{"@type":"ListItem","position":1,"name":"Accueil","item":"https:\/\/festivalsouslestoiles.fr\/2024\/"},{"@type":"ListItem","position":2,"name":"les partenaires"}]},{"@type":"WebSite","@id":"https:\/\/festivalsouslestoiles.fr\/2024\/#website","url":"https:\/\/festivalsouslestoiles.fr\/2024\/","name":"FESTIVAL SOUS LES TOILES DE NAJAC","description":"Cin\u00e9ma de plein air \/ Documentaire sonore \/ concert \/ th\u00e9\u00e2tre\u2026","potentialAction":[{"@type":"SearchAction","target":{"@type":"EntryPoint","urlTemplate":"https:\/\/festivalsouslestoiles.fr\/2024\/?s={search_term_string}"},"query-input":{"@type":"PropertyValueSpecification","valueRequired":true,"valueName":"search_term_string"}}],"inLanguage":"fr-FR"}]}},"_links":{"self":[{"href":"https:\/\/festivalsouslestoiles.fr\/2024\/wp-json\/wp\/v2\/pages\/86","targetHints":{"allow":["GET"]}}],"collection":[{"href":"https:\/\/festivalsouslestoiles.fr\/2024\/wp-json\/wp\/v2\/pages"}],"about":[{"href":"https:\/\/festivalsouslestoiles.fr\/2024\/wp-json\/wp\/v2\/types\/page"}],"author":[{"embeddable":true,"href":"https:\/\/festivalsouslestoiles.fr\/2024\/wp-json\/wp\/v2\/users\/2"}],"replies":[{"embeddable":true,"href":"https:\/\/festivalsouslestoiles.fr\/2024\/wp-json\/wp\/v2\/comments?post=86"}],"version-history":[{"count":7,"href":"https:\/\/festivalsouslestoiles.fr\/2024\/wp-json\/wp\/v2\/pages\/86\/revisions"}],"predecessor-version":[{"id":1354,"href":"https:\/\/festivalsouslestoiles.fr\/2024\/wp-json\/wp\/v2\/pages\/86\/revisions\/1354"}],"wp:featuredmedia":[{"embeddable":true,"href":"https:\/\/festivalsouslestoiles.fr\/2024\/wp-json\/"}],"wp:attachment":[{"href":"https:\/\/festivalsouslestoiles.fr\/2024\/wp-json\/wp\/v2\/media?parent=86"}],"curies":[{"name":"wp","href":"https:\/\/api.w.org\/{rel}","templated":true}]}}