{"id":63,"date":"2024-06-18T17:33:49","date_gmt":"2024-06-18T17:33:49","guid":{"rendered":"https:\/\/festivalsouslestoiles.fr\/?page_id=63"},"modified":"2025-06-26T14:17:10","modified_gmt":"2025-06-26T14:17:10","slug":"accueil","status":"publish","type":"page","link":"https:\/\/festivalsouslestoiles.fr\/2025\/","title":{"rendered":"Festival Sous les Toiles de Najac"},"content":{"rendered":"<p>[et_pb_section fb_built=\u00a0\u00bb1&Prime; fullwidth=\u00a0\u00bbon\u00a0\u00bb _builder_version=\u00a0\u00bb4.27.4&Prime; _module_preset=\u00a0\u00bbdefault\u00a0\u00bb global_module=\u00a0\u00bb1407&Prime; global_colors_info=\u00a0\u00bb{}\u00a0\u00bb][et_pb_fullwidth_slider _builder_version=\u00a0\u00bb4.27.4&Prime; _module_preset=\u00a0\u00bbdefault\u00a0\u00bb custom_margin=\u00a0\u00bb||-3px||false|false\u00a0\u00bb custom_padding=\u00a0\u00bb10px||509px||false|false\u00a0\u00bb global_colors_info=\u00a0\u00bb{}\u00a0\u00bb][et_pb_slide heading=\u00a0\u00bbFESTIVAL SOUS LES TOILES\u00a0\u00bb _builder_version=\u00a0\u00bb4.27.4&Prime; _module_preset=\u00a0\u00bbdefault\u00a0\u00bb header_level=\u00a0\u00bbh2&Prime; header_font=\u00a0\u00bb||||||||\u00a0\u00bb header_font_size=\u00a0\u00bb70px\u00a0\u00bb header_letter_spacing=\u00a0\u00bb1px\u00a0\u00bb body_font=\u00a0\u00bb&#8211;et_global_heading_font||||||||\u00a0\u00bb body_text_color=\u00a0\u00bb#FFFFFF\u00a0\u00bb body_font_size=\u00a0\u00bb21px\u00a0\u00bb background_image=\u00a0\u00bbhttps:\/\/festivalsouslestoiles.fr\/2025\/wp-content\/uploads\/2025\/06\/home.jpg\u00a0\u00bb background_enable_image=\u00a0\u00bbon\u00a0\u00bb global_colors_info=\u00a0\u00bb{}\u00a0\u00bb sticky_transition=\u00a0\u00bbon\u00a0\u00bb]<\/p>\n<h2><\/h2>\n<h1>Du 7 au 11 Juillet 2025<\/h1>\n<p>[\/et_pb_slide][\/et_pb_fullwidth_slider][\/et_pb_section][et_pb_section fb_built=\u00a0\u00bb1&Prime; _builder_version=\u00a0\u00bb4.27.4&Prime; _module_preset=\u00a0\u00bbdefault\u00a0\u00bb use_background_color_gradient=\u00a0\u00bbon\u00a0\u00bb background_color_gradient_direction=\u00a0\u00bb1deg\u00a0\u00bb background_color_gradient_stops=\u00a0\u00bb#a2d7f3 0%|#ffffff 20%\u00a0\u00bb background_enable_image=\u00a0\u00bboff\u00a0\u00bb min_height=\u00a0\u00bb1346.9px\u00a0\u00bb global_colors_info=\u00a0\u00bb{}\u00a0\u00bb][et_pb_row column_structure=\u00a0\u00bb1_2,1_2&Prime; _builder_version=\u00a0\u00bb4.27.4&Prime; _module_preset=\u00a0\u00bbdefault\u00a0\u00bb global_colors_info=\u00a0\u00bb{}\u00a0\u00bb][et_pb_column type=\u00a0\u00bb1_2&Prime; _builder_version=\u00a0\u00bb4.27.4&Prime; _module_preset=\u00a0\u00bbdefault\u00a0\u00bb global_colors_info=\u00a0\u00bb{}\u00a0\u00bb][et_pb_image src=\u00a0\u00bbhttps:\/\/festivalsouslestoiles.fr\/2025\/wp-content\/uploads\/2025\/06\/affiche.jpg\u00a0\u00bb title_text=\u00a0\u00bbScreenshot\u00a0\u00bb _builder_version=\u00a0\u00bb4.27.4&Prime; _module_preset=\u00a0\u00bbdefault\u00a0\u00bb hover_enabled=\u00a0\u00bb0&Prime; global_colors_info=\u00a0\u00bb{}\u00a0\u00bb sticky_enabled=\u00a0\u00bb0&Prime;][\/et_pb_image][\/et_pb_column][et_pb_column type=\u00a0\u00bb1_2&Prime; _builder_version=\u00a0\u00bb4.27.4&Prime; _module_preset=\u00a0\u00bbdefault\u00a0\u00bb global_colors_info=\u00a0\u00bb{}\u00a0\u00bb][et_pb_text _builder_version=\u00a0\u00bb4.27.4&Prime; _module_preset=\u00a0\u00bbdefault\u00a0\u00bb text_font_size=\u00a0\u00bb16px\u00a0\u00bb header_text_align=\u00a0\u00bbcenter\u00a0\u00bb header_text_color=\u00a0\u00bb#426b8e\u00a0\u00bb header_font_size=\u00a0\u00bb56px\u00a0\u00bb header_3_font=\u00a0\u00bb|||on|||||\u00a0\u00bb header_4_font=\u00a0\u00bb|600||on|||||\u00a0\u00bb header_4_text_color=\u00a0\u00bb#ff0800&Prime; hover_enabled=\u00a0\u00bb0&Prime; global_colors_info=\u00a0\u00bb{}\u00a0\u00bb sticky_enabled=\u00a0\u00bb0&Prime;]<\/p>\n<h2 style=\"text-align: left;\">FESTIVAL SOUS LES TOILES<\/h2>\n<p style=\"text-align: left;\"><strong>CIN\u00c9MA EN PLEIN AIR \/ DOCUMENTAIRE SONORE \/ SPECTACLE DE RUE\/ CONCERTS\/ TH\u00c9\u00c2TRE\/ PERFORMANCE\/ ESPACES ET ATELIERS POUR ENFANTS EN PARTENARIAT AVEC LE CAFEZO\u00cfDE\/\u00a0 ET DE NOMBREUSES SURPRISES<\/strong><\/p>\n<p style=\"text-align: left;\"><strong><\/strong><\/p>\n<h2 style=\"text-align: left;\">DU LUNDI 7 AU VENDREDI 11 JUILLET<\/h2>\n<h3 style=\"text-align: left;\">au Hameau de SOURBINS 12270 NAJAC<\/h3>\n<p><strong>ENTR\u00c9E LIBRE ET GRATUITE<\/strong><br \/>Le festival sous les Toiles de Najac est un espace d&rsquo;imagination, de rencontres, pour les tout petits, les ados et tous les grands. Il a lieu chaque ann\u00e9e en juillet durant cinq ou six jours.\u2028 C&rsquo;est l&rsquo;occasion de partager sous les \u00e9toiles de l&rsquo;Aveyron, des images et des sons venus des quatre coins du monde. Vous y trouverez dans le d\u00e9sordre :\u2028 des longs et courts m\u00e9trages projet\u00e9s en plein air dans une prairie le soir, et dans un petit coin de for\u00eat la journ\u00e9e,\u2028 des documentaires sonores dans la prairie&#8230;\u2028Des Cin\u00e9-concerts, du th\u00e9\u00e2tre, des installations artistiques, de la danse, des Djs, un bal de cl\u00f4ture, parfois un cin\u00e9-karaok\u00e9, et de nombreuses surprises chaque ann\u00e9e.<\/p>\n<p style=\"text-align: left;\">[\/et_pb_text][et_pb_button button_text=\u00a0\u00bbT\u00e9l\u00e9charger le programme complet\u00a0\u00bb _builder_version=\u00a0\u00bb4.27.4&Prime; _module_preset=\u00a0\u00bbdefault\u00a0\u00bb custom_margin=\u00a0\u00bb-30px||||false|false\u00a0\u00bb custom_button=\u00a0\u00bbon\u00a0\u00bb hover_enabled=\u00a0\u00bb0&Prime; sticky_enabled=\u00a0\u00bb0&Prime; button_text_color=\u00a0\u00bb#0C71C3&Prime; button_font=\u00a0\u00bb&#8211;et_global_body_font|||on|||||\u00a0\u00bb button_url=\u00a0\u00bbhttps:\/\/festivalsouslestoiles.fr\/2025\/wp-content\/uploads\/2025\/06\/programme-2025.pdf\u00a0\u00bb url_new_window=\u00a0\u00bbon\u00a0\u00bb][\/et_pb_button][et_pb_text _builder_version=\u00a0\u00bb4.27.4&Prime; _module_preset=\u00a0\u00bbdefault\u00a0\u00bb hover_enabled=\u00a0\u00bb0&Prime; sticky_enabled=\u00a0\u00bb0&Prime;][\/et_pb_text][\/et_pb_column][\/et_pb_row][et_pb_row _builder_version=\u00a0\u00bb4.27.4&Prime; _module_preset=\u00a0\u00bbdefault\u00a0\u00bb column_structure=\u00a0\u00bb2_5,3_5&Prime;][et_pb_column _builder_version=\u00a0\u00bb4.27.4&Prime; _module_preset=\u00a0\u00bbdefault\u00a0\u00bb type=\u00a0\u00bb2_5&Prime;][et_pb_image src=\u00a0\u00bbhttps:\/\/festivalsouslestoiles.fr\/2025\/wp-content\/uploads\/2025\/06\/edito.jpg\u00a0\u00bb _builder_version=\u00a0\u00bb4.27.4&Prime; _module_preset=\u00a0\u00bbdefault\u00a0\u00bb title_text=\u00a0\u00bbScreenshot\u00a0\u00bb align=\u00a0\u00bbcenter\u00a0\u00bb force_fullwidth=\u00a0\u00bbon\u00a0\u00bb hover_enabled=\u00a0\u00bb0&Prime; sticky_enabled=\u00a0\u00bb0&Prime;][\/et_pb_image][\/et_pb_column][et_pb_column _builder_version=\u00a0\u00bb4.27.4&Prime; _module_preset=\u00a0\u00bbdefault\u00a0\u00bb type=\u00a0\u00bb3_5&Prime;][et_pb_text _builder_version=\u00a0\u00bb4.27.4&Prime; _module_preset=\u00a0\u00bbdefault\u00a0\u00bb hover_enabled=\u00a0\u00bb0&Prime; sticky_enabled=\u00a0\u00bb0&Prime;]<\/p>\n<p>Chaque \u00e9t\u00e9, le festival Sous les Toiles r\u00e9invente le plaisir d&rsquo;\u00eatre ensemble au c\u0153ur d&rsquo;un territoire vibrant, g\u00e9n\u00e9reux et indocile. Cette ann\u00e9e, notre boussole pointe vers la route et la marge : ces chemins de traverse o\u00f9 l&rsquo;on se cherche, se perd et se retrouve. C&rsquo;est dans ces interstices que surgissent les plus belles histoires, les plus beaux \u00e9lans, les plus justes col\u00e8res et les f\u00eates les plus folles.<\/p>\n<p>Nous rendrons un hommage chaleureux \u00e0 Jean Henri Meunier, cin\u00e9aste libertaire et compagnon de Najac, avec une soir\u00e9e d\u00e9di\u00e9e \u00e0 ses images, ses musiques, son regard tendre et allum\u00e9 sur le monde. Une mani\u00e8re de c\u00e9l\u00e9brer les racines du festival et ceux qui l&rsquo;ont nourri de leur libert\u00e9 farouche.<\/p>\n<p>Le festival s&rsquo;ouvrira en public par un d\u00e9bat radiophonique anim\u00e9 par la radio du territoire, La Locale des Lieux Communs. Ensemble, nous interrogerons ce que \u00ab faire culture \u00bb veut dire ici, aujourd&rsquo;hui : mutualiser, inventer, relier. C&rsquo;est souvent depuis la marge que le monde s&rsquo;\u00e9claire autrement.<\/p>\n<p>Et puis, en filigrane de cette \u00e9dition, une \u00e9nergie nomade parcourt toute la programmation. Des camionnettes qui deviennent maisons, des routes de Perse aux steppes de Mongolie, des d\u00e9parts vers l&rsquo;ailleurs aux retours vers le pays d&rsquo;origine. Fain\u00e9ant.es, cyclonomades, fugitif.ves et r\u00eaveureuses nous accompagnent, pour mieux \u00e9largir l&rsquo;horizon de nos imaginaires. Pr\u00e9parez vos sacs \u00e0 dos, vos carnets de po\u00e9sie, vos oreilles curieuses et vos pieds dansants. Le festival d\u00e9marre, la route est belle et nous sommes nombreux.ses \u00e0 l&#8217;emprunter. L&rsquo;\u00e9quipe du festival.<\/p>\n<p>[\/et_pb_text][\/et_pb_column][\/et_pb_row][et_pb_row _builder_version=\u00a0\u00bb4.25.2&Prime; _module_preset=\u00a0\u00bbdefault\u00a0\u00bb custom_padding=\u00a0\u00bb0px|||||\u00a0\u00bb global_colors_info=\u00a0\u00bb{}\u00a0\u00bb][et_pb_column type=\u00a0\u00bb4_4&Prime; _builder_version=\u00a0\u00bb4.25.2&Prime; _module_preset=\u00a0\u00bbdefault\u00a0\u00bb global_colors_info=\u00a0\u00bb{}\u00a0\u00bb][et_pb_text _builder_version=\u00a0\u00bb4.25.2&Prime; _module_preset=\u00a0\u00bbdefault\u00a0\u00bb global_colors_info=\u00a0\u00bb{}\u00a0\u00bb][\/et_pb_text][\/et_pb_column][\/et_pb_row][et_pb_row _builder_version=\u00a0\u00bb4.25.2&Prime; _module_preset=\u00a0\u00bbdefault\u00a0\u00bb global_module=\u00a0\u00bb1130&Prime; saved_tabs=\u00a0\u00bball\u00a0\u00bb global_colors_info=\u00a0\u00bb{}\u00a0\u00bb][et_pb_column type=\u00a0\u00bb4_4&Prime; _builder_version=\u00a0\u00bb4.25.2&Prime; _module_preset=\u00a0\u00bbdefault\u00a0\u00bb global_colors_info=\u00a0\u00bb{}\u00a0\u00bb][et_pb_image src=\u00a0\u00bbhttps:\/\/festivalsouslestoiles.fr\/2025\/wp-content\/uploads\/2025\/06\/logo.jpg\u00a0\u00bb title_text=\u00a0\u00bbScreenshot\u00a0\u00bb _builder_version=\u00a0\u00bb4.27.4&Prime; _module_preset=\u00a0\u00bbdefault\u00a0\u00bb hover_enabled=\u00a0\u00bb0&Prime; global_colors_info=\u00a0\u00bb{}\u00a0\u00bb align=\u00a0\u00bbcenter\u00a0\u00bb force_fullwidth=\u00a0\u00bbon\u00a0\u00bb sticky_enabled=\u00a0\u00bb0&Prime;][\/et_pb_image][\/et_pb_column][\/et_pb_row][\/et_pb_section]<\/p>\n","protected":false},"excerpt":{"rendered":"<p>Du 7 au 11 Juillet 2025FESTIVAL SOUS LES TOILES CIN\u00c9MA EN PLEIN AIR \/ DOCUMENTAIRE SONORE \/ SPECTACLE DE RUE\/ CONCERTS\/ TH\u00c9\u00c2TRE\/ PERFORMANCE\/ ESPACES ET ATELIERS POUR ENFANTS EN PARTENARIAT AVEC LE CAFEZO\u00cfDE\/\u00a0 ET DE NOMBREUSES SURPRISES DU LUNDI 7 AU VENDREDI 11 JUILLET au Hameau de SOURBINS 12270 NAJAC ENTR\u00c9E LIBRE ET GRATUITELe festival [&hellip;]<\/p>\n","protected":false},"author":1,"featured_media":1002,"parent":0,"menu_order":0,"comment_status":"closed","ping_status":"closed","template":"","meta":{"_et_pb_use_builder":"on","_et_pb_old_content":"","_et_gb_content_width":"","footnotes":""},"class_list":["post-63","page","type-page","status-publish","has-post-thumbnail","hentry"],"yoast_head":"<!-- This site is optimized with the Yoast SEO plugin v27.4 - https:\/\/yoast.com\/product\/yoast-seo-wordpress\/ -->\n<title>Festival Sous les Toiles de Najac - Cin\u00e9ma de plein air \/ Documentaire sonore \/ concert \/ th\u00e9\u00e2tre\u2026<\/title>\n<meta name=\"description\" content=\"Le festival sous les Toiles de Najac est un espace d\u2019imagination, de rencontres, pour les tout petits, les ados et tous les grands. Il a lieu chaque ann\u00e9e en juillet durant cinq ou six jours.\u2028 C\u2019est l\u2019occasion de partager sous les \u00e9toiles de l\u2019Aveyron, des images et des sons venus des quatre coins du monde. Vous y trouverez dans le d\u00e9sordre :\u2028 des longs et courts m\u00e9trages projet\u00e9s en plein air dans une prairie le soir, et dans un petit coin de for\u00eat la journ\u00e9e,\u2028 des documentaires sonores dans la prairie\u2026\u2028Des Cin\u00e9-concerts, mais aussi du th\u00e9\u00e2tre, des Djs, un bal de cl\u00f4ture, parfois un cin\u00e9-karaok\u00e9, et de nombreuses surprises chaque ann\u00e9e.\" \/>\n<meta name=\"robots\" content=\"noindex, follow, max-snippet:-1, max-image-preview:large, max-video-preview:-1\" \/>\n<meta property=\"og:locale\" content=\"fr_FR\" \/>\n<meta property=\"og:type\" content=\"article\" \/>\n<meta property=\"og:title\" content=\"Festival Sous les Toiles de Najac - Cin\u00e9ma de plein air \/ Documentaire sonore \/ concert \/ th\u00e9\u00e2tre\u2026\" \/>\n<meta property=\"og:description\" content=\"Le festival sous les Toiles de Najac est un espace d\u2019imagination, de rencontres, pour les tout petits, les ados et tous les grands. Il a lieu chaque ann\u00e9e en juillet durant cinq ou six jours.\u2028 C\u2019est l\u2019occasion de partager sous les \u00e9toiles de l\u2019Aveyron, des images et des sons venus des quatre coins du monde. Vous y trouverez dans le d\u00e9sordre :\u2028 des longs et courts m\u00e9trages projet\u00e9s en plein air dans une prairie le soir, et dans un petit coin de for\u00eat la journ\u00e9e,\u2028 des documentaires sonores dans la prairie\u2026\u2028Des Cin\u00e9-concerts, mais aussi du th\u00e9\u00e2tre, des Djs, un bal de cl\u00f4ture, parfois un cin\u00e9-karaok\u00e9, et de nombreuses surprises chaque ann\u00e9e.\" \/>\n<meta property=\"og:url\" content=\"https:\/\/festivalsouslestoiles.fr\/2025\/\" \/>\n<meta property=\"og:site_name\" content=\"FESTIVAL SOUS LES TOILES DE NAJAC\" \/>\n<meta property=\"article:modified_time\" content=\"2025-06-26T14:17:10+00:00\" \/>\n<meta property=\"og:image\" content=\"https:\/\/festivalsouslestoiles.fr\/2025\/wp-content\/uploads\/2024\/06\/YDU-NH-4.jpg\" \/>\n\t<meta property=\"og:image:width\" content=\"1031\" \/>\n\t<meta property=\"og:image:height\" content=\"948\" \/>\n\t<meta property=\"og:image:type\" content=\"image\/jpeg\" \/>\n<meta name=\"twitter:card\" content=\"summary_large_image\" \/>\n<meta name=\"twitter:label1\" content=\"Dur\u00e9e de lecture estim\u00e9e\" \/>\n\t<meta name=\"twitter:data1\" content=\"4 minutes\" \/>\n<script type=\"application\/ld+json\" class=\"yoast-schema-graph\">{\"@context\":\"https:\\\/\\\/schema.org\",\"@graph\":[{\"@type\":\"WebPage\",\"@id\":\"https:\\\/\\\/festivalsouslestoiles.fr\\\/2025\\\/\",\"url\":\"https:\\\/\\\/festivalsouslestoiles.fr\\\/2025\\\/\",\"name\":\"Festival Sous les Toiles de Najac - Cin\u00e9ma de plein air \\\/ Documentaire sonore \\\/ concert \\\/ th\u00e9\u00e2tre\u2026\",\"isPartOf\":{\"@id\":\"https:\\\/\\\/festivalsouslestoiles.fr\\\/2025\\\/#website\"},\"primaryImageOfPage\":{\"@id\":\"https:\\\/\\\/festivalsouslestoiles.fr\\\/2025\\\/#primaryimage\"},\"image\":{\"@id\":\"https:\\\/\\\/festivalsouslestoiles.fr\\\/2025\\\/#primaryimage\"},\"thumbnailUrl\":\"https:\\\/\\\/festivalsouslestoiles.fr\\\/2025\\\/wp-content\\\/uploads\\\/2024\\\/06\\\/YDU-NH-4.jpg\",\"datePublished\":\"2024-06-18T17:33:49+00:00\",\"dateModified\":\"2025-06-26T14:17:10+00:00\",\"description\":\"Le festival sous les Toiles de Najac est un espace d\u2019imagination, de rencontres, pour les tout petits, les ados et tous les grands. Il a lieu chaque ann\u00e9e en juillet durant cinq ou six jours.\\u2028 C\u2019est l\u2019occasion de partager sous les \u00e9toiles de l\u2019Aveyron, des images et des sons venus des quatre coins du monde. Vous y trouverez dans le d\u00e9sordre :\\u2028 des longs et courts m\u00e9trages projet\u00e9s en plein air dans une prairie le soir, et dans un petit coin de for\u00eat la journ\u00e9e,\\u2028 des documentaires sonores dans la prairie\u2026\\u2028Des Cin\u00e9-concerts, mais aussi du th\u00e9\u00e2tre, des Djs, un bal de cl\u00f4ture, parfois un cin\u00e9-karaok\u00e9, et de nombreuses surprises chaque ann\u00e9e.\",\"breadcrumb\":{\"@id\":\"https:\\\/\\\/festivalsouslestoiles.fr\\\/2025\\\/#breadcrumb\"},\"inLanguage\":\"fr-FR\",\"potentialAction\":[{\"@type\":\"ReadAction\",\"target\":[\"https:\\\/\\\/festivalsouslestoiles.fr\\\/2025\\\/\"]}]},{\"@type\":\"ImageObject\",\"inLanguage\":\"fr-FR\",\"@id\":\"https:\\\/\\\/festivalsouslestoiles.fr\\\/2025\\\/#primaryimage\",\"url\":\"https:\\\/\\\/festivalsouslestoiles.fr\\\/2025\\\/wp-content\\\/uploads\\\/2024\\\/06\\\/YDU-NH-4.jpg\",\"contentUrl\":\"https:\\\/\\\/festivalsouslestoiles.fr\\\/2025\\\/wp-content\\\/uploads\\\/2024\\\/06\\\/YDU-NH-4.jpg\",\"width\":1031,\"height\":948,\"caption\":\"Screenshot\"},{\"@type\":\"BreadcrumbList\",\"@id\":\"https:\\\/\\\/festivalsouslestoiles.fr\\\/2025\\\/#breadcrumb\",\"itemListElement\":[{\"@type\":\"ListItem\",\"position\":1,\"name\":\"Accueil\",\"item\":\"https:\\\/\\\/festivalsouslestoiles.fr\\\/2025\\\/\"},{\"@type\":\"ListItem\",\"position\":2,\"name\":\"Festival Sous les Toiles de Najac\"}]},{\"@type\":\"WebSite\",\"@id\":\"https:\\\/\\\/festivalsouslestoiles.fr\\\/2025\\\/#website\",\"url\":\"https:\\\/\\\/festivalsouslestoiles.fr\\\/2025\\\/\",\"name\":\"FESTIVAL SOUS LES TOILES DE NAJAC\",\"description\":\"Cin\u00e9ma de plein air \\\/ Documentaire sonore \\\/ concert \\\/ th\u00e9\u00e2tre\u2026\",\"potentialAction\":[{\"@type\":\"SearchAction\",\"target\":{\"@type\":\"EntryPoint\",\"urlTemplate\":\"https:\\\/\\\/festivalsouslestoiles.fr\\\/2025\\\/?s={search_term_string}\"},\"query-input\":{\"@type\":\"PropertyValueSpecification\",\"valueRequired\":true,\"valueName\":\"search_term_string\"}}],\"inLanguage\":\"fr-FR\"}]}<\/script>\n<!-- \/ Yoast SEO plugin. -->","yoast_head_json":{"title":"Festival Sous les Toiles de Najac - Cin\u00e9ma de plein air \/ Documentaire sonore \/ concert \/ th\u00e9\u00e2tre\u2026","description":"Le festival sous les Toiles de Najac est un espace d\u2019imagination, de rencontres, pour les tout petits, les ados et tous les grands. Il a lieu chaque ann\u00e9e en juillet durant cinq ou six jours.\u2028 C\u2019est l\u2019occasion de partager sous les \u00e9toiles de l\u2019Aveyron, des images et des sons venus des quatre coins du monde. Vous y trouverez dans le d\u00e9sordre :\u2028 des longs et courts m\u00e9trages projet\u00e9s en plein air dans une prairie le soir, et dans un petit coin de for\u00eat la journ\u00e9e,\u2028 des documentaires sonores dans la prairie\u2026\u2028Des Cin\u00e9-concerts, mais aussi du th\u00e9\u00e2tre, des Djs, un bal de cl\u00f4ture, parfois un cin\u00e9-karaok\u00e9, et de nombreuses surprises chaque ann\u00e9e.","robots":{"index":"noindex","follow":"follow","max-snippet":"max-snippet:-1","max-image-preview":"max-image-preview:large","max-video-preview":"max-video-preview:-1"},"og_locale":"fr_FR","og_type":"article","og_title":"Festival Sous les Toiles de Najac - Cin\u00e9ma de plein air \/ Documentaire sonore \/ concert \/ th\u00e9\u00e2tre\u2026","og_description":"Le festival sous les Toiles de Najac est un espace d\u2019imagination, de rencontres, pour les tout petits, les ados et tous les grands. Il a lieu chaque ann\u00e9e en juillet durant cinq ou six jours.\u2028 C\u2019est l\u2019occasion de partager sous les \u00e9toiles de l\u2019Aveyron, des images et des sons venus des quatre coins du monde. Vous y trouverez dans le d\u00e9sordre :\u2028 des longs et courts m\u00e9trages projet\u00e9s en plein air dans une prairie le soir, et dans un petit coin de for\u00eat la journ\u00e9e,\u2028 des documentaires sonores dans la prairie\u2026\u2028Des Cin\u00e9-concerts, mais aussi du th\u00e9\u00e2tre, des Djs, un bal de cl\u00f4ture, parfois un cin\u00e9-karaok\u00e9, et de nombreuses surprises chaque ann\u00e9e.","og_url":"https:\/\/festivalsouslestoiles.fr\/2025\/","og_site_name":"FESTIVAL SOUS LES TOILES DE NAJAC","article_modified_time":"2025-06-26T14:17:10+00:00","og_image":[{"width":1031,"height":948,"url":"https:\/\/festivalsouslestoiles.fr\/2025\/wp-content\/uploads\/2024\/06\/YDU-NH-4.jpg","type":"image\/jpeg"}],"twitter_card":"summary_large_image","twitter_misc":{"Dur\u00e9e de lecture estim\u00e9e":"4 minutes"},"schema":{"@context":"https:\/\/schema.org","@graph":[{"@type":"WebPage","@id":"https:\/\/festivalsouslestoiles.fr\/2025\/","url":"https:\/\/festivalsouslestoiles.fr\/2025\/","name":"Festival Sous les Toiles de Najac - Cin\u00e9ma de plein air \/ Documentaire sonore \/ concert \/ th\u00e9\u00e2tre\u2026","isPartOf":{"@id":"https:\/\/festivalsouslestoiles.fr\/2025\/#website"},"primaryImageOfPage":{"@id":"https:\/\/festivalsouslestoiles.fr\/2025\/#primaryimage"},"image":{"@id":"https:\/\/festivalsouslestoiles.fr\/2025\/#primaryimage"},"thumbnailUrl":"https:\/\/festivalsouslestoiles.fr\/2025\/wp-content\/uploads\/2024\/06\/YDU-NH-4.jpg","datePublished":"2024-06-18T17:33:49+00:00","dateModified":"2025-06-26T14:17:10+00:00","description":"Le festival sous les Toiles de Najac est un espace d\u2019imagination, de rencontres, pour les tout petits, les ados et tous les grands. Il a lieu chaque ann\u00e9e en juillet durant cinq ou six jours.\u2028 C\u2019est l\u2019occasion de partager sous les \u00e9toiles de l\u2019Aveyron, des images et des sons venus des quatre coins du monde. Vous y trouverez dans le d\u00e9sordre :\u2028 des longs et courts m\u00e9trages projet\u00e9s en plein air dans une prairie le soir, et dans un petit coin de for\u00eat la journ\u00e9e,\u2028 des documentaires sonores dans la prairie\u2026\u2028Des Cin\u00e9-concerts, mais aussi du th\u00e9\u00e2tre, des Djs, un bal de cl\u00f4ture, parfois un cin\u00e9-karaok\u00e9, et de nombreuses surprises chaque ann\u00e9e.","breadcrumb":{"@id":"https:\/\/festivalsouslestoiles.fr\/2025\/#breadcrumb"},"inLanguage":"fr-FR","potentialAction":[{"@type":"ReadAction","target":["https:\/\/festivalsouslestoiles.fr\/2025\/"]}]},{"@type":"ImageObject","inLanguage":"fr-FR","@id":"https:\/\/festivalsouslestoiles.fr\/2025\/#primaryimage","url":"https:\/\/festivalsouslestoiles.fr\/2025\/wp-content\/uploads\/2024\/06\/YDU-NH-4.jpg","contentUrl":"https:\/\/festivalsouslestoiles.fr\/2025\/wp-content\/uploads\/2024\/06\/YDU-NH-4.jpg","width":1031,"height":948,"caption":"Screenshot"},{"@type":"BreadcrumbList","@id":"https:\/\/festivalsouslestoiles.fr\/2025\/#breadcrumb","itemListElement":[{"@type":"ListItem","position":1,"name":"Accueil","item":"https:\/\/festivalsouslestoiles.fr\/2025\/"},{"@type":"ListItem","position":2,"name":"Festival Sous les Toiles de Najac"}]},{"@type":"WebSite","@id":"https:\/\/festivalsouslestoiles.fr\/2025\/#website","url":"https:\/\/festivalsouslestoiles.fr\/2025\/","name":"FESTIVAL SOUS LES TOILES DE NAJAC","description":"Cin\u00e9ma de plein air \/ Documentaire sonore \/ concert \/ th\u00e9\u00e2tre\u2026","potentialAction":[{"@type":"SearchAction","target":{"@type":"EntryPoint","urlTemplate":"https:\/\/festivalsouslestoiles.fr\/2025\/?s={search_term_string}"},"query-input":{"@type":"PropertyValueSpecification","valueRequired":true,"valueName":"search_term_string"}}],"inLanguage":"fr-FR"}]}},"_links":{"self":[{"href":"https:\/\/festivalsouslestoiles.fr\/2025\/wp-json\/wp\/v2\/pages\/63","targetHints":{"allow":["GET"]}}],"collection":[{"href":"https:\/\/festivalsouslestoiles.fr\/2025\/wp-json\/wp\/v2\/pages"}],"about":[{"href":"https:\/\/festivalsouslestoiles.fr\/2025\/wp-json\/wp\/v2\/types\/page"}],"author":[{"embeddable":true,"href":"https:\/\/festivalsouslestoiles.fr\/2025\/wp-json\/wp\/v2\/users\/1"}],"replies":[{"embeddable":true,"href":"https:\/\/festivalsouslestoiles.fr\/2025\/wp-json\/wp\/v2\/comments?post=63"}],"version-history":[{"count":56,"href":"https:\/\/festivalsouslestoiles.fr\/2025\/wp-json\/wp\/v2\/pages\/63\/revisions"}],"predecessor-version":[{"id":1448,"href":"https:\/\/festivalsouslestoiles.fr\/2025\/wp-json\/wp\/v2\/pages\/63\/revisions\/1448"}],"wp:featuredmedia":[{"embeddable":true,"href":"https:\/\/festivalsouslestoiles.fr\/2025\/wp-json\/wp\/v2\/media\/1002"}],"wp:attachment":[{"href":"https:\/\/festivalsouslestoiles.fr\/2025\/wp-json\/wp\/v2\/media?parent=63"}],"curies":[{"name":"wp","href":"https:\/\/api.w.org\/{rel}","templated":true}]}}