{"id":78,"date":"2014-06-15T21:18:10","date_gmt":"2014-06-15T21:18:10","guid":{"rendered":"http:\/\/festivaldenajac.wordpress.com\/?page_id=30"},"modified":"2025-04-29T12:19:58","modified_gmt":"2025-04-29T12:19:58","slug":"infos-pratiques","status":"publish","type":"page","link":"https:\/\/festivalsouslestoiles.fr\/2025\/infos-pratiques\/","title":{"rendered":"INFOS PRATIQUES"},"content":{"rendered":"<p>[et_pb_section fb_built=\u00a0\u00bb1&Prime; _builder_version=\u00a0\u00bb4.16&Prime; global_colors_info=\u00a0\u00bb{}\u00a0\u00bb][et_pb_row _builder_version=\u00a0\u00bb4.16&Prime; background_size=\u00a0\u00bbinitial\u00a0\u00bb background_position=\u00a0\u00bbtop_left\u00a0\u00bb background_repeat=\u00a0\u00bbrepeat\u00a0\u00bb global_colors_info=\u00a0\u00bb{}\u00a0\u00bb][et_pb_column type=\u00a0\u00bb4_4&Prime; _builder_version=\u00a0\u00bb4.16&Prime; custom_padding=\u00a0\u00bb|||\u00a0\u00bb global_colors_info=\u00a0\u00bb{}\u00a0\u00bb custom_padding__hover=\u00a0\u00bb|||\u00a0\u00bb][et_pb_text _builder_version=\u00a0\u00bb4.25.2&Prime; background_size=\u00a0\u00bbinitial\u00a0\u00bb background_position=\u00a0\u00bbtop_left\u00a0\u00bb background_repeat=\u00a0\u00bbrepeat\u00a0\u00bb global_colors_info=\u00a0\u00bb{}\u00a0\u00bb]<\/p>\n<h1><span style=\"color: #993300;\">Du lundi 7 juillet au vendredi 11 juillet 2025.<\/span><\/h1>\n<p><strong>Horaires: Tous les jours \u00e0 partir de 17H au hameau de Sourbins.<\/strong><br \/><iframe src=\"https:\/\/www.google.com\/maps\/embed?pb=!1m18!1m12!1m3!1d11437.23081014066!2d2.0037908227203913!3d44.2213229853613!2m3!1f0!2f0!3f0!3m2!1i1024!2i768!4f13.1!3m3!1m2!1s0x12adbacf68a7a369%3A0x3429fb22334de42f!2sSourbins%2C%2012270%20Najac!5e0!3m2!1sfr!2sfr!4v1718740650951!5m2!1sfr!2sfr\" width=\"100%\" height=\"450\" style=\"border: 0;\" allowfullscreen=\"\" loading=\"lazy\" referrerpolicy=\"no-referrer-when-downgrade\"><\/iframe><\/p>\n<p><strong>Entr\u00e9e libre et gratuite<\/strong> (possibilit\u00e9 de soutenir le festival en devenant adh\u00e9rent.e \u00e0 partir de 5 \u20ac).<br \/>N&rsquo;oubliez pas vos couvertures et vos transats, les nuits sont parfois fraiches !<\/p>\n<p><strong><span style=\"color: #ff0000;\">ATTENTION EN CAS D&rsquo;INTEMP\u00c9RIES ( PLUIES, VENT FORT) NOUS SERONS DANS L&rsquo;OBLIGATION D&rsquo;ANNULER LES S\u00c9ANCES, SANS POSSIBILIT\u00c9 DE REPLI A L\u2019INT\u00c9RIEUR<\/span><\/strong><\/p>\n<p><span style=\"color: #ff0000;\"><\/span><\/p>\n<p><strong><span style=\"color: #339966;\">Restauration sur place<\/span><\/strong><\/p>\n<p>Possibilit\u00e9 de camper sur place au <a href=\"http:\/\/campingdesetoiles12@gmail.com\" target=\"_blank\" rel=\"noopener\">camping des \u00e9toiles<\/a>\u00a0\u00a0sur r\u00e9servation uniquement<\/p>\n<p>Pour tous renseignements sur l&rsquo;h\u00e9bergement et la restauration: 06 22 03 00 69 aupr\u00e8s de Sylvie.<\/p>\n<p>Pour tout autre renseignement :\u00a0 <a href=\"mailto:festivalsouslestoiles@gmail.com\">festivalsouslestoiles@gmail.com\u00a0<\/a><\/p>\n<p>[\/et_pb_text][\/et_pb_column][\/et_pb_row][et_pb_row _builder_version=\u00a0\u00bb4.25.2&Prime; _module_preset=\u00a0\u00bbdefault\u00a0\u00bb global_module=\u00a0\u00bb1130&Prime; saved_tabs=\u00a0\u00bball\u00a0\u00bb global_colors_info=\u00a0\u00bb{}\u00a0\u00bb][et_pb_column type=\u00a0\u00bb4_4&Prime; _builder_version=\u00a0\u00bb4.25.2&Prime; _module_preset=\u00a0\u00bbdefault\u00a0\u00bb global_colors_info=\u00a0\u00bb{}\u00a0\u00bb][et_pb_text _builder_version=\u00a0\u00bb4.25.2&Prime; _module_preset=\u00a0\u00bbdefault\u00a0\u00bb global_colors_info=\u00a0\u00bb{}\u00a0\u00bb]<\/p>\n<h2>ENTR\u00c9E LIBRE ET GRATUITE<\/h2>\n<p>Le festival sous les Toiles de Najac est un espace d&rsquo;imagination, de rencontres, pour les tout petits, les ados et tous les grands. Il a lieu chaque ann\u00e9e en juillet durant cinq ou six jours.\u2028 C&rsquo;est l&rsquo;occasion de partager sous les \u00e9toiles de l&rsquo;Aveyron, des images et des sons venus des quatre coins du monde. Vous y trouverez dans le d\u00e9sordre :\u2028 des longs et courts m\u00e9trages projet\u00e9s en plein air dans une prairie le soir, et dans un petit coin de for\u00eat la journ\u00e9e,\u2028 des documentaires sonores dans la prairie&#8230;\u2028Des Cin\u00e9-concerts, du th\u00e9\u00e2tre, des installations artistiques, de la danse, des Djs, un bal de cl\u00f4ture, parfois un cin\u00e9-karaok\u00e9, et de nombreuses surprises chaque ann\u00e9e.<\/p>\n<p>[\/et_pb_text][et_pb_image src=\u00a0\u00bbhttps:\/\/festivalsouslestoiles.fr\/2025\/wp-content\/uploads\/2024\/06\/partenaires-scaled.jpg\u00a0\u00bb title_text=\u00a0\u00bbpartenaires\u00a0\u00bb _builder_version=\u00a0\u00bb4.25.2&Prime; _module_preset=\u00a0\u00bbdefault\u00a0\u00bb global_colors_info=\u00a0\u00bb{}\u00a0\u00bb][\/et_pb_image][\/et_pb_column][\/et_pb_row][\/et_pb_section]<\/p>\n","protected":false},"excerpt":{"rendered":"<p>Du lundi 7 juillet au vendredi 11 juillet 2025. Horaires: Tous les jours \u00e0 partir de 17H au hameau de Sourbins. Entr\u00e9e libre et gratuite (possibilit\u00e9 de soutenir le festival en devenant adh\u00e9rent.e \u00e0 partir de 5 \u20ac).N&rsquo;oubliez pas vos couvertures et vos transats, les nuits sont parfois fraiches ! ATTENTION EN CAS D&rsquo;INTEMP\u00c9RIES ( [&hellip;]<\/p>\n","protected":false},"author":2,"featured_media":245,"parent":0,"menu_order":0,"comment_status":"open","ping_status":"closed","template":"","meta":{"_et_pb_use_builder":"on","_et_pb_old_content":"<span style=\"color: #993300;\">Du lundi 8 juillet au vendredi 12 juillet 2024.<\/span>\n\n<strong>Horaires:<\/strong> Tous les jours \u00e0 partir de 17H au hameau de Sourbins avec le Village des enfants sur le site.\n\nProjections de films faits par les enfants \u00e0 la salle des f\u00eates de Najac : mardi, mercredi et jeudi \u00e0 11h.\n\nPossibilit\u00e9 de manger \u00e0 la salle des f\u00eates \u00e0 13h le mardi, mercredi et jeudi.\n\n<strong>Entr\u00e9e libre et gratuite<\/strong> (possibilit\u00e9 de soutenir le festival en devenant adh\u00e9rent.e \u00e0 partir de 5 \u20ac).\nN'oubliez pas vos couvertures et vos transats, les nuits sont parfois fraiches !\n\n<span style=\"color: #ff0000;\">ATTENTION EN CAS D'INTEMP\u00c9RIES ( PLUIES, VENT FORT) NOUS SERONS DANS L'OBLIGATION D'ANNULER LES S\u00c9ANCES, SANS POSSIBILIT\u00c9 DE REPLI A L\u2019INT\u00c9RIEUR<\/span>\n\n<span style=\"color: #339966;\">Restauration sur place<\/span>\n\nPossibilit\u00e9 de camper sur place au <a href=\"http:\/\/campingdesetoiles12@gmail.com\" target=\"_blank\" rel=\"noopener\">camping des \u00e9toiles<\/a>\u00a0\u00a0sur r\u00e9servation uniquement\n\nPour tous renseignements sur l'h\u00e9bergement et la restauration: 06 22 03 00 69 aupr\u00e8s de Sylvie.\n\nPour tout autre renseignement :\u00a0 <a href=\"mailto:festivalsouslestoiles@gmail.com\">festivalsouslestoiles@gmail.com\u00a0<\/a>","_et_gb_content_width":"","footnotes":""},"class_list":["post-78","page","type-page","status-publish","has-post-thumbnail","hentry"],"yoast_head":"<!-- This site is optimized with the Yoast SEO plugin v27.4 - https:\/\/yoast.com\/product\/yoast-seo-wordpress\/ -->\n<title>INFOS PRATIQUES - FESTIVAL SOUS LES TOILES DE NAJAC<\/title>\n<meta name=\"robots\" content=\"noindex, follow, max-snippet:-1, max-image-preview:large, max-video-preview:-1\" \/>\n<meta property=\"og:locale\" content=\"fr_FR\" \/>\n<meta property=\"og:type\" content=\"article\" \/>\n<meta property=\"og:title\" content=\"INFOS PRATIQUES - FESTIVAL SOUS LES TOILES DE NAJAC\" \/>\n<meta property=\"og:description\" content=\"Du lundi 7 juillet au vendredi 11 juillet 2025. Horaires: Tous les jours \u00e0 partir de 17H au hameau de Sourbins. Entr\u00e9e libre et gratuite (possibilit\u00e9 de soutenir le festival en devenant adh\u00e9rent.e \u00e0 partir de 5 \u20ac).N&#039;oubliez pas vos couvertures et vos transats, les nuits sont parfois fraiches ! ATTENTION EN CAS D&#039;INTEMP\u00c9RIES ( [&hellip;]\" \/>\n<meta property=\"og:url\" content=\"https:\/\/festivalsouslestoiles.fr\/2025\/infos-pratiques\/\" \/>\n<meta property=\"og:site_name\" content=\"FESTIVAL SOUS LES TOILES DE NAJAC\" \/>\n<meta property=\"article:modified_time\" content=\"2025-04-29T12:19:58+00:00\" \/>\n<meta name=\"twitter:card\" content=\"summary_large_image\" \/>\n<meta name=\"twitter:label1\" content=\"Dur\u00e9e de lecture estim\u00e9e\" \/>\n\t<meta name=\"twitter:data1\" content=\"1 minute\" \/>\n<script type=\"application\/ld+json\" class=\"yoast-schema-graph\">{\"@context\":\"https:\\\/\\\/schema.org\",\"@graph\":[{\"@type\":\"WebPage\",\"@id\":\"https:\\\/\\\/festivalsouslestoiles.fr\\\/2025\\\/infos-pratiques\\\/\",\"url\":\"https:\\\/\\\/festivalsouslestoiles.fr\\\/2025\\\/infos-pratiques\\\/\",\"name\":\"INFOS PRATIQUES - FESTIVAL SOUS LES TOILES DE NAJAC\",\"isPartOf\":{\"@id\":\"https:\\\/\\\/festivalsouslestoiles.fr\\\/2025\\\/#website\"},\"primaryImageOfPage\":{\"@id\":\"https:\\\/\\\/festivalsouslestoiles.fr\\\/2025\\\/infos-pratiques\\\/#primaryimage\"},\"image\":{\"@id\":\"https:\\\/\\\/festivalsouslestoiles.fr\\\/2025\\\/infos-pratiques\\\/#primaryimage\"},\"thumbnailUrl\":\"\",\"datePublished\":\"2014-06-15T21:18:10+00:00\",\"dateModified\":\"2025-04-29T12:19:58+00:00\",\"breadcrumb\":{\"@id\":\"https:\\\/\\\/festivalsouslestoiles.fr\\\/2025\\\/infos-pratiques\\\/#breadcrumb\"},\"inLanguage\":\"fr-FR\",\"potentialAction\":[{\"@type\":\"ReadAction\",\"target\":[\"https:\\\/\\\/festivalsouslestoiles.fr\\\/2025\\\/infos-pratiques\\\/\"]}]},{\"@type\":\"ImageObject\",\"inLanguage\":\"fr-FR\",\"@id\":\"https:\\\/\\\/festivalsouslestoiles.fr\\\/2025\\\/infos-pratiques\\\/#primaryimage\",\"url\":\"\",\"contentUrl\":\"\"},{\"@type\":\"BreadcrumbList\",\"@id\":\"https:\\\/\\\/festivalsouslestoiles.fr\\\/2025\\\/infos-pratiques\\\/#breadcrumb\",\"itemListElement\":[{\"@type\":\"ListItem\",\"position\":1,\"name\":\"Accueil\",\"item\":\"https:\\\/\\\/festivalsouslestoiles.fr\\\/2025\\\/\"},{\"@type\":\"ListItem\",\"position\":2,\"name\":\"INFOS PRATIQUES\"}]},{\"@type\":\"WebSite\",\"@id\":\"https:\\\/\\\/festivalsouslestoiles.fr\\\/2025\\\/#website\",\"url\":\"https:\\\/\\\/festivalsouslestoiles.fr\\\/2025\\\/\",\"name\":\"FESTIVAL SOUS LES TOILES DE NAJAC\",\"description\":\"Cin\u00e9ma de plein air \\\/ Documentaire sonore \\\/ concert \\\/ th\u00e9\u00e2tre\u2026\",\"potentialAction\":[{\"@type\":\"SearchAction\",\"target\":{\"@type\":\"EntryPoint\",\"urlTemplate\":\"https:\\\/\\\/festivalsouslestoiles.fr\\\/2025\\\/?s={search_term_string}\"},\"query-input\":{\"@type\":\"PropertyValueSpecification\",\"valueRequired\":true,\"valueName\":\"search_term_string\"}}],\"inLanguage\":\"fr-FR\"}]}<\/script>\n<!-- \/ Yoast SEO plugin. -->","yoast_head_json":{"title":"INFOS PRATIQUES - FESTIVAL SOUS LES TOILES DE NAJAC","robots":{"index":"noindex","follow":"follow","max-snippet":"max-snippet:-1","max-image-preview":"max-image-preview:large","max-video-preview":"max-video-preview:-1"},"og_locale":"fr_FR","og_type":"article","og_title":"INFOS PRATIQUES - FESTIVAL SOUS LES TOILES DE NAJAC","og_description":"Du lundi 7 juillet au vendredi 11 juillet 2025. Horaires: Tous les jours \u00e0 partir de 17H au hameau de Sourbins. Entr\u00e9e libre et gratuite (possibilit\u00e9 de soutenir le festival en devenant adh\u00e9rent.e \u00e0 partir de 5 \u20ac).N'oubliez pas vos couvertures et vos transats, les nuits sont parfois fraiches ! ATTENTION EN CAS D'INTEMP\u00c9RIES ( [&hellip;]","og_url":"https:\/\/festivalsouslestoiles.fr\/2025\/infos-pratiques\/","og_site_name":"FESTIVAL SOUS LES TOILES DE NAJAC","article_modified_time":"2025-04-29T12:19:58+00:00","twitter_card":"summary_large_image","twitter_misc":{"Dur\u00e9e de lecture estim\u00e9e":"1 minute"},"schema":{"@context":"https:\/\/schema.org","@graph":[{"@type":"WebPage","@id":"https:\/\/festivalsouslestoiles.fr\/2025\/infos-pratiques\/","url":"https:\/\/festivalsouslestoiles.fr\/2025\/infos-pratiques\/","name":"INFOS PRATIQUES - FESTIVAL SOUS LES TOILES DE NAJAC","isPartOf":{"@id":"https:\/\/festivalsouslestoiles.fr\/2025\/#website"},"primaryImageOfPage":{"@id":"https:\/\/festivalsouslestoiles.fr\/2025\/infos-pratiques\/#primaryimage"},"image":{"@id":"https:\/\/festivalsouslestoiles.fr\/2025\/infos-pratiques\/#primaryimage"},"thumbnailUrl":"","datePublished":"2014-06-15T21:18:10+00:00","dateModified":"2025-04-29T12:19:58+00:00","breadcrumb":{"@id":"https:\/\/festivalsouslestoiles.fr\/2025\/infos-pratiques\/#breadcrumb"},"inLanguage":"fr-FR","potentialAction":[{"@type":"ReadAction","target":["https:\/\/festivalsouslestoiles.fr\/2025\/infos-pratiques\/"]}]},{"@type":"ImageObject","inLanguage":"fr-FR","@id":"https:\/\/festivalsouslestoiles.fr\/2025\/infos-pratiques\/#primaryimage","url":"","contentUrl":""},{"@type":"BreadcrumbList","@id":"https:\/\/festivalsouslestoiles.fr\/2025\/infos-pratiques\/#breadcrumb","itemListElement":[{"@type":"ListItem","position":1,"name":"Accueil","item":"https:\/\/festivalsouslestoiles.fr\/2025\/"},{"@type":"ListItem","position":2,"name":"INFOS PRATIQUES"}]},{"@type":"WebSite","@id":"https:\/\/festivalsouslestoiles.fr\/2025\/#website","url":"https:\/\/festivalsouslestoiles.fr\/2025\/","name":"FESTIVAL SOUS LES TOILES DE NAJAC","description":"Cin\u00e9ma de plein air \/ Documentaire sonore \/ concert \/ th\u00e9\u00e2tre\u2026","potentialAction":[{"@type":"SearchAction","target":{"@type":"EntryPoint","urlTemplate":"https:\/\/festivalsouslestoiles.fr\/2025\/?s={search_term_string}"},"query-input":{"@type":"PropertyValueSpecification","valueRequired":true,"valueName":"search_term_string"}}],"inLanguage":"fr-FR"}]}},"_links":{"self":[{"href":"https:\/\/festivalsouslestoiles.fr\/2025\/wp-json\/wp\/v2\/pages\/78","targetHints":{"allow":["GET"]}}],"collection":[{"href":"https:\/\/festivalsouslestoiles.fr\/2025\/wp-json\/wp\/v2\/pages"}],"about":[{"href":"https:\/\/festivalsouslestoiles.fr\/2025\/wp-json\/wp\/v2\/types\/page"}],"author":[{"embeddable":true,"href":"https:\/\/festivalsouslestoiles.fr\/2025\/wp-json\/wp\/v2\/users\/2"}],"replies":[{"embeddable":true,"href":"https:\/\/festivalsouslestoiles.fr\/2025\/wp-json\/wp\/v2\/comments?post=78"}],"version-history":[{"count":17,"href":"https:\/\/festivalsouslestoiles.fr\/2025\/wp-json\/wp\/v2\/pages\/78\/revisions"}],"predecessor-version":[{"id":1358,"href":"https:\/\/festivalsouslestoiles.fr\/2025\/wp-json\/wp\/v2\/pages\/78\/revisions\/1358"}],"wp:featuredmedia":[{"embeddable":true,"href":"https:\/\/festivalsouslestoiles.fr\/2025\/wp-json\/"}],"wp:attachment":[{"href":"https:\/\/festivalsouslestoiles.fr\/2025\/wp-json\/wp\/v2\/media?parent=78"}],"curies":[{"name":"wp","href":"https:\/\/api.w.org\/{rel}","templated":true}]}}