{"id":84,"date":"2014-06-15T21:22:29","date_gmt":"2014-06-15T21:22:29","guid":{"rendered":"http:\/\/festivaldenajac.wordpress.com\/?page_id=39"},"modified":"2024-06-20T19:44:32","modified_gmt":"2024-06-20T19:44:32","slug":"lequipe","status":"publish","type":"page","link":"https:\/\/festivalsouslestoiles.fr\/2025\/lequipe\/","title":{"rendered":"L&rsquo;\u00e9quipe"},"content":{"rendered":"<p>[et_pb_section fb_built=\u00a0\u00bb1&Prime; _builder_version=\u00a0\u00bb4.16&Prime; global_colors_info=\u00a0\u00bb{}\u00a0\u00bb][et_pb_row _builder_version=\u00a0\u00bb4.16&Prime; background_size=\u00a0\u00bbinitial\u00a0\u00bb background_position=\u00a0\u00bbtop_left\u00a0\u00bb background_repeat=\u00a0\u00bbrepeat\u00a0\u00bb global_colors_info=\u00a0\u00bb{}\u00a0\u00bb][et_pb_column type=\u00a0\u00bb4_4&Prime; _builder_version=\u00a0\u00bb4.16&Prime; custom_padding=\u00a0\u00bb|||\u00a0\u00bb global_colors_info=\u00a0\u00bb{}\u00a0\u00bb custom_padding__hover=\u00a0\u00bb|||\u00a0\u00bb][et_pb_text _builder_version=\u00a0\u00bb4.25.2&Prime; background_size=\u00a0\u00bbinitial\u00a0\u00bb background_position=\u00a0\u00bbtop_left\u00a0\u00bb background_repeat=\u00a0\u00bbrepeat\u00a0\u00bb global_colors_info=\u00a0\u00bb{}\u00a0\u00bb]<\/p>\n<h1>\u00a0L&rsquo;\u00e9quipe<\/h1>\n<p>Le festival se pr\u00e9pare avec une \u00e9quipe assez restreinte pendant de longs mois avant le d\u00e9but des festivit\u00e9s puis nous sommes rejoints par une \u00e9quipe motiv\u00e9e, souriante et b\u00e9n\u00e9vole :<\/p>\n<p>Pour nous contacter et devenir b\u00e9n\u00e9vole : <a href=\"mailto:festivalsouslestoiles@gmail.com\">festivalsouslestoiles@gmail.com<\/a><\/p>\n<p>[\/et_pb_text][\/et_pb_column][\/et_pb_row][\/et_pb_section]<\/p>\n","protected":false},"excerpt":{"rendered":"<p>\u00a0L&rsquo;\u00e9quipe Le festival se pr\u00e9pare avec une \u00e9quipe assez restreinte pendant de longs mois avant le d\u00e9but des festivit\u00e9s puis nous sommes rejoints par une \u00e9quipe motiv\u00e9e, souriante et b\u00e9n\u00e9vole : Pour nous contacter et devenir b\u00e9n\u00e9vole : festivalsouslestoiles@gmail.com<\/p>\n","protected":false},"author":2,"featured_media":137,"parent":0,"menu_order":0,"comment_status":"open","ping_status":"closed","template":"","meta":{"_et_pb_use_builder":"on","_et_pb_old_content":"Le festival se pr\u00e9pare avec une \u00e9quipe assez restreinte pendant de longs mois avant le d\u00e9but des festivit\u00e9s puis nous sommes rejoints par une \u00e9quipe motiv\u00e9e, souriante et b\u00e9n\u00e9vole :\n<img class=\"alignnone size-full wp-image-568\" src=\"https:\/\/festivalsouslestoiles.fr\/2025\/wp-content\/uploads\/2018\/07\/capture-d_ecc81cran-2018-07-08-acc80-22-42-09.png\" alt=\"Capture d\u2019\u00e9cran 2018-07-08 \u00e0 22.42.09.png\" width=\"1612\" height=\"1076\" \/>\n\nphoto de 2018\n\n<img class=\"alignnone size-full wp-image-535\" src=\"https:\/\/festivalsouslestoiles.fr\/2025\/wp-content\/uploads\/2018\/06\/prep-festival-2018-1.jpg\" alt=\"Prep Festival 2018 (1).JPG\" width=\"6016\" height=\"4016\" \/>\n\n(photos de l'\u00e9quipe en 2018)\n\nPour nous contacter et devenir b\u00e9n\u00e9vole : <a href=\"mailto:festivalsouslestoiles@gmail.com\">festivalsouslestoiles@gmail.com<\/a>","_et_gb_content_width":"","footnotes":""},"class_list":["post-84","page","type-page","status-publish","has-post-thumbnail","hentry"],"yoast_head":"<!-- This site is optimized with the Yoast SEO plugin v27.4 - https:\/\/yoast.com\/product\/yoast-seo-wordpress\/ -->\n<title>L&#039;\u00e9quipe - FESTIVAL SOUS LES TOILES DE NAJAC<\/title>\n<meta name=\"robots\" content=\"noindex, follow, max-snippet:-1, max-image-preview:large, max-video-preview:-1\" \/>\n<meta property=\"og:locale\" content=\"fr_FR\" \/>\n<meta property=\"og:type\" content=\"article\" \/>\n<meta property=\"og:title\" content=\"L&#039;\u00e9quipe - FESTIVAL SOUS LES TOILES DE NAJAC\" \/>\n<meta property=\"og:description\" content=\"\u00a0L&#039;\u00e9quipe Le festival se pr\u00e9pare avec une \u00e9quipe assez restreinte pendant de longs mois avant le d\u00e9but des festivit\u00e9s puis nous sommes rejoints par une \u00e9quipe motiv\u00e9e, souriante et b\u00e9n\u00e9vole : Pour nous contacter et devenir b\u00e9n\u00e9vole : festivalsouslestoiles@gmail.com\" \/>\n<meta property=\"og:url\" content=\"https:\/\/festivalsouslestoiles.fr\/2025\/lequipe\/\" \/>\n<meta property=\"og:site_name\" content=\"FESTIVAL SOUS LES TOILES DE NAJAC\" \/>\n<meta property=\"article:modified_time\" content=\"2024-06-20T19:44:32+00:00\" \/>\n<meta name=\"twitter:card\" content=\"summary_large_image\" \/>\n<meta name=\"twitter:label1\" content=\"Dur\u00e9e de lecture estim\u00e9e\" \/>\n\t<meta name=\"twitter:data1\" content=\"1 minute\" \/>\n<script type=\"application\/ld+json\" class=\"yoast-schema-graph\">{\"@context\":\"https:\\\/\\\/schema.org\",\"@graph\":[{\"@type\":\"WebPage\",\"@id\":\"https:\\\/\\\/festivalsouslestoiles.fr\\\/2025\\\/lequipe\\\/\",\"url\":\"https:\\\/\\\/festivalsouslestoiles.fr\\\/2025\\\/lequipe\\\/\",\"name\":\"L'\u00e9quipe - FESTIVAL SOUS LES TOILES DE NAJAC\",\"isPartOf\":{\"@id\":\"https:\\\/\\\/festivalsouslestoiles.fr\\\/2025\\\/#website\"},\"primaryImageOfPage\":{\"@id\":\"https:\\\/\\\/festivalsouslestoiles.fr\\\/2025\\\/lequipe\\\/#primaryimage\"},\"image\":{\"@id\":\"https:\\\/\\\/festivalsouslestoiles.fr\\\/2025\\\/lequipe\\\/#primaryimage\"},\"thumbnailUrl\":\"\",\"datePublished\":\"2014-06-15T21:22:29+00:00\",\"dateModified\":\"2024-06-20T19:44:32+00:00\",\"breadcrumb\":{\"@id\":\"https:\\\/\\\/festivalsouslestoiles.fr\\\/2025\\\/lequipe\\\/#breadcrumb\"},\"inLanguage\":\"fr-FR\",\"potentialAction\":[{\"@type\":\"ReadAction\",\"target\":[\"https:\\\/\\\/festivalsouslestoiles.fr\\\/2025\\\/lequipe\\\/\"]}]},{\"@type\":\"ImageObject\",\"inLanguage\":\"fr-FR\",\"@id\":\"https:\\\/\\\/festivalsouslestoiles.fr\\\/2025\\\/lequipe\\\/#primaryimage\",\"url\":\"\",\"contentUrl\":\"\"},{\"@type\":\"BreadcrumbList\",\"@id\":\"https:\\\/\\\/festivalsouslestoiles.fr\\\/2025\\\/lequipe\\\/#breadcrumb\",\"itemListElement\":[{\"@type\":\"ListItem\",\"position\":1,\"name\":\"Accueil\",\"item\":\"https:\\\/\\\/festivalsouslestoiles.fr\\\/2025\\\/\"},{\"@type\":\"ListItem\",\"position\":2,\"name\":\"L&rsquo;\u00e9quipe\"}]},{\"@type\":\"WebSite\",\"@id\":\"https:\\\/\\\/festivalsouslestoiles.fr\\\/2025\\\/#website\",\"url\":\"https:\\\/\\\/festivalsouslestoiles.fr\\\/2025\\\/\",\"name\":\"FESTIVAL SOUS LES TOILES DE NAJAC\",\"description\":\"Cin\u00e9ma de plein air \\\/ Documentaire sonore \\\/ concert \\\/ th\u00e9\u00e2tre\u2026\",\"potentialAction\":[{\"@type\":\"SearchAction\",\"target\":{\"@type\":\"EntryPoint\",\"urlTemplate\":\"https:\\\/\\\/festivalsouslestoiles.fr\\\/2025\\\/?s={search_term_string}\"},\"query-input\":{\"@type\":\"PropertyValueSpecification\",\"valueRequired\":true,\"valueName\":\"search_term_string\"}}],\"inLanguage\":\"fr-FR\"}]}<\/script>\n<!-- \/ Yoast SEO plugin. -->","yoast_head_json":{"title":"L'\u00e9quipe - FESTIVAL SOUS LES TOILES DE NAJAC","robots":{"index":"noindex","follow":"follow","max-snippet":"max-snippet:-1","max-image-preview":"max-image-preview:large","max-video-preview":"max-video-preview:-1"},"og_locale":"fr_FR","og_type":"article","og_title":"L'\u00e9quipe - FESTIVAL SOUS LES TOILES DE NAJAC","og_description":"\u00a0L'\u00e9quipe Le festival se pr\u00e9pare avec une \u00e9quipe assez restreinte pendant de longs mois avant le d\u00e9but des festivit\u00e9s puis nous sommes rejoints par une \u00e9quipe motiv\u00e9e, souriante et b\u00e9n\u00e9vole : Pour nous contacter et devenir b\u00e9n\u00e9vole : festivalsouslestoiles@gmail.com","og_url":"https:\/\/festivalsouslestoiles.fr\/2025\/lequipe\/","og_site_name":"FESTIVAL SOUS LES TOILES DE NAJAC","article_modified_time":"2024-06-20T19:44:32+00:00","twitter_card":"summary_large_image","twitter_misc":{"Dur\u00e9e de lecture estim\u00e9e":"1 minute"},"schema":{"@context":"https:\/\/schema.org","@graph":[{"@type":"WebPage","@id":"https:\/\/festivalsouslestoiles.fr\/2025\/lequipe\/","url":"https:\/\/festivalsouslestoiles.fr\/2025\/lequipe\/","name":"L'\u00e9quipe - FESTIVAL SOUS LES TOILES DE NAJAC","isPartOf":{"@id":"https:\/\/festivalsouslestoiles.fr\/2025\/#website"},"primaryImageOfPage":{"@id":"https:\/\/festivalsouslestoiles.fr\/2025\/lequipe\/#primaryimage"},"image":{"@id":"https:\/\/festivalsouslestoiles.fr\/2025\/lequipe\/#primaryimage"},"thumbnailUrl":"","datePublished":"2014-06-15T21:22:29+00:00","dateModified":"2024-06-20T19:44:32+00:00","breadcrumb":{"@id":"https:\/\/festivalsouslestoiles.fr\/2025\/lequipe\/#breadcrumb"},"inLanguage":"fr-FR","potentialAction":[{"@type":"ReadAction","target":["https:\/\/festivalsouslestoiles.fr\/2025\/lequipe\/"]}]},{"@type":"ImageObject","inLanguage":"fr-FR","@id":"https:\/\/festivalsouslestoiles.fr\/2025\/lequipe\/#primaryimage","url":"","contentUrl":""},{"@type":"BreadcrumbList","@id":"https:\/\/festivalsouslestoiles.fr\/2025\/lequipe\/#breadcrumb","itemListElement":[{"@type":"ListItem","position":1,"name":"Accueil","item":"https:\/\/festivalsouslestoiles.fr\/2025\/"},{"@type":"ListItem","position":2,"name":"L&rsquo;\u00e9quipe"}]},{"@type":"WebSite","@id":"https:\/\/festivalsouslestoiles.fr\/2025\/#website","url":"https:\/\/festivalsouslestoiles.fr\/2025\/","name":"FESTIVAL SOUS LES TOILES DE NAJAC","description":"Cin\u00e9ma de plein air \/ Documentaire sonore \/ concert \/ th\u00e9\u00e2tre\u2026","potentialAction":[{"@type":"SearchAction","target":{"@type":"EntryPoint","urlTemplate":"https:\/\/festivalsouslestoiles.fr\/2025\/?s={search_term_string}"},"query-input":{"@type":"PropertyValueSpecification","valueRequired":true,"valueName":"search_term_string"}}],"inLanguage":"fr-FR"}]}},"_links":{"self":[{"href":"https:\/\/festivalsouslestoiles.fr\/2025\/wp-json\/wp\/v2\/pages\/84","targetHints":{"allow":["GET"]}}],"collection":[{"href":"https:\/\/festivalsouslestoiles.fr\/2025\/wp-json\/wp\/v2\/pages"}],"about":[{"href":"https:\/\/festivalsouslestoiles.fr\/2025\/wp-json\/wp\/v2\/types\/page"}],"author":[{"embeddable":true,"href":"https:\/\/festivalsouslestoiles.fr\/2025\/wp-json\/wp\/v2\/users\/2"}],"replies":[{"embeddable":true,"href":"https:\/\/festivalsouslestoiles.fr\/2025\/wp-json\/wp\/v2\/comments?post=84"}],"version-history":[{"count":4,"href":"https:\/\/festivalsouslestoiles.fr\/2025\/wp-json\/wp\/v2\/pages\/84\/revisions"}],"predecessor-version":[{"id":1103,"href":"https:\/\/festivalsouslestoiles.fr\/2025\/wp-json\/wp\/v2\/pages\/84\/revisions\/1103"}],"wp:featuredmedia":[{"embeddable":true,"href":"https:\/\/festivalsouslestoiles.fr\/2025\/wp-json\/"}],"wp:attachment":[{"href":"https:\/\/festivalsouslestoiles.fr\/2025\/wp-json\/wp\/v2\/media?parent=84"}],"curies":[{"name":"wp","href":"https:\/\/api.w.org\/{rel}","templated":true}]}}